{"id":511,"date":"2014-08-05T12:26:21","date_gmt":"2014-08-05T09:26:21","guid":{"rendered":"https:\/\/servicecheck.dive-group.com\/?page_id=511"},"modified":"2025-03-19T11:18:55","modified_gmt":"2025-03-19T09:18:55","slug":"slaptu-pirkeju-tyrimas","status":"publish","type":"page","link":"https:\/\/servicecheck.ee\/lt\/paslaugos\/slaptu-pirkeju-tyrimas\/","title":{"rendered":"Slapt\u0173 pirk\u0117j\u0173 tyrimas"},"content":{"rendered":"<p><strong>Slapt\u0173 pirk\u0117j\u0173 tyrimas<\/strong> tai populiarus metodas, galintis \u012fvertinti vartotoj\u0173 aptarnavimo kokyb\u0119. Taikant \u0161\u012f metod\u0105 slaptasis pirk\u0117jas \u012fsitraukia kaip \u012fprastas klientas ir atlieka veiksmus, kuriuos nustato u\u017esakovas ir slapt\u0173 pirkim\u0173 \u012fmon\u0117.<\/p>\n<p><a href=\"https:\/\/servicecheck.dive-group.com\/wp-content\/uploads\/2014\/05\/Mystery-shopping.jpg\"><img loading=\"lazy\" decoding=\"async\" class=\"alignright wp-image-283 size-medium\" src=\"https:\/\/servicecheck.dive-group.com\/wp-content\/uploads\/2014\/05\/Mystery-shopping-300x199.jpg\" alt=\" Mystery shopping\" width=\"300\" height=\"199\" srcset=\"https:\/\/servicecheck.ee\/wp-content\/uploads\/2014\/05\/Mystery-shopping-300x199.jpg 300w, https:\/\/servicecheck.ee\/wp-content\/uploads\/2014\/05\/Mystery-shopping.jpg 849w\" sizes=\"auto, (max-width: 300px) 100vw, 300px\" \/><\/a><\/p>\n<p>Su slapto apsipirkimo tyrimu j\u016bs\u0173 \u012fmon\u0117 gaus <strong>vartotoj\u0173 aptarnavimo kokyb\u0117s ap\u017evalg\u0105<\/strong>, kurios d\u0117ka gal\u0117site \u012fvertinti kaip j\u016bs\u0173 \u012fmon\u0117s <strong>vartotoj\u0173 aptarnavimo standartas<\/strong> <strong>yra realiai \u012fgyvendinamas<\/strong>.\u00a0 Vykdant slaptus apsipirkimus j\u016bs\u0173 \u012fmon\u0117 turi galimyb\u0119 palyginti gautus rezultatus su konkurent\u0173 gautais rezultatais; steb\u0117ti ir \u012fvertinti kokiais aspektais savo paslaugas gal\u0117tum\u0117te patobulinti ir taip pat kaip <strong>skatinti ir mokyti darbuotojus tikslingai<\/strong>. Darbuotojai gaus asmeninius savo darbo \u012fvertinimus, kuri\u0173 d\u0117ka jie gal\u0117s i\u0161taisyti savo klaidas ir nuolat tobul\u0117ti j\u016bs\u0173 klientams teikiamame aptarnavime.<\/p>\n<h2>Geras vartotoj\u0173 aptarnavimas tai\u2026<\/h2>\n<ul>\n<li><strong>Galimyb\u0117 i\u0161siskirti tarp konkurent\u0173<\/strong>. Daugelis \u012fmoni\u0173 prekiauja beveik identi\u0161kais produktais ir teikia pana\u0161ias paslaugas, b\u016btent tod\u0117l vartotojai vis daugiau atsi\u017evelgia \u012f aptarnavim\u0105 kuomet jie renkasi patinkan\u010di\u0105 \u012fmon\u0119.<\/li>\n<li><strong>Pardavim\u0173 gerinimas<\/strong>. Statistika rodo, kad vartotojai yra link\u0119 i\u0161leisti 8-22% vir\u0161 vidutin\u0117s pirkinio sumos kuomet aptarnavimas yra malonus.<\/li>\n<li><strong>Pastovi\u0173 klient\u0173 didinimas<\/strong>. Pastov\u016bs klientai noriai gr\u012f\u017eta \u012f j\u016bs\u0173 \u012fmon\u0119 ir tai ma\u017eina vartotoj\u0173 pritraukimo ka\u0161tus.<\/li>\n<li><strong>Geresn\u0117 darbo aplinka<\/strong>. Patenkinti vartotojai pagerins darbuotoj\u0173 nuotaik\u0105 ir taip bus generuojama puiki atmosfera \u012fmon\u0117je.<\/li>\n<li><strong>Nemokama \u012fmon\u0117s reklama<\/strong>.\u00a0 Vartotojai taps j\u016bs\u0173 \u012fmon\u0117s reklamos ne\u0161iotojais, jie pasidalins savo gera aptarnavimo patirtimi su savo draugais, \u0161eimos nariais ir kolegomis.<\/li>\n<\/ul>\n","protected":false},"excerpt":{"rendered":"<p>Slapt\u0173 pirk\u0117j\u0173 tyrimas tai populiarus metodas, galintis \u012fvertinti vartotoj\u0173 aptarnavimo kokyb\u0119. Taikant \u0161\u012f metod\u0105 slaptasis pirk\u0117jas \u012fsitraukia kaip \u012fprastas klientas ir atlieka veiksmus, kuriuos nustato u\u017esakovas ir slapt\u0173 pirkim\u0173 \u012fmon\u0117. Su slapto apsipirkimo tyrimu j\u016bs\u0173 \u012fmon\u0117 gaus vartotoj\u0173 aptarnavimo kokyb\u0117s ap\u017evalg\u0105, kurios d\u0117ka gal\u0117site \u012fvertinti kaip j\u016bs\u0173 \u012fmon\u0117s vartotoj\u0173 aptarnavimo&#8230;<\/p>\n","protected":false},"author":1,"featured_media":0,"parent":508,"menu_order":0,"comment_status":"closed","ping_status":"open","template":"","meta":{"_crdt_document":"","footnotes":""},"class_list":["post-511","page","type-page","status-publish","hentry"],"yoast_head":"<!-- This site is optimized with the Yoast SEO plugin v27.4 - https:\/\/yoast.com\/product\/yoast-seo-wordpress\/ -->\n<title>Slapt\u0173 pirk\u0117j\u0173 tyrimas - Service Check - Mystery Shopping<\/title>\n<meta name=\"description\" content=\"Slapt\u0173 pirk\u0117j\u0173 tyrimas tai populiarus metodas, galintis \u012fvertinti vartotoj\u0173 aptarnavimo kokyb\u0119. Taikant \u0161\u012f metod\u0105 slaptasis pirk\u0117jas \u012fsitraukia kaip\" \/>\n<meta name=\"robots\" content=\"index, follow, max-snippet:-1, max-image-preview:large, max-video-preview:-1\" \/>\n<link rel=\"canonical\" href=\"https:\/\/servicecheck.ee\/lt\/paslaugos\/slaptu-pirkeju-tyrimas\/\" \/>\n<meta property=\"og:locale\" content=\"lt_LT\" \/>\n<meta property=\"og:type\" content=\"article\" \/>\n<meta property=\"og:title\" content=\"Slapt\u0173 pirk\u0117j\u0173 tyrimas - Service Check - Mystery Shopping\" \/>\n<meta property=\"og:description\" content=\"Slapt\u0173 pirk\u0117j\u0173 tyrimas tai populiarus metodas, galintis \u012fvertinti vartotoj\u0173 aptarnavimo kokyb\u0119. Taikant \u0161\u012f metod\u0105 slaptasis pirk\u0117jas \u012fsitraukia kaip\" \/>\n<meta property=\"og:url\" content=\"https:\/\/servicecheck.ee\/lt\/paslaugos\/slaptu-pirkeju-tyrimas\/\" \/>\n<meta property=\"og:site_name\" content=\"Service Check\" \/>\n<meta property=\"article:modified_time\" content=\"2025-03-19T09:18:55+00:00\" \/>\n<meta property=\"og:image\" content=\"https:\/\/servicecheck.ee\/wp-content\/uploads\/2014\/05\/Mystery-shopping.jpg\" \/>\n\t<meta property=\"og:image:width\" content=\"849\" \/>\n\t<meta property=\"og:image:height\" content=\"565\" \/>\n\t<meta property=\"og:image:type\" content=\"image\/jpeg\" \/>\n<meta name=\"twitter:label1\" content=\"Est. reading time\" \/>\n\t<meta name=\"twitter:data1\" content=\"2 minutes\" \/>\n<script type=\"application\/ld+json\" class=\"yoast-schema-graph\">{\"@context\":\"https:\\\/\\\/schema.org\",\"@graph\":[{\"@type\":\"WebPage\",\"@id\":\"https:\\\/\\\/servicecheck.ee\\\/lt\\\/paslaugos\\\/slaptu-pirkeju-tyrimas\\\/\",\"url\":\"https:\\\/\\\/servicecheck.ee\\\/lt\\\/paslaugos\\\/slaptu-pirkeju-tyrimas\\\/\",\"name\":\"Slapt\u0173 pirk\u0117j\u0173 tyrimas - Service Check - Mystery Shopping\",\"isPartOf\":{\"@id\":\"https:\\\/\\\/servicecheck.ee\\\/lt\\\/#website\"},\"primaryImageOfPage\":{\"@id\":\"https:\\\/\\\/servicecheck.ee\\\/lt\\\/paslaugos\\\/slaptu-pirkeju-tyrimas\\\/#primaryimage\"},\"image\":{\"@id\":\"https:\\\/\\\/servicecheck.ee\\\/lt\\\/paslaugos\\\/slaptu-pirkeju-tyrimas\\\/#primaryimage\"},\"thumbnailUrl\":\"https:\\\/\\\/servicecheck.dive-group.com\\\/wp-content\\\/uploads\\\/2014\\\/05\\\/Mystery-shopping-300x199.jpg\",\"datePublished\":\"2014-08-05T09:26:21+00:00\",\"dateModified\":\"2025-03-19T09:18:55+00:00\",\"description\":\"Slapt\u0173 pirk\u0117j\u0173 tyrimas tai populiarus metodas, galintis \u012fvertinti vartotoj\u0173 aptarnavimo kokyb\u0119. Taikant \u0161\u012f metod\u0105 slaptasis pirk\u0117jas \u012fsitraukia kaip\",\"breadcrumb\":{\"@id\":\"https:\\\/\\\/servicecheck.ee\\\/lt\\\/paslaugos\\\/slaptu-pirkeju-tyrimas\\\/#breadcrumb\"},\"inLanguage\":\"lt\",\"potentialAction\":[{\"@type\":\"ReadAction\",\"target\":[\"https:\\\/\\\/servicecheck.ee\\\/lt\\\/paslaugos\\\/slaptu-pirkeju-tyrimas\\\/\"]}]},{\"@type\":\"ImageObject\",\"inLanguage\":\"lt\",\"@id\":\"https:\\\/\\\/servicecheck.ee\\\/lt\\\/paslaugos\\\/slaptu-pirkeju-tyrimas\\\/#primaryimage\",\"url\":\"https:\\\/\\\/servicecheck.dive-group.com\\\/wp-content\\\/uploads\\\/2014\\\/05\\\/Mystery-shopping-300x199.jpg\",\"contentUrl\":\"https:\\\/\\\/servicecheck.dive-group.com\\\/wp-content\\\/uploads\\\/2014\\\/05\\\/Mystery-shopping-300x199.jpg\"},{\"@type\":\"BreadcrumbList\",\"@id\":\"https:\\\/\\\/servicecheck.ee\\\/lt\\\/paslaugos\\\/slaptu-pirkeju-tyrimas\\\/#breadcrumb\",\"itemListElement\":[{\"@type\":\"ListItem\",\"position\":1,\"name\":\"Home\",\"item\":\"https:\\\/\\\/servicecheck.ee\\\/lt\\\/\"},{\"@type\":\"ListItem\",\"position\":2,\"name\":\"Paslaugos\",\"item\":\"https:\\\/\\\/servicecheck.ee\\\/lt\\\/paslaugos\\\/\"},{\"@type\":\"ListItem\",\"position\":3,\"name\":\"Slapt\u0173 pirk\u0117j\u0173 tyrimas\"}]},{\"@type\":\"WebSite\",\"@id\":\"https:\\\/\\\/servicecheck.ee\\\/lt\\\/#website\",\"url\":\"https:\\\/\\\/servicecheck.ee\\\/lt\\\/\",\"name\":\"Service Check\",\"description\":\"Part of Dive\",\"potentialAction\":[{\"@type\":\"SearchAction\",\"target\":{\"@type\":\"EntryPoint\",\"urlTemplate\":\"https:\\\/\\\/servicecheck.ee\\\/lt\\\/?s={search_term_string}\"},\"query-input\":{\"@type\":\"PropertyValueSpecification\",\"valueRequired\":true,\"valueName\":\"search_term_string\"}}],\"inLanguage\":\"lt\"}]}<\/script>\n<!-- \/ Yoast SEO plugin. -->","yoast_head_json":{"title":"Slapt\u0173 pirk\u0117j\u0173 tyrimas - Service Check - Mystery Shopping","description":"Slapt\u0173 pirk\u0117j\u0173 tyrimas tai populiarus metodas, galintis \u012fvertinti vartotoj\u0173 aptarnavimo kokyb\u0119. Taikant \u0161\u012f metod\u0105 slaptasis pirk\u0117jas \u012fsitraukia kaip","robots":{"index":"index","follow":"follow","max-snippet":"max-snippet:-1","max-image-preview":"max-image-preview:large","max-video-preview":"max-video-preview:-1"},"canonical":"https:\/\/servicecheck.ee\/lt\/paslaugos\/slaptu-pirkeju-tyrimas\/","og_locale":"lt_LT","og_type":"article","og_title":"Slapt\u0173 pirk\u0117j\u0173 tyrimas - Service Check - Mystery Shopping","og_description":"Slapt\u0173 pirk\u0117j\u0173 tyrimas tai populiarus metodas, galintis \u012fvertinti vartotoj\u0173 aptarnavimo kokyb\u0119. Taikant \u0161\u012f metod\u0105 slaptasis pirk\u0117jas \u012fsitraukia kaip","og_url":"https:\/\/servicecheck.ee\/lt\/paslaugos\/slaptu-pirkeju-tyrimas\/","og_site_name":"Service Check","article_modified_time":"2025-03-19T09:18:55+00:00","og_image":[{"width":849,"height":565,"url":"https:\/\/servicecheck.ee\/wp-content\/uploads\/2014\/05\/Mystery-shopping.jpg","type":"image\/jpeg"}],"twitter_misc":{"Est. reading time":"2 minutes"},"schema":{"@context":"https:\/\/schema.org","@graph":[{"@type":"WebPage","@id":"https:\/\/servicecheck.ee\/lt\/paslaugos\/slaptu-pirkeju-tyrimas\/","url":"https:\/\/servicecheck.ee\/lt\/paslaugos\/slaptu-pirkeju-tyrimas\/","name":"Slapt\u0173 pirk\u0117j\u0173 tyrimas - Service Check - Mystery Shopping","isPartOf":{"@id":"https:\/\/servicecheck.ee\/lt\/#website"},"primaryImageOfPage":{"@id":"https:\/\/servicecheck.ee\/lt\/paslaugos\/slaptu-pirkeju-tyrimas\/#primaryimage"},"image":{"@id":"https:\/\/servicecheck.ee\/lt\/paslaugos\/slaptu-pirkeju-tyrimas\/#primaryimage"},"thumbnailUrl":"https:\/\/servicecheck.dive-group.com\/wp-content\/uploads\/2014\/05\/Mystery-shopping-300x199.jpg","datePublished":"2014-08-05T09:26:21+00:00","dateModified":"2025-03-19T09:18:55+00:00","description":"Slapt\u0173 pirk\u0117j\u0173 tyrimas tai populiarus metodas, galintis \u012fvertinti vartotoj\u0173 aptarnavimo kokyb\u0119. Taikant \u0161\u012f metod\u0105 slaptasis pirk\u0117jas \u012fsitraukia kaip","breadcrumb":{"@id":"https:\/\/servicecheck.ee\/lt\/paslaugos\/slaptu-pirkeju-tyrimas\/#breadcrumb"},"inLanguage":"lt","potentialAction":[{"@type":"ReadAction","target":["https:\/\/servicecheck.ee\/lt\/paslaugos\/slaptu-pirkeju-tyrimas\/"]}]},{"@type":"ImageObject","inLanguage":"lt","@id":"https:\/\/servicecheck.ee\/lt\/paslaugos\/slaptu-pirkeju-tyrimas\/#primaryimage","url":"https:\/\/servicecheck.dive-group.com\/wp-content\/uploads\/2014\/05\/Mystery-shopping-300x199.jpg","contentUrl":"https:\/\/servicecheck.dive-group.com\/wp-content\/uploads\/2014\/05\/Mystery-shopping-300x199.jpg"},{"@type":"BreadcrumbList","@id":"https:\/\/servicecheck.ee\/lt\/paslaugos\/slaptu-pirkeju-tyrimas\/#breadcrumb","itemListElement":[{"@type":"ListItem","position":1,"name":"Home","item":"https:\/\/servicecheck.ee\/lt\/"},{"@type":"ListItem","position":2,"name":"Paslaugos","item":"https:\/\/servicecheck.ee\/lt\/paslaugos\/"},{"@type":"ListItem","position":3,"name":"Slapt\u0173 pirk\u0117j\u0173 tyrimas"}]},{"@type":"WebSite","@id":"https:\/\/servicecheck.ee\/lt\/#website","url":"https:\/\/servicecheck.ee\/lt\/","name":"Service Check","description":"Part of Dive","potentialAction":[{"@type":"SearchAction","target":{"@type":"EntryPoint","urlTemplate":"https:\/\/servicecheck.ee\/lt\/?s={search_term_string}"},"query-input":{"@type":"PropertyValueSpecification","valueRequired":true,"valueName":"search_term_string"}}],"inLanguage":"lt"}]}},"_links":{"self":[{"href":"https:\/\/servicecheck.ee\/lt\/wp-json\/wp\/v2\/pages\/511","targetHints":{"allow":["GET"]}}],"collection":[{"href":"https:\/\/servicecheck.ee\/lt\/wp-json\/wp\/v2\/pages"}],"about":[{"href":"https:\/\/servicecheck.ee\/lt\/wp-json\/wp\/v2\/types\/page"}],"author":[{"embeddable":true,"href":"https:\/\/servicecheck.ee\/lt\/wp-json\/wp\/v2\/users\/1"}],"replies":[{"embeddable":true,"href":"https:\/\/servicecheck.ee\/lt\/wp-json\/wp\/v2\/comments?post=511"}],"version-history":[{"count":1,"href":"https:\/\/servicecheck.ee\/lt\/wp-json\/wp\/v2\/pages\/511\/revisions"}],"predecessor-version":[{"id":512,"href":"https:\/\/servicecheck.ee\/lt\/wp-json\/wp\/v2\/pages\/511\/revisions\/512"}],"up":[{"embeddable":true,"href":"https:\/\/servicecheck.ee\/lt\/wp-json\/wp\/v2\/pages\/508"}],"wp:attachment":[{"href":"https:\/\/servicecheck.ee\/lt\/wp-json\/wp\/v2\/media?parent=511"}],"curies":[{"name":"wp","href":"https:\/\/api.w.org\/{rel}","templated":true}]}}