{"id":513,"date":"2014-08-05T12:29:47","date_gmt":"2014-08-05T09:29:47","guid":{"rendered":"https:\/\/servicecheck.dive-group.com\/?page_id=513"},"modified":"2025-03-19T11:18:59","modified_gmt":"2025-03-19T09:18:59","slug":"musu-paslaugos","status":"publish","type":"page","link":"https:\/\/servicecheck.ee\/lt\/paslaugos\/musu-paslaugos\/","title":{"rendered":"M\u016bs\u0173 paslaugos"},"content":{"rendered":"<p>Mes savo klientams teikiame slaptus apsipirkimus, skambu\u010dius bei el.lai\u0161kus tam, kad b\u016bt\u0173 atitinkamai \u012fvertinta vartotoj\u0173 aptarnavimo kokyb\u0117.\u00a0 Taip pat mes si\u016blome gamintojams ir importuotojams patikrinti ma\u017emenininkus prekiaujan\u010dius j\u0173 produkcija.\u00a0 Mes patariame i\u0161tirti visus j\u016bs\u0173 \u012fmon\u0117s si\u016blomus komunikacijos kanalus, nes da\u017eniausiai skambutis telefonu ar elektroninis lai\u0161kas ir sudaro pirm\u0105j\u012f \u012fsp\u016bd\u012f apie j\u016bs\u0173 \u012fmon\u0119.<\/p>\n<h2><a href=\"https:\/\/servicecheck.dive-group.com\/wp-content\/uploads\/2014\/05\/Meie-teenused.jpg\"><img loading=\"lazy\" decoding=\"async\" class=\"alignright wp-image-285 size-medium\" src=\"https:\/\/servicecheck.dive-group.com\/wp-content\/uploads\/2014\/05\/Meie-teenused-300x199.jpg\" alt=\"Our Services\" width=\"300\" height=\"199\" srcset=\"https:\/\/servicecheck.ee\/wp-content\/uploads\/2014\/05\/Meie-teenused-300x199.jpg 300w, https:\/\/servicecheck.ee\/wp-content\/uploads\/2014\/05\/Meie-teenused.jpg 849w\" sizes=\"auto, (max-width: 300px) 100vw, 300px\" \/><\/a><\/h2>\n<h2><strong>Su<\/strong><strong>\u017einokite daugiau apie m\u016bs\u0173 paslaugas:<\/strong><\/h2>\n<ul>\n<li><a href=\"https:\/\/servicecheck.ee\/lt\/paslaugos\/slaptu-pirkeju-tyrimas\/vertinimas-naudojant-tiesioginius-slaptus-apsilankymus\/\">Vertinimas naudojant tiesioginius slaptus apsilankymus<\/a><\/li>\n<li><a href=\"https:\/\/servicecheck.ee\/lt\/paslaugos\/slaptu-pirkeju-tyrimas\/vertinimas-naudojant-slaptus-skambucius-ir-laiskus\/\">Vertinimas naudojant slaptus skambu\u010dius ir el. lai\u0161kus<\/a><\/li>\n<li><a href=\"https:\/\/servicecheck.ee\/lt\/paslaugos\/slaptu-pirkeju-tyrimas\/mazmenininku-ir-prekybininku-vertinimas\/\">Ma\u017emeninink\u0173 ir prekybinink\u0173 vertinimas<\/a><\/li>\n<\/ul>\n","protected":false},"excerpt":{"rendered":"<p>Mes savo klientams teikiame slaptus apsipirkimus, skambu\u010dius bei el.lai\u0161kus tam, kad b\u016bt\u0173 atitinkamai \u012fvertinta vartotoj\u0173 aptarnavimo kokyb\u0117.\u00a0 Taip pat mes si\u016blome gamintojams ir importuotojams patikrinti ma\u017emenininkus prekiaujan\u010dius j\u0173 produkcija.\u00a0 Mes patariame i\u0161tirti visus j\u016bs\u0173 \u012fmon\u0117s si\u016blomus komunikacijos kanalus, nes da\u017eniausiai skambutis telefonu ar elektroninis lai\u0161kas ir sudaro pirm\u0105j\u012f \u012fsp\u016bd\u012f apie&#8230;<\/p>\n","protected":false},"author":1,"featured_media":0,"parent":508,"menu_order":0,"comment_status":"closed","ping_status":"open","template":"","meta":{"_crdt_document":"","footnotes":""},"class_list":["post-513","page","type-page","status-publish","hentry"],"yoast_head":"<!-- This site is optimized with the Yoast SEO plugin v27.3 - https:\/\/yoast.com\/product\/yoast-seo-wordpress\/ -->\n<title>M\u016bs\u0173 paslaugos - Service Check - Mystery Shopping<\/title>\n<meta name=\"description\" content=\"Mes savo klientams teikiame slaptus apsipirkimus, skambu\u010dius bei el.lai\u0161kus tam, kad b\u016bt\u0173 atitinkamai \u012fvertinta vartotoj\u0173 aptarnavimo kokyb\u0117.\u00a0 Taip pat\" \/>\n<meta name=\"robots\" content=\"index, follow, max-snippet:-1, max-image-preview:large, max-video-preview:-1\" \/>\n<link rel=\"canonical\" href=\"https:\/\/servicecheck.ee\/lt\/paslaugos\/musu-paslaugos\/\" \/>\n<meta property=\"og:locale\" content=\"lt_LT\" \/>\n<meta property=\"og:type\" content=\"article\" \/>\n<meta property=\"og:title\" content=\"M\u016bs\u0173 paslaugos - Service Check - Mystery Shopping\" \/>\n<meta property=\"og:description\" content=\"Mes savo klientams teikiame slaptus apsipirkimus, skambu\u010dius bei el.lai\u0161kus tam, kad b\u016bt\u0173 atitinkamai \u012fvertinta vartotoj\u0173 aptarnavimo kokyb\u0117.\u00a0 Taip pat\" \/>\n<meta property=\"og:url\" content=\"https:\/\/servicecheck.ee\/lt\/paslaugos\/musu-paslaugos\/\" \/>\n<meta property=\"og:site_name\" content=\"Service Check\" \/>\n<meta property=\"article:modified_time\" content=\"2025-03-19T09:18:59+00:00\" \/>\n<meta property=\"og:image\" content=\"https:\/\/servicecheck.ee\/wp-content\/uploads\/2014\/05\/Meie-teenused.jpg\" \/>\n\t<meta property=\"og:image:width\" content=\"849\" \/>\n\t<meta property=\"og:image:height\" content=\"565\" \/>\n\t<meta property=\"og:image:type\" content=\"image\/jpeg\" \/>\n<meta name=\"twitter:label1\" content=\"Est. reading time\" \/>\n\t<meta name=\"twitter:data1\" content=\"1 minute\" \/>\n<script type=\"application\/ld+json\" class=\"yoast-schema-graph\">{\"@context\":\"https:\\\/\\\/schema.org\",\"@graph\":[{\"@type\":\"WebPage\",\"@id\":\"https:\\\/\\\/servicecheck.ee\\\/lt\\\/paslaugos\\\/musu-paslaugos\\\/\",\"url\":\"https:\\\/\\\/servicecheck.ee\\\/lt\\\/paslaugos\\\/musu-paslaugos\\\/\",\"name\":\"M\u016bs\u0173 paslaugos - Service Check - Mystery Shopping\",\"isPartOf\":{\"@id\":\"https:\\\/\\\/servicecheck.ee\\\/lt\\\/#website\"},\"primaryImageOfPage\":{\"@id\":\"https:\\\/\\\/servicecheck.ee\\\/lt\\\/paslaugos\\\/musu-paslaugos\\\/#primaryimage\"},\"image\":{\"@id\":\"https:\\\/\\\/servicecheck.ee\\\/lt\\\/paslaugos\\\/musu-paslaugos\\\/#primaryimage\"},\"thumbnailUrl\":\"https:\\\/\\\/servicecheck.dive-group.com\\\/wp-content\\\/uploads\\\/2014\\\/05\\\/Meie-teenused-300x199.jpg\",\"datePublished\":\"2014-08-05T09:29:47+00:00\",\"dateModified\":\"2025-03-19T09:18:59+00:00\",\"description\":\"Mes savo klientams teikiame slaptus apsipirkimus, skambu\u010dius bei el.lai\u0161kus tam, kad b\u016bt\u0173 atitinkamai \u012fvertinta vartotoj\u0173 aptarnavimo kokyb\u0117.\u00a0 Taip pat\",\"breadcrumb\":{\"@id\":\"https:\\\/\\\/servicecheck.ee\\\/lt\\\/paslaugos\\\/musu-paslaugos\\\/#breadcrumb\"},\"inLanguage\":\"lt\",\"potentialAction\":[{\"@type\":\"ReadAction\",\"target\":[\"https:\\\/\\\/servicecheck.ee\\\/lt\\\/paslaugos\\\/musu-paslaugos\\\/\"]}]},{\"@type\":\"ImageObject\",\"inLanguage\":\"lt\",\"@id\":\"https:\\\/\\\/servicecheck.ee\\\/lt\\\/paslaugos\\\/musu-paslaugos\\\/#primaryimage\",\"url\":\"https:\\\/\\\/servicecheck.dive-group.com\\\/wp-content\\\/uploads\\\/2014\\\/05\\\/Meie-teenused-300x199.jpg\",\"contentUrl\":\"https:\\\/\\\/servicecheck.dive-group.com\\\/wp-content\\\/uploads\\\/2014\\\/05\\\/Meie-teenused-300x199.jpg\"},{\"@type\":\"BreadcrumbList\",\"@id\":\"https:\\\/\\\/servicecheck.ee\\\/lt\\\/paslaugos\\\/musu-paslaugos\\\/#breadcrumb\",\"itemListElement\":[{\"@type\":\"ListItem\",\"position\":1,\"name\":\"Home\",\"item\":\"https:\\\/\\\/servicecheck.ee\\\/lt\\\/\"},{\"@type\":\"ListItem\",\"position\":2,\"name\":\"Paslaugos\",\"item\":\"https:\\\/\\\/servicecheck.ee\\\/lt\\\/paslaugos\\\/\"},{\"@type\":\"ListItem\",\"position\":3,\"name\":\"M\u016bs\u0173 paslaugos\"}]},{\"@type\":\"WebSite\",\"@id\":\"https:\\\/\\\/servicecheck.ee\\\/lt\\\/#website\",\"url\":\"https:\\\/\\\/servicecheck.ee\\\/lt\\\/\",\"name\":\"Service Check\",\"description\":\"Part of Dive\",\"potentialAction\":[{\"@type\":\"SearchAction\",\"target\":{\"@type\":\"EntryPoint\",\"urlTemplate\":\"https:\\\/\\\/servicecheck.ee\\\/lt\\\/?s={search_term_string}\"},\"query-input\":{\"@type\":\"PropertyValueSpecification\",\"valueRequired\":true,\"valueName\":\"search_term_string\"}}],\"inLanguage\":\"lt\"}]}<\/script>\n<!-- \/ Yoast SEO plugin. -->","yoast_head_json":{"title":"M\u016bs\u0173 paslaugos - Service Check - Mystery Shopping","description":"Mes savo klientams teikiame slaptus apsipirkimus, skambu\u010dius bei el.lai\u0161kus tam, kad b\u016bt\u0173 atitinkamai \u012fvertinta vartotoj\u0173 aptarnavimo kokyb\u0117.\u00a0 Taip pat","robots":{"index":"index","follow":"follow","max-snippet":"max-snippet:-1","max-image-preview":"max-image-preview:large","max-video-preview":"max-video-preview:-1"},"canonical":"https:\/\/servicecheck.ee\/lt\/paslaugos\/musu-paslaugos\/","og_locale":"lt_LT","og_type":"article","og_title":"M\u016bs\u0173 paslaugos - Service Check - Mystery Shopping","og_description":"Mes savo klientams teikiame slaptus apsipirkimus, skambu\u010dius bei el.lai\u0161kus tam, kad b\u016bt\u0173 atitinkamai \u012fvertinta vartotoj\u0173 aptarnavimo kokyb\u0117.\u00a0 Taip pat","og_url":"https:\/\/servicecheck.ee\/lt\/paslaugos\/musu-paslaugos\/","og_site_name":"Service Check","article_modified_time":"2025-03-19T09:18:59+00:00","og_image":[{"width":849,"height":565,"url":"https:\/\/servicecheck.ee\/wp-content\/uploads\/2014\/05\/Meie-teenused.jpg","type":"image\/jpeg"}],"twitter_misc":{"Est. reading time":"1 minute"},"schema":{"@context":"https:\/\/schema.org","@graph":[{"@type":"WebPage","@id":"https:\/\/servicecheck.ee\/lt\/paslaugos\/musu-paslaugos\/","url":"https:\/\/servicecheck.ee\/lt\/paslaugos\/musu-paslaugos\/","name":"M\u016bs\u0173 paslaugos - Service Check - Mystery Shopping","isPartOf":{"@id":"https:\/\/servicecheck.ee\/lt\/#website"},"primaryImageOfPage":{"@id":"https:\/\/servicecheck.ee\/lt\/paslaugos\/musu-paslaugos\/#primaryimage"},"image":{"@id":"https:\/\/servicecheck.ee\/lt\/paslaugos\/musu-paslaugos\/#primaryimage"},"thumbnailUrl":"https:\/\/servicecheck.dive-group.com\/wp-content\/uploads\/2014\/05\/Meie-teenused-300x199.jpg","datePublished":"2014-08-05T09:29:47+00:00","dateModified":"2025-03-19T09:18:59+00:00","description":"Mes savo klientams teikiame slaptus apsipirkimus, skambu\u010dius bei el.lai\u0161kus tam, kad b\u016bt\u0173 atitinkamai \u012fvertinta vartotoj\u0173 aptarnavimo kokyb\u0117.\u00a0 Taip pat","breadcrumb":{"@id":"https:\/\/servicecheck.ee\/lt\/paslaugos\/musu-paslaugos\/#breadcrumb"},"inLanguage":"lt","potentialAction":[{"@type":"ReadAction","target":["https:\/\/servicecheck.ee\/lt\/paslaugos\/musu-paslaugos\/"]}]},{"@type":"ImageObject","inLanguage":"lt","@id":"https:\/\/servicecheck.ee\/lt\/paslaugos\/musu-paslaugos\/#primaryimage","url":"https:\/\/servicecheck.dive-group.com\/wp-content\/uploads\/2014\/05\/Meie-teenused-300x199.jpg","contentUrl":"https:\/\/servicecheck.dive-group.com\/wp-content\/uploads\/2014\/05\/Meie-teenused-300x199.jpg"},{"@type":"BreadcrumbList","@id":"https:\/\/servicecheck.ee\/lt\/paslaugos\/musu-paslaugos\/#breadcrumb","itemListElement":[{"@type":"ListItem","position":1,"name":"Home","item":"https:\/\/servicecheck.ee\/lt\/"},{"@type":"ListItem","position":2,"name":"Paslaugos","item":"https:\/\/servicecheck.ee\/lt\/paslaugos\/"},{"@type":"ListItem","position":3,"name":"M\u016bs\u0173 paslaugos"}]},{"@type":"WebSite","@id":"https:\/\/servicecheck.ee\/lt\/#website","url":"https:\/\/servicecheck.ee\/lt\/","name":"Service Check","description":"Part of Dive","potentialAction":[{"@type":"SearchAction","target":{"@type":"EntryPoint","urlTemplate":"https:\/\/servicecheck.ee\/lt\/?s={search_term_string}"},"query-input":{"@type":"PropertyValueSpecification","valueRequired":true,"valueName":"search_term_string"}}],"inLanguage":"lt"}]}},"_links":{"self":[{"href":"https:\/\/servicecheck.ee\/lt\/wp-json\/wp\/v2\/pages\/513","targetHints":{"allow":["GET"]}}],"collection":[{"href":"https:\/\/servicecheck.ee\/lt\/wp-json\/wp\/v2\/pages"}],"about":[{"href":"https:\/\/servicecheck.ee\/lt\/wp-json\/wp\/v2\/types\/page"}],"author":[{"embeddable":true,"href":"https:\/\/servicecheck.ee\/lt\/wp-json\/wp\/v2\/users\/1"}],"replies":[{"embeddable":true,"href":"https:\/\/servicecheck.ee\/lt\/wp-json\/wp\/v2\/comments?post=513"}],"version-history":[{"count":4,"href":"https:\/\/servicecheck.ee\/lt\/wp-json\/wp\/v2\/pages\/513\/revisions"}],"predecessor-version":[{"id":2606,"href":"https:\/\/servicecheck.ee\/lt\/wp-json\/wp\/v2\/pages\/513\/revisions\/2606"}],"up":[{"embeddable":true,"href":"https:\/\/servicecheck.ee\/lt\/wp-json\/wp\/v2\/pages\/508"}],"wp:attachment":[{"href":"https:\/\/servicecheck.ee\/lt\/wp-json\/wp\/v2\/media?parent=513"}],"curies":[{"name":"wp","href":"https:\/\/api.w.org\/{rel}","templated":true}]}}