{"id":515,"date":"2014-08-05T12:32:18","date_gmt":"2014-08-05T09:32:18","guid":{"rendered":"https:\/\/servicecheck.dive-group.com\/?page_id=515"},"modified":"2025-03-19T11:14:30","modified_gmt":"2025-03-19T09:14:30","slug":"vertinimas-naudojant-tiesioginius-slaptus-apsilankymus","status":"publish","type":"page","link":"https:\/\/servicecheck.ee\/lt\/paslaugos\/slaptu-pirkeju-tyrimas\/vertinimas-naudojant-tiesioginius-slaptus-apsilankymus\/","title":{"rendered":"Vertinimas naudojant tiesioginius slaptus apsilankymus"},"content":{"rendered":"<p><a href=\"https:\/\/servicecheck.dive-group.com\/wp-content\/uploads\/2014\/05\/Vahetu-teeninduse-hindamine.jpg\"><img loading=\"lazy\" decoding=\"async\" class=\"alignright wp-image-287 size-medium\" src=\"https:\/\/servicecheck.dive-group.com\/wp-content\/uploads\/2014\/05\/Vahetu-teeninduse-hindamine-300x199.jpg\" alt=\"Evaluation of Direct Mystery Visits\" width=\"300\" height=\"199\" srcset=\"https:\/\/servicecheck.ee\/wp-content\/uploads\/2014\/05\/Vahetu-teeninduse-hindamine-300x199.jpg 300w, https:\/\/servicecheck.ee\/wp-content\/uploads\/2014\/05\/Vahetu-teeninduse-hindamine.jpg 849w\" sizes=\"auto, (max-width: 300px) 100vw, 300px\" \/><\/a><\/p>\n<p>Slapti apsilankymai tai populiariausia slapt\u0173 apsipirkim\u0173 forma. \u0160iuo atveju, slaptasis pirk\u0117jas aplanko \u012fmon\u0119 kaip eilinis klientas.\u00a0 Slaptieji pirk\u0117jai yra apmokyti ir \u017eino kaip elgtis atitinkamose situacijose ir k\u0105 steb\u0117ti.<\/p>\n<p>Po tokio apsilankymo slaptasis pirk\u0117jas u\u017epildo anket\u0105 internete arba para\u0161o atsiliepim\u0105 ra\u0161inio forma.<\/p>\n<h2>Vertinimas naudojant slaptus apsilankymus pad\u0117s j\u016bs\u0173 \u012fmonei\u2026<\/h2>\n<ul>\n<li>Steb\u0117ti vartotoj\u0173 aptarnavimo proces\u0105 j\u0173 pa\u010di\u0173 akimis.<\/li>\n<li>Gauti objektyvi\u0105 tiesiogini\u0173 klient\u0173 aptarnavimo stiprybi\u0173 ir silpnybi\u0173 ap\u017evalg\u0105.<\/li>\n<li>Motivuoti savo komandos narius ir daryti tikslingus apmokymus.<\/li>\n<li>Suma\u017einti klient\u0173 skundus ir padidinti nuolatini\u0173 vartotoj\u0173 skai\u010di\u0173.<\/li>\n<\/ul>\n<p>Ilgalaikis ir s\u0105moningas vartotoj\u0173 aptarnavimo kokyb\u0117s gerinimas taip pat pad\u0117s j\u016bs\u0173 \u012fmonei padidinti rinkos dal\u012f, pajamas, peln\u0105, bei pagerins \u012fmon\u0117s reputacij\u0105.<\/p>\n<p>Slapt\u0173j\u0173 apsilankym\u0173 metu yra vertinami keli aptarnavimo aspektai \u2013 pirmasis \u012fsp\u016bdis; aptarnaujan\u010dio personalo \u017einios, pardavimo \u012fg\u016bd\u017eiai, kaip yra u\u017ebaigiamas kontaktas su vartotoju ir pan. Kiekvieno atvejo metu vertinimo kriterijai yra nustatomi pagal kleinto poreikius ir pageidavimus prie\u0161 sukuriant anket\u0105.<\/p>\n","protected":false},"excerpt":{"rendered":"<p>Slapti apsilankymai tai populiariausia slapt\u0173 apsipirkim\u0173 forma. \u0160iuo atveju, slaptasis pirk\u0117jas aplanko \u012fmon\u0119 kaip eilinis klientas.\u00a0 Slaptieji pirk\u0117jai yra apmokyti ir \u017eino kaip elgtis atitinkamose situacijose ir k\u0105 steb\u0117ti. Po tokio apsilankymo slaptasis pirk\u0117jas u\u017epildo anket\u0105 internete arba para\u0161o atsiliepim\u0105 ra\u0161inio forma. Vertinimas naudojant slaptus apsilankymus pad\u0117s j\u016bs\u0173 \u012fmonei\u2026 Steb\u0117ti&#8230;<\/p>\n","protected":false},"author":1,"featured_media":0,"parent":511,"menu_order":0,"comment_status":"closed","ping_status":"open","template":"","meta":{"_crdt_document":"","footnotes":""},"class_list":["post-515","page","type-page","status-publish","hentry"],"yoast_head":"<!-- This site is optimized with the Yoast SEO plugin v27.3 - https:\/\/yoast.com\/product\/yoast-seo-wordpress\/ -->\n<title>Vertinimas naudojant tiesioginius slaptus apsilankymus - Service Check - Mystery Shopping<\/title>\n<meta name=\"description\" content=\"Slapti apsilankymai tai populiariausia slapt\u0173 apsipirkim\u0173 forma. \u0160iuo atveju, slaptasis pirk\u0117jas aplanko \u012fmon\u0119 kaip eilinis klientas.\u00a0 Slaptieji pirk\u0117jai\" \/>\n<meta name=\"robots\" content=\"index, follow, max-snippet:-1, max-image-preview:large, max-video-preview:-1\" \/>\n<link rel=\"canonical\" href=\"https:\/\/servicecheck.ee\/lt\/paslaugos\/slaptu-pirkeju-tyrimas\/vertinimas-naudojant-tiesioginius-slaptus-apsilankymus\/\" \/>\n<meta property=\"og:locale\" content=\"lt_LT\" \/>\n<meta property=\"og:type\" content=\"article\" \/>\n<meta property=\"og:title\" content=\"Vertinimas naudojant tiesioginius slaptus apsilankymus - Service Check - Mystery Shopping\" \/>\n<meta property=\"og:description\" content=\"Slapti apsilankymai tai populiariausia slapt\u0173 apsipirkim\u0173 forma. \u0160iuo atveju, slaptasis pirk\u0117jas aplanko \u012fmon\u0119 kaip eilinis klientas.\u00a0 Slaptieji pirk\u0117jai\" \/>\n<meta property=\"og:url\" content=\"https:\/\/servicecheck.ee\/lt\/paslaugos\/slaptu-pirkeju-tyrimas\/vertinimas-naudojant-tiesioginius-slaptus-apsilankymus\/\" \/>\n<meta property=\"og:site_name\" content=\"Service Check\" \/>\n<meta property=\"article:modified_time\" content=\"2025-03-19T09:14:30+00:00\" \/>\n<meta property=\"og:image\" content=\"https:\/\/servicecheck.ee\/wp-content\/uploads\/2014\/05\/Vahetu-teeninduse-hindamine.jpg\" \/>\n\t<meta property=\"og:image:width\" content=\"849\" \/>\n\t<meta property=\"og:image:height\" content=\"565\" \/>\n\t<meta property=\"og:image:type\" content=\"image\/jpeg\" \/>\n<meta name=\"twitter:label1\" content=\"Est. reading time\" \/>\n\t<meta name=\"twitter:data1\" content=\"1 minute\" \/>\n<script type=\"application\/ld+json\" class=\"yoast-schema-graph\">{\"@context\":\"https:\\\/\\\/schema.org\",\"@graph\":[{\"@type\":\"WebPage\",\"@id\":\"https:\\\/\\\/servicecheck.ee\\\/lt\\\/paslaugos\\\/slaptu-pirkeju-tyrimas\\\/vertinimas-naudojant-tiesioginius-slaptus-apsilankymus\\\/\",\"url\":\"https:\\\/\\\/servicecheck.ee\\\/lt\\\/paslaugos\\\/slaptu-pirkeju-tyrimas\\\/vertinimas-naudojant-tiesioginius-slaptus-apsilankymus\\\/\",\"name\":\"Vertinimas naudojant tiesioginius slaptus apsilankymus - Service Check - Mystery Shopping\",\"isPartOf\":{\"@id\":\"https:\\\/\\\/servicecheck.ee\\\/lt\\\/#website\"},\"primaryImageOfPage\":{\"@id\":\"https:\\\/\\\/servicecheck.ee\\\/lt\\\/paslaugos\\\/slaptu-pirkeju-tyrimas\\\/vertinimas-naudojant-tiesioginius-slaptus-apsilankymus\\\/#primaryimage\"},\"image\":{\"@id\":\"https:\\\/\\\/servicecheck.ee\\\/lt\\\/paslaugos\\\/slaptu-pirkeju-tyrimas\\\/vertinimas-naudojant-tiesioginius-slaptus-apsilankymus\\\/#primaryimage\"},\"thumbnailUrl\":\"https:\\\/\\\/servicecheck.dive-group.com\\\/wp-content\\\/uploads\\\/2014\\\/05\\\/Vahetu-teeninduse-hindamine-300x199.jpg\",\"datePublished\":\"2014-08-05T09:32:18+00:00\",\"dateModified\":\"2025-03-19T09:14:30+00:00\",\"description\":\"Slapti apsilankymai tai populiariausia slapt\u0173 apsipirkim\u0173 forma. \u0160iuo atveju, slaptasis pirk\u0117jas aplanko \u012fmon\u0119 kaip eilinis klientas.\u00a0 Slaptieji pirk\u0117jai\",\"breadcrumb\":{\"@id\":\"https:\\\/\\\/servicecheck.ee\\\/lt\\\/paslaugos\\\/slaptu-pirkeju-tyrimas\\\/vertinimas-naudojant-tiesioginius-slaptus-apsilankymus\\\/#breadcrumb\"},\"inLanguage\":\"lt\",\"potentialAction\":[{\"@type\":\"ReadAction\",\"target\":[\"https:\\\/\\\/servicecheck.ee\\\/lt\\\/paslaugos\\\/slaptu-pirkeju-tyrimas\\\/vertinimas-naudojant-tiesioginius-slaptus-apsilankymus\\\/\"]}]},{\"@type\":\"ImageObject\",\"inLanguage\":\"lt\",\"@id\":\"https:\\\/\\\/servicecheck.ee\\\/lt\\\/paslaugos\\\/slaptu-pirkeju-tyrimas\\\/vertinimas-naudojant-tiesioginius-slaptus-apsilankymus\\\/#primaryimage\",\"url\":\"https:\\\/\\\/servicecheck.dive-group.com\\\/wp-content\\\/uploads\\\/2014\\\/05\\\/Vahetu-teeninduse-hindamine-300x199.jpg\",\"contentUrl\":\"https:\\\/\\\/servicecheck.dive-group.com\\\/wp-content\\\/uploads\\\/2014\\\/05\\\/Vahetu-teeninduse-hindamine-300x199.jpg\"},{\"@type\":\"BreadcrumbList\",\"@id\":\"https:\\\/\\\/servicecheck.ee\\\/lt\\\/paslaugos\\\/slaptu-pirkeju-tyrimas\\\/vertinimas-naudojant-tiesioginius-slaptus-apsilankymus\\\/#breadcrumb\",\"itemListElement\":[{\"@type\":\"ListItem\",\"position\":1,\"name\":\"Home\",\"item\":\"https:\\\/\\\/servicecheck.ee\\\/lt\\\/\"},{\"@type\":\"ListItem\",\"position\":2,\"name\":\"Paslaugos\",\"item\":\"https:\\\/\\\/servicecheck.ee\\\/lt\\\/paslaugos\\\/\"},{\"@type\":\"ListItem\",\"position\":3,\"name\":\"Slapt\u0173 pirk\u0117j\u0173 tyrimas\",\"item\":\"https:\\\/\\\/servicecheck.ee\\\/lt\\\/paslaugos\\\/slaptu-pirkeju-tyrimas\\\/\"},{\"@type\":\"ListItem\",\"position\":4,\"name\":\"Vertinimas naudojant tiesioginius slaptus apsilankymus\"}]},{\"@type\":\"WebSite\",\"@id\":\"https:\\\/\\\/servicecheck.ee\\\/lt\\\/#website\",\"url\":\"https:\\\/\\\/servicecheck.ee\\\/lt\\\/\",\"name\":\"Service Check\",\"description\":\"Part of Dive\",\"potentialAction\":[{\"@type\":\"SearchAction\",\"target\":{\"@type\":\"EntryPoint\",\"urlTemplate\":\"https:\\\/\\\/servicecheck.ee\\\/lt\\\/?s={search_term_string}\"},\"query-input\":{\"@type\":\"PropertyValueSpecification\",\"valueRequired\":true,\"valueName\":\"search_term_string\"}}],\"inLanguage\":\"lt\"}]}<\/script>\n<!-- \/ Yoast SEO plugin. -->","yoast_head_json":{"title":"Vertinimas naudojant tiesioginius slaptus apsilankymus - Service Check - Mystery Shopping","description":"Slapti apsilankymai tai populiariausia slapt\u0173 apsipirkim\u0173 forma. \u0160iuo atveju, slaptasis pirk\u0117jas aplanko \u012fmon\u0119 kaip eilinis klientas.\u00a0 Slaptieji pirk\u0117jai","robots":{"index":"index","follow":"follow","max-snippet":"max-snippet:-1","max-image-preview":"max-image-preview:large","max-video-preview":"max-video-preview:-1"},"canonical":"https:\/\/servicecheck.ee\/lt\/paslaugos\/slaptu-pirkeju-tyrimas\/vertinimas-naudojant-tiesioginius-slaptus-apsilankymus\/","og_locale":"lt_LT","og_type":"article","og_title":"Vertinimas naudojant tiesioginius slaptus apsilankymus - Service Check - Mystery Shopping","og_description":"Slapti apsilankymai tai populiariausia slapt\u0173 apsipirkim\u0173 forma. \u0160iuo atveju, slaptasis pirk\u0117jas aplanko \u012fmon\u0119 kaip eilinis klientas.\u00a0 Slaptieji pirk\u0117jai","og_url":"https:\/\/servicecheck.ee\/lt\/paslaugos\/slaptu-pirkeju-tyrimas\/vertinimas-naudojant-tiesioginius-slaptus-apsilankymus\/","og_site_name":"Service Check","article_modified_time":"2025-03-19T09:14:30+00:00","og_image":[{"width":849,"height":565,"url":"https:\/\/servicecheck.ee\/wp-content\/uploads\/2014\/05\/Vahetu-teeninduse-hindamine.jpg","type":"image\/jpeg"}],"twitter_misc":{"Est. reading time":"1 minute"},"schema":{"@context":"https:\/\/schema.org","@graph":[{"@type":"WebPage","@id":"https:\/\/servicecheck.ee\/lt\/paslaugos\/slaptu-pirkeju-tyrimas\/vertinimas-naudojant-tiesioginius-slaptus-apsilankymus\/","url":"https:\/\/servicecheck.ee\/lt\/paslaugos\/slaptu-pirkeju-tyrimas\/vertinimas-naudojant-tiesioginius-slaptus-apsilankymus\/","name":"Vertinimas naudojant tiesioginius slaptus apsilankymus - Service Check - Mystery Shopping","isPartOf":{"@id":"https:\/\/servicecheck.ee\/lt\/#website"},"primaryImageOfPage":{"@id":"https:\/\/servicecheck.ee\/lt\/paslaugos\/slaptu-pirkeju-tyrimas\/vertinimas-naudojant-tiesioginius-slaptus-apsilankymus\/#primaryimage"},"image":{"@id":"https:\/\/servicecheck.ee\/lt\/paslaugos\/slaptu-pirkeju-tyrimas\/vertinimas-naudojant-tiesioginius-slaptus-apsilankymus\/#primaryimage"},"thumbnailUrl":"https:\/\/servicecheck.dive-group.com\/wp-content\/uploads\/2014\/05\/Vahetu-teeninduse-hindamine-300x199.jpg","datePublished":"2014-08-05T09:32:18+00:00","dateModified":"2025-03-19T09:14:30+00:00","description":"Slapti apsilankymai tai populiariausia slapt\u0173 apsipirkim\u0173 forma. \u0160iuo atveju, slaptasis pirk\u0117jas aplanko \u012fmon\u0119 kaip eilinis klientas.\u00a0 Slaptieji pirk\u0117jai","breadcrumb":{"@id":"https:\/\/servicecheck.ee\/lt\/paslaugos\/slaptu-pirkeju-tyrimas\/vertinimas-naudojant-tiesioginius-slaptus-apsilankymus\/#breadcrumb"},"inLanguage":"lt","potentialAction":[{"@type":"ReadAction","target":["https:\/\/servicecheck.ee\/lt\/paslaugos\/slaptu-pirkeju-tyrimas\/vertinimas-naudojant-tiesioginius-slaptus-apsilankymus\/"]}]},{"@type":"ImageObject","inLanguage":"lt","@id":"https:\/\/servicecheck.ee\/lt\/paslaugos\/slaptu-pirkeju-tyrimas\/vertinimas-naudojant-tiesioginius-slaptus-apsilankymus\/#primaryimage","url":"https:\/\/servicecheck.dive-group.com\/wp-content\/uploads\/2014\/05\/Vahetu-teeninduse-hindamine-300x199.jpg","contentUrl":"https:\/\/servicecheck.dive-group.com\/wp-content\/uploads\/2014\/05\/Vahetu-teeninduse-hindamine-300x199.jpg"},{"@type":"BreadcrumbList","@id":"https:\/\/servicecheck.ee\/lt\/paslaugos\/slaptu-pirkeju-tyrimas\/vertinimas-naudojant-tiesioginius-slaptus-apsilankymus\/#breadcrumb","itemListElement":[{"@type":"ListItem","position":1,"name":"Home","item":"https:\/\/servicecheck.ee\/lt\/"},{"@type":"ListItem","position":2,"name":"Paslaugos","item":"https:\/\/servicecheck.ee\/lt\/paslaugos\/"},{"@type":"ListItem","position":3,"name":"Slapt\u0173 pirk\u0117j\u0173 tyrimas","item":"https:\/\/servicecheck.ee\/lt\/paslaugos\/slaptu-pirkeju-tyrimas\/"},{"@type":"ListItem","position":4,"name":"Vertinimas naudojant tiesioginius slaptus apsilankymus"}]},{"@type":"WebSite","@id":"https:\/\/servicecheck.ee\/lt\/#website","url":"https:\/\/servicecheck.ee\/lt\/","name":"Service Check","description":"Part of Dive","potentialAction":[{"@type":"SearchAction","target":{"@type":"EntryPoint","urlTemplate":"https:\/\/servicecheck.ee\/lt\/?s={search_term_string}"},"query-input":{"@type":"PropertyValueSpecification","valueRequired":true,"valueName":"search_term_string"}}],"inLanguage":"lt"}]}},"_links":{"self":[{"href":"https:\/\/servicecheck.ee\/lt\/wp-json\/wp\/v2\/pages\/515","targetHints":{"allow":["GET"]}}],"collection":[{"href":"https:\/\/servicecheck.ee\/lt\/wp-json\/wp\/v2\/pages"}],"about":[{"href":"https:\/\/servicecheck.ee\/lt\/wp-json\/wp\/v2\/types\/page"}],"author":[{"embeddable":true,"href":"https:\/\/servicecheck.ee\/lt\/wp-json\/wp\/v2\/users\/1"}],"replies":[{"embeddable":true,"href":"https:\/\/servicecheck.ee\/lt\/wp-json\/wp\/v2\/comments?post=515"}],"version-history":[{"count":1,"href":"https:\/\/servicecheck.ee\/lt\/wp-json\/wp\/v2\/pages\/515\/revisions"}],"predecessor-version":[{"id":516,"href":"https:\/\/servicecheck.ee\/lt\/wp-json\/wp\/v2\/pages\/515\/revisions\/516"}],"up":[{"embeddable":true,"href":"https:\/\/servicecheck.ee\/lt\/wp-json\/wp\/v2\/pages\/511"}],"wp:attachment":[{"href":"https:\/\/servicecheck.ee\/lt\/wp-json\/wp\/v2\/media?parent=515"}],"curies":[{"name":"wp","href":"https:\/\/api.w.org\/{rel}","templated":true}]}}