{"id":517,"date":"2014-08-05T12:34:14","date_gmt":"2014-08-05T09:34:14","guid":{"rendered":"https:\/\/servicecheck.dive-group.com\/?page_id=517"},"modified":"2025-03-19T11:14:33","modified_gmt":"2025-03-19T09:14:33","slug":"vertinimas-naudojant-slaptus-skambucius-ir-laiskus","status":"publish","type":"page","link":"https:\/\/servicecheck.ee\/lt\/paslaugos\/slaptu-pirkeju-tyrimas\/vertinimas-naudojant-slaptus-skambucius-ir-laiskus\/","title":{"rendered":"Vertinimas naudojant slaptus skambu\u010dius ir lai\u0161kus"},"content":{"rendered":"<p>Labai da\u017enai telefono skambutis ar elektroninis lai\u0161kas suformuoja pirm\u0105j\u012f j\u016bs\u0173 \u012fmon\u0117s \u012fvaizd\u012f vartotojui. Tod\u0117l yra svarbu steb\u0117ti ir pl\u0117toti klient\u0173 aptarnavimo kokyb\u0119, taip pat ir \u0161iuose komunikacijos kanaluose. Taigi pasirinktinai, slaptasis pirk\u0117jas gali skambinti \u012f j\u016bs\u0173 \u012fmon\u0119 arba susisiekti elektroniniu lai\u0161ku. Po to slaptasis pirk\u0117jas u\u017epildo anket\u0105 su Jums r\u016bpimais klausimais arba para\u0161o ra\u0161inio formos santrauk\u0105.<\/p>\n<p><a href=\"https:\/\/servicecheck.dive-group.com\/wp-content\/uploads\/2014\/05\/Telefoni-ja-meiliteeninduse-hindamine.jpg\"><img loading=\"lazy\" decoding=\"async\" class=\"alignright wp-image-290 size-medium\" src=\"https:\/\/servicecheck.dive-group.com\/wp-content\/uploads\/2014\/05\/Telefoni-ja-meiliteeninduse-hindamine-300x294.jpg\" alt=\"Evaluation of Mystery Phone Calls and emails\" width=\"300\" height=\"294\" srcset=\"https:\/\/servicecheck.ee\/wp-content\/uploads\/2014\/05\/Telefoni-ja-meiliteeninduse-hindamine-300x294.jpg 300w, https:\/\/servicecheck.ee\/wp-content\/uploads\/2014\/05\/Telefoni-ja-meiliteeninduse-hindamine.jpg 699w\" sizes=\"auto, (max-width: 300px) 100vw, 300px\" \/><\/a><\/p>\n<p>Lyginant slaptus apsilankymus, skambu\u010di\u0173 ir lai\u0161k\u0173 steb\u0117jimo metu yra vertinami kiti dalykai. Pavyzd\u017eiui, ar darbuotojas sugeba \u201c\u0161ypsotis telefonu\u201d ir sukelti teigiamas emocijas bendraujant elektroniniais lai\u0161kais.<\/p>\n<p>Tiek vertinant skambu\u010dius, tiek ir elektroninius lai\u0161kus greitis ir teisinga kontakto prad\u017eia yra labiausiai vertinami. Elektroniniuose lai\u0161kuose slapti pirk\u0117jai daug d\u0117mesio kreips \u012f ra\u0161yb\u0105, telefono skambu\u010dio metu \u012f darbuotojo balso ton\u0105.<\/p>\n<p>Darbuotojo kompetencija, \u017einios ir pardavimo \u012fg\u016bd\u017eiai, kurie yra vertinami slapt\u0173j\u0173 apsilankym\u0173 metu, taip pat gali b\u016bti vertinami ir pasinaudojant skambu\u010diais bei lai\u0161kais.<\/p>\n","protected":false},"excerpt":{"rendered":"<p>Labai da\u017enai telefono skambutis ar elektroninis lai\u0161kas suformuoja pirm\u0105j\u012f j\u016bs\u0173 \u012fmon\u0117s \u012fvaizd\u012f vartotojui. Tod\u0117l yra svarbu steb\u0117ti ir pl\u0117toti klient\u0173 aptarnavimo kokyb\u0119, taip pat ir \u0161iuose komunikacijos kanaluose. Taigi pasirinktinai, slaptasis pirk\u0117jas gali skambinti \u012f j\u016bs\u0173 \u012fmon\u0119 arba susisiekti elektroniniu lai\u0161ku. Po to slaptasis pirk\u0117jas u\u017epildo anket\u0105 su Jums r\u016bpimais&#8230;<\/p>\n","protected":false},"author":1,"featured_media":0,"parent":511,"menu_order":0,"comment_status":"closed","ping_status":"open","template":"","meta":{"_crdt_document":"","footnotes":""},"class_list":["post-517","page","type-page","status-publish","hentry"],"yoast_head":"<!-- This site is optimized with the Yoast SEO plugin v27.4 - https:\/\/yoast.com\/product\/yoast-seo-wordpress\/ -->\n<title>Vertinimas naudojant slaptus skambu\u010dius ir lai\u0161kus - Service Check - Mystery Shopping<\/title>\n<meta name=\"description\" content=\"Labai da\u017enai telefono skambutis ar elektroninis lai\u0161kas suformuoja pirm\u0105j\u012f j\u016bs\u0173 \u012fmon\u0117s \u012fvaizd\u012f vartotojui. Tod\u0117l yra svarbu steb\u0117ti ir pl\u0117toti klient\u0173\" \/>\n<meta name=\"robots\" content=\"index, follow, max-snippet:-1, max-image-preview:large, max-video-preview:-1\" \/>\n<link rel=\"canonical\" href=\"https:\/\/servicecheck.ee\/lt\/paslaugos\/slaptu-pirkeju-tyrimas\/vertinimas-naudojant-slaptus-skambucius-ir-laiskus\/\" \/>\n<meta property=\"og:locale\" content=\"lt_LT\" \/>\n<meta property=\"og:type\" content=\"article\" \/>\n<meta property=\"og:title\" content=\"Vertinimas naudojant slaptus skambu\u010dius ir lai\u0161kus - Service Check - Mystery Shopping\" \/>\n<meta property=\"og:description\" content=\"Labai da\u017enai telefono skambutis ar elektroninis lai\u0161kas suformuoja pirm\u0105j\u012f j\u016bs\u0173 \u012fmon\u0117s \u012fvaizd\u012f vartotojui. Tod\u0117l yra svarbu steb\u0117ti ir pl\u0117toti klient\u0173\" \/>\n<meta property=\"og:url\" content=\"https:\/\/servicecheck.ee\/lt\/paslaugos\/slaptu-pirkeju-tyrimas\/vertinimas-naudojant-slaptus-skambucius-ir-laiskus\/\" \/>\n<meta property=\"og:site_name\" content=\"Service Check\" \/>\n<meta property=\"article:modified_time\" content=\"2025-03-19T09:14:33+00:00\" \/>\n<meta property=\"og:image\" content=\"https:\/\/servicecheck.ee\/wp-content\/uploads\/2014\/05\/Telefoni-ja-meiliteeninduse-hindamine.jpg\" \/>\n\t<meta property=\"og:image:width\" content=\"699\" \/>\n\t<meta property=\"og:image:height\" content=\"687\" \/>\n\t<meta property=\"og:image:type\" content=\"image\/jpeg\" \/>\n<meta name=\"twitter:label1\" content=\"Est. reading time\" \/>\n\t<meta name=\"twitter:data1\" content=\"1 minute\" \/>\n<script type=\"application\/ld+json\" class=\"yoast-schema-graph\">{\"@context\":\"https:\\\/\\\/schema.org\",\"@graph\":[{\"@type\":\"WebPage\",\"@id\":\"https:\\\/\\\/servicecheck.ee\\\/lt\\\/paslaugos\\\/slaptu-pirkeju-tyrimas\\\/vertinimas-naudojant-slaptus-skambucius-ir-laiskus\\\/\",\"url\":\"https:\\\/\\\/servicecheck.ee\\\/lt\\\/paslaugos\\\/slaptu-pirkeju-tyrimas\\\/vertinimas-naudojant-slaptus-skambucius-ir-laiskus\\\/\",\"name\":\"Vertinimas naudojant slaptus skambu\u010dius ir lai\u0161kus - Service Check - Mystery Shopping\",\"isPartOf\":{\"@id\":\"https:\\\/\\\/servicecheck.ee\\\/lt\\\/#website\"},\"primaryImageOfPage\":{\"@id\":\"https:\\\/\\\/servicecheck.ee\\\/lt\\\/paslaugos\\\/slaptu-pirkeju-tyrimas\\\/vertinimas-naudojant-slaptus-skambucius-ir-laiskus\\\/#primaryimage\"},\"image\":{\"@id\":\"https:\\\/\\\/servicecheck.ee\\\/lt\\\/paslaugos\\\/slaptu-pirkeju-tyrimas\\\/vertinimas-naudojant-slaptus-skambucius-ir-laiskus\\\/#primaryimage\"},\"thumbnailUrl\":\"https:\\\/\\\/servicecheck.dive-group.com\\\/wp-content\\\/uploads\\\/2014\\\/05\\\/Telefoni-ja-meiliteeninduse-hindamine-300x294.jpg\",\"datePublished\":\"2014-08-05T09:34:14+00:00\",\"dateModified\":\"2025-03-19T09:14:33+00:00\",\"description\":\"Labai da\u017enai telefono skambutis ar elektroninis lai\u0161kas suformuoja pirm\u0105j\u012f j\u016bs\u0173 \u012fmon\u0117s \u012fvaizd\u012f vartotojui. Tod\u0117l yra svarbu steb\u0117ti ir pl\u0117toti klient\u0173\",\"breadcrumb\":{\"@id\":\"https:\\\/\\\/servicecheck.ee\\\/lt\\\/paslaugos\\\/slaptu-pirkeju-tyrimas\\\/vertinimas-naudojant-slaptus-skambucius-ir-laiskus\\\/#breadcrumb\"},\"inLanguage\":\"lt\",\"potentialAction\":[{\"@type\":\"ReadAction\",\"target\":[\"https:\\\/\\\/servicecheck.ee\\\/lt\\\/paslaugos\\\/slaptu-pirkeju-tyrimas\\\/vertinimas-naudojant-slaptus-skambucius-ir-laiskus\\\/\"]}]},{\"@type\":\"ImageObject\",\"inLanguage\":\"lt\",\"@id\":\"https:\\\/\\\/servicecheck.ee\\\/lt\\\/paslaugos\\\/slaptu-pirkeju-tyrimas\\\/vertinimas-naudojant-slaptus-skambucius-ir-laiskus\\\/#primaryimage\",\"url\":\"https:\\\/\\\/servicecheck.dive-group.com\\\/wp-content\\\/uploads\\\/2014\\\/05\\\/Telefoni-ja-meiliteeninduse-hindamine-300x294.jpg\",\"contentUrl\":\"https:\\\/\\\/servicecheck.dive-group.com\\\/wp-content\\\/uploads\\\/2014\\\/05\\\/Telefoni-ja-meiliteeninduse-hindamine-300x294.jpg\"},{\"@type\":\"BreadcrumbList\",\"@id\":\"https:\\\/\\\/servicecheck.ee\\\/lt\\\/paslaugos\\\/slaptu-pirkeju-tyrimas\\\/vertinimas-naudojant-slaptus-skambucius-ir-laiskus\\\/#breadcrumb\",\"itemListElement\":[{\"@type\":\"ListItem\",\"position\":1,\"name\":\"Home\",\"item\":\"https:\\\/\\\/servicecheck.ee\\\/lt\\\/\"},{\"@type\":\"ListItem\",\"position\":2,\"name\":\"Paslaugos\",\"item\":\"https:\\\/\\\/servicecheck.ee\\\/lt\\\/paslaugos\\\/\"},{\"@type\":\"ListItem\",\"position\":3,\"name\":\"Slapt\u0173 pirk\u0117j\u0173 tyrimas\",\"item\":\"https:\\\/\\\/servicecheck.ee\\\/lt\\\/paslaugos\\\/slaptu-pirkeju-tyrimas\\\/\"},{\"@type\":\"ListItem\",\"position\":4,\"name\":\"Vertinimas naudojant slaptus skambu\u010dius ir lai\u0161kus\"}]},{\"@type\":\"WebSite\",\"@id\":\"https:\\\/\\\/servicecheck.ee\\\/lt\\\/#website\",\"url\":\"https:\\\/\\\/servicecheck.ee\\\/lt\\\/\",\"name\":\"Service Check\",\"description\":\"Part of Dive\",\"potentialAction\":[{\"@type\":\"SearchAction\",\"target\":{\"@type\":\"EntryPoint\",\"urlTemplate\":\"https:\\\/\\\/servicecheck.ee\\\/lt\\\/?s={search_term_string}\"},\"query-input\":{\"@type\":\"PropertyValueSpecification\",\"valueRequired\":true,\"valueName\":\"search_term_string\"}}],\"inLanguage\":\"lt\"}]}<\/script>\n<!-- \/ Yoast SEO plugin. -->","yoast_head_json":{"title":"Vertinimas naudojant slaptus skambu\u010dius ir lai\u0161kus - Service Check - Mystery Shopping","description":"Labai da\u017enai telefono skambutis ar elektroninis lai\u0161kas suformuoja pirm\u0105j\u012f j\u016bs\u0173 \u012fmon\u0117s \u012fvaizd\u012f vartotojui. Tod\u0117l yra svarbu steb\u0117ti ir pl\u0117toti klient\u0173","robots":{"index":"index","follow":"follow","max-snippet":"max-snippet:-1","max-image-preview":"max-image-preview:large","max-video-preview":"max-video-preview:-1"},"canonical":"https:\/\/servicecheck.ee\/lt\/paslaugos\/slaptu-pirkeju-tyrimas\/vertinimas-naudojant-slaptus-skambucius-ir-laiskus\/","og_locale":"lt_LT","og_type":"article","og_title":"Vertinimas naudojant slaptus skambu\u010dius ir lai\u0161kus - Service Check - Mystery Shopping","og_description":"Labai da\u017enai telefono skambutis ar elektroninis lai\u0161kas suformuoja pirm\u0105j\u012f j\u016bs\u0173 \u012fmon\u0117s \u012fvaizd\u012f vartotojui. Tod\u0117l yra svarbu steb\u0117ti ir pl\u0117toti klient\u0173","og_url":"https:\/\/servicecheck.ee\/lt\/paslaugos\/slaptu-pirkeju-tyrimas\/vertinimas-naudojant-slaptus-skambucius-ir-laiskus\/","og_site_name":"Service Check","article_modified_time":"2025-03-19T09:14:33+00:00","og_image":[{"width":699,"height":687,"url":"https:\/\/servicecheck.ee\/wp-content\/uploads\/2014\/05\/Telefoni-ja-meiliteeninduse-hindamine.jpg","type":"image\/jpeg"}],"twitter_misc":{"Est. reading time":"1 minute"},"schema":{"@context":"https:\/\/schema.org","@graph":[{"@type":"WebPage","@id":"https:\/\/servicecheck.ee\/lt\/paslaugos\/slaptu-pirkeju-tyrimas\/vertinimas-naudojant-slaptus-skambucius-ir-laiskus\/","url":"https:\/\/servicecheck.ee\/lt\/paslaugos\/slaptu-pirkeju-tyrimas\/vertinimas-naudojant-slaptus-skambucius-ir-laiskus\/","name":"Vertinimas naudojant slaptus skambu\u010dius ir lai\u0161kus - Service Check - Mystery Shopping","isPartOf":{"@id":"https:\/\/servicecheck.ee\/lt\/#website"},"primaryImageOfPage":{"@id":"https:\/\/servicecheck.ee\/lt\/paslaugos\/slaptu-pirkeju-tyrimas\/vertinimas-naudojant-slaptus-skambucius-ir-laiskus\/#primaryimage"},"image":{"@id":"https:\/\/servicecheck.ee\/lt\/paslaugos\/slaptu-pirkeju-tyrimas\/vertinimas-naudojant-slaptus-skambucius-ir-laiskus\/#primaryimage"},"thumbnailUrl":"https:\/\/servicecheck.dive-group.com\/wp-content\/uploads\/2014\/05\/Telefoni-ja-meiliteeninduse-hindamine-300x294.jpg","datePublished":"2014-08-05T09:34:14+00:00","dateModified":"2025-03-19T09:14:33+00:00","description":"Labai da\u017enai telefono skambutis ar elektroninis lai\u0161kas suformuoja pirm\u0105j\u012f j\u016bs\u0173 \u012fmon\u0117s \u012fvaizd\u012f vartotojui. Tod\u0117l yra svarbu steb\u0117ti ir pl\u0117toti klient\u0173","breadcrumb":{"@id":"https:\/\/servicecheck.ee\/lt\/paslaugos\/slaptu-pirkeju-tyrimas\/vertinimas-naudojant-slaptus-skambucius-ir-laiskus\/#breadcrumb"},"inLanguage":"lt","potentialAction":[{"@type":"ReadAction","target":["https:\/\/servicecheck.ee\/lt\/paslaugos\/slaptu-pirkeju-tyrimas\/vertinimas-naudojant-slaptus-skambucius-ir-laiskus\/"]}]},{"@type":"ImageObject","inLanguage":"lt","@id":"https:\/\/servicecheck.ee\/lt\/paslaugos\/slaptu-pirkeju-tyrimas\/vertinimas-naudojant-slaptus-skambucius-ir-laiskus\/#primaryimage","url":"https:\/\/servicecheck.dive-group.com\/wp-content\/uploads\/2014\/05\/Telefoni-ja-meiliteeninduse-hindamine-300x294.jpg","contentUrl":"https:\/\/servicecheck.dive-group.com\/wp-content\/uploads\/2014\/05\/Telefoni-ja-meiliteeninduse-hindamine-300x294.jpg"},{"@type":"BreadcrumbList","@id":"https:\/\/servicecheck.ee\/lt\/paslaugos\/slaptu-pirkeju-tyrimas\/vertinimas-naudojant-slaptus-skambucius-ir-laiskus\/#breadcrumb","itemListElement":[{"@type":"ListItem","position":1,"name":"Home","item":"https:\/\/servicecheck.ee\/lt\/"},{"@type":"ListItem","position":2,"name":"Paslaugos","item":"https:\/\/servicecheck.ee\/lt\/paslaugos\/"},{"@type":"ListItem","position":3,"name":"Slapt\u0173 pirk\u0117j\u0173 tyrimas","item":"https:\/\/servicecheck.ee\/lt\/paslaugos\/slaptu-pirkeju-tyrimas\/"},{"@type":"ListItem","position":4,"name":"Vertinimas naudojant slaptus skambu\u010dius ir lai\u0161kus"}]},{"@type":"WebSite","@id":"https:\/\/servicecheck.ee\/lt\/#website","url":"https:\/\/servicecheck.ee\/lt\/","name":"Service Check","description":"Part of Dive","potentialAction":[{"@type":"SearchAction","target":{"@type":"EntryPoint","urlTemplate":"https:\/\/servicecheck.ee\/lt\/?s={search_term_string}"},"query-input":{"@type":"PropertyValueSpecification","valueRequired":true,"valueName":"search_term_string"}}],"inLanguage":"lt"}]}},"_links":{"self":[{"href":"https:\/\/servicecheck.ee\/lt\/wp-json\/wp\/v2\/pages\/517","targetHints":{"allow":["GET"]}}],"collection":[{"href":"https:\/\/servicecheck.ee\/lt\/wp-json\/wp\/v2\/pages"}],"about":[{"href":"https:\/\/servicecheck.ee\/lt\/wp-json\/wp\/v2\/types\/page"}],"author":[{"embeddable":true,"href":"https:\/\/servicecheck.ee\/lt\/wp-json\/wp\/v2\/users\/1"}],"replies":[{"embeddable":true,"href":"https:\/\/servicecheck.ee\/lt\/wp-json\/wp\/v2\/comments?post=517"}],"version-history":[{"count":1,"href":"https:\/\/servicecheck.ee\/lt\/wp-json\/wp\/v2\/pages\/517\/revisions"}],"predecessor-version":[{"id":518,"href":"https:\/\/servicecheck.ee\/lt\/wp-json\/wp\/v2\/pages\/517\/revisions\/518"}],"up":[{"embeddable":true,"href":"https:\/\/servicecheck.ee\/lt\/wp-json\/wp\/v2\/pages\/511"}],"wp:attachment":[{"href":"https:\/\/servicecheck.ee\/lt\/wp-json\/wp\/v2\/media?parent=517"}],"curies":[{"name":"wp","href":"https:\/\/api.w.org\/{rel}","templated":true}]}}