{"id":519,"date":"2014-08-05T12:38:53","date_gmt":"2014-08-05T09:38:53","guid":{"rendered":"https:\/\/servicecheck.dive-group.com\/?page_id=519"},"modified":"2025-03-19T11:14:50","modified_gmt":"2025-03-19T09:14:50","slug":"mazmenininku-ir-prekybininku-vertinimas","status":"publish","type":"page","link":"https:\/\/servicecheck.ee\/lt\/paslaugos\/slaptu-pirkeju-tyrimas\/mazmenininku-ir-prekybininku-vertinimas\/","title":{"rendered":"Ma\u017emeninink\u0173 ir prekybinink\u0173 vertinimas"},"content":{"rendered":"<p><a href=\"https:\/\/servicecheck.dive-group.com\/wp-content\/uploads\/2014\/05\/Edasim\u00fc\u00fcjate-testimine.jpg\"><img loading=\"lazy\" decoding=\"async\" class=\"alignright wp-image-293 size-medium\" src=\"https:\/\/servicecheck.dive-group.com\/wp-content\/uploads\/2014\/05\/Edasim\u00fc\u00fcjate-testimine-300x199.jpg\" alt=\"Evaluation of Retailers and Distributors\" width=\"300\" height=\"199\" srcset=\"https:\/\/servicecheck.ee\/wp-content\/uploads\/2014\/05\/Edasim\u00fc\u00fcjate-testimine-300x199.jpg 300w, https:\/\/servicecheck.ee\/wp-content\/uploads\/2014\/05\/Edasim\u00fc\u00fcjate-testimine.jpg 849w\" sizes=\"auto, (max-width: 300px) 100vw, 300px\" \/><\/a><\/p>\n<p>Mes si\u016blome galimyb\u0119 gamintojams ir importuotojams patikrinti savo prekybininkus ir ma\u017emenininkus. \u0160iuo atveju slapti pirk\u0117jai \u012fvertins j\u016bs\u0173 produkto prekybininkus, atsi\u017evelgiant \u012f j\u016bs\u0173 poreikius.<\/p>\n<p>\u0160i paslauga apr\u016bpins jus aktualia informacija apie bendr\u0105 prekybinink\u0173 aptarnavimo kokyb\u0119 bei darbuotoj\u0173 kompetencij\u0105; tai pad\u0117s \u012fvertinti ar produkcija yra parduodama efektyviai ir pagal j\u016bs\u0173 keliamus reikalavimus.<\/p>\n<p>Atsi\u017evelgus \u012f rezultatus gal\u0117site apgalvoti kaip patobulinti bendradarbiavim\u0105 su prekybininkais, kaip pavyzd\u017eiui su\u017einosite su kuriais produktais darbuotojai tur\u0117t\u0173 b\u016bti labiau supa\u017eindinti.<\/p>\n<h2>Da\u017eni vertinimo kriterijai:<\/h2>\n<ul>\n<li>Produkt\u0173 i\u0161d\u0117stymas;<\/li>\n<li>Si\u016blom\u0173 produkt\u0173 ir paslaug\u0173 pasi\u016blos gausa;<\/li>\n<li>Eili\u0161kumas, kaip yra rekomenduojami prekiniai \u017eenklai;<\/li>\n<li>Konsultanto \u017einios apie si\u016blomas paslaugas\/produktus.<\/li>\n<\/ul>\n<p>Kartu su \u0161iais vertinimo kriterijais taip pat bus \u012fvertinta bendra aptarnavimo kokyb\u0117 ir darbuotoj\u0173 profesionalumas, pagrindin\u012f d\u0117mes\u012f sutelkiant \u012f unikalius kliento reikalavimus.<\/p>\n","protected":false},"excerpt":{"rendered":"<p>Mes si\u016blome galimyb\u0119 gamintojams ir importuotojams patikrinti savo prekybininkus ir ma\u017emenininkus. \u0160iuo atveju slapti pirk\u0117jai \u012fvertins j\u016bs\u0173 produkto prekybininkus, atsi\u017evelgiant \u012f j\u016bs\u0173 poreikius. \u0160i paslauga apr\u016bpins jus aktualia informacija apie bendr\u0105 prekybinink\u0173 aptarnavimo kokyb\u0119 bei darbuotoj\u0173 kompetencij\u0105; tai pad\u0117s \u012fvertinti ar produkcija yra parduodama efektyviai ir pagal j\u016bs\u0173 keliamus reikalavimus&#8230;.<\/p>\n","protected":false},"author":1,"featured_media":0,"parent":511,"menu_order":0,"comment_status":"closed","ping_status":"open","template":"","meta":{"_crdt_document":"","footnotes":""},"class_list":["post-519","page","type-page","status-publish","hentry"],"yoast_head":"<!-- This site is optimized with the Yoast SEO plugin v27.3 - https:\/\/yoast.com\/product\/yoast-seo-wordpress\/ -->\n<title>Ma\u017emeninink\u0173 ir prekybinink\u0173 vertinimas - Service Check - Mystery Shopping<\/title>\n<meta name=\"description\" content=\"Mes si\u016blome galimyb\u0119 gamintojams ir importuotojams patikrinti savo prekybininkus ir ma\u017emenininkus. \u0160iuo atveju slapti pirk\u0117jai \u012fvertins j\u016bs\u0173 produkto\" \/>\n<meta name=\"robots\" content=\"index, follow, max-snippet:-1, max-image-preview:large, max-video-preview:-1\" \/>\n<link rel=\"canonical\" href=\"https:\/\/servicecheck.ee\/lt\/paslaugos\/slaptu-pirkeju-tyrimas\/mazmenininku-ir-prekybininku-vertinimas\/\" \/>\n<meta property=\"og:locale\" content=\"lt_LT\" \/>\n<meta property=\"og:type\" content=\"article\" \/>\n<meta property=\"og:title\" content=\"Ma\u017emeninink\u0173 ir prekybinink\u0173 vertinimas - Service Check - Mystery Shopping\" \/>\n<meta property=\"og:description\" content=\"Mes si\u016blome galimyb\u0119 gamintojams ir importuotojams patikrinti savo prekybininkus ir ma\u017emenininkus. \u0160iuo atveju slapti pirk\u0117jai \u012fvertins j\u016bs\u0173 produkto\" \/>\n<meta property=\"og:url\" content=\"https:\/\/servicecheck.ee\/lt\/paslaugos\/slaptu-pirkeju-tyrimas\/mazmenininku-ir-prekybininku-vertinimas\/\" \/>\n<meta property=\"og:site_name\" content=\"Service Check\" \/>\n<meta property=\"article:modified_time\" content=\"2025-03-19T09:14:50+00:00\" \/>\n<meta name=\"twitter:label1\" content=\"Est. reading time\" \/>\n\t<meta name=\"twitter:data1\" content=\"1 minute\" \/>\n<script type=\"application\/ld+json\" class=\"yoast-schema-graph\">{\"@context\":\"https:\\\/\\\/schema.org\",\"@graph\":[{\"@type\":\"WebPage\",\"@id\":\"https:\\\/\\\/servicecheck.ee\\\/lt\\\/paslaugos\\\/slaptu-pirkeju-tyrimas\\\/mazmenininku-ir-prekybininku-vertinimas\\\/\",\"url\":\"https:\\\/\\\/servicecheck.ee\\\/lt\\\/paslaugos\\\/slaptu-pirkeju-tyrimas\\\/mazmenininku-ir-prekybininku-vertinimas\\\/\",\"name\":\"Ma\u017emeninink\u0173 ir prekybinink\u0173 vertinimas - Service Check - Mystery Shopping\",\"isPartOf\":{\"@id\":\"https:\\\/\\\/servicecheck.ee\\\/lt\\\/#website\"},\"datePublished\":\"2014-08-05T09:38:53+00:00\",\"dateModified\":\"2025-03-19T09:14:50+00:00\",\"description\":\"Mes si\u016blome galimyb\u0119 gamintojams ir importuotojams patikrinti savo prekybininkus ir ma\u017emenininkus. \u0160iuo atveju slapti pirk\u0117jai \u012fvertins j\u016bs\u0173 produkto\",\"breadcrumb\":{\"@id\":\"https:\\\/\\\/servicecheck.ee\\\/lt\\\/paslaugos\\\/slaptu-pirkeju-tyrimas\\\/mazmenininku-ir-prekybininku-vertinimas\\\/#breadcrumb\"},\"inLanguage\":\"lt\",\"potentialAction\":[{\"@type\":\"ReadAction\",\"target\":[\"https:\\\/\\\/servicecheck.ee\\\/lt\\\/paslaugos\\\/slaptu-pirkeju-tyrimas\\\/mazmenininku-ir-prekybininku-vertinimas\\\/\"]}]},{\"@type\":\"BreadcrumbList\",\"@id\":\"https:\\\/\\\/servicecheck.ee\\\/lt\\\/paslaugos\\\/slaptu-pirkeju-tyrimas\\\/mazmenininku-ir-prekybininku-vertinimas\\\/#breadcrumb\",\"itemListElement\":[{\"@type\":\"ListItem\",\"position\":1,\"name\":\"Home\",\"item\":\"https:\\\/\\\/servicecheck.ee\\\/lt\\\/\"},{\"@type\":\"ListItem\",\"position\":2,\"name\":\"Paslaugos\",\"item\":\"https:\\\/\\\/servicecheck.ee\\\/lt\\\/paslaugos\\\/\"},{\"@type\":\"ListItem\",\"position\":3,\"name\":\"Slapt\u0173 pirk\u0117j\u0173 tyrimas\",\"item\":\"https:\\\/\\\/servicecheck.ee\\\/lt\\\/paslaugos\\\/slaptu-pirkeju-tyrimas\\\/\"},{\"@type\":\"ListItem\",\"position\":4,\"name\":\"Ma\u017emeninink\u0173 ir prekybinink\u0173 vertinimas\"}]},{\"@type\":\"WebSite\",\"@id\":\"https:\\\/\\\/servicecheck.ee\\\/lt\\\/#website\",\"url\":\"https:\\\/\\\/servicecheck.ee\\\/lt\\\/\",\"name\":\"Service Check\",\"description\":\"Part of Dive\",\"potentialAction\":[{\"@type\":\"SearchAction\",\"target\":{\"@type\":\"EntryPoint\",\"urlTemplate\":\"https:\\\/\\\/servicecheck.ee\\\/lt\\\/?s={search_term_string}\"},\"query-input\":{\"@type\":\"PropertyValueSpecification\",\"valueRequired\":true,\"valueName\":\"search_term_string\"}}],\"inLanguage\":\"lt\"}]}<\/script>\n<!-- \/ Yoast SEO plugin. -->","yoast_head_json":{"title":"Ma\u017emeninink\u0173 ir prekybinink\u0173 vertinimas - Service Check - Mystery Shopping","description":"Mes si\u016blome galimyb\u0119 gamintojams ir importuotojams patikrinti savo prekybininkus ir ma\u017emenininkus. \u0160iuo atveju slapti pirk\u0117jai \u012fvertins j\u016bs\u0173 produkto","robots":{"index":"index","follow":"follow","max-snippet":"max-snippet:-1","max-image-preview":"max-image-preview:large","max-video-preview":"max-video-preview:-1"},"canonical":"https:\/\/servicecheck.ee\/lt\/paslaugos\/slaptu-pirkeju-tyrimas\/mazmenininku-ir-prekybininku-vertinimas\/","og_locale":"lt_LT","og_type":"article","og_title":"Ma\u017emeninink\u0173 ir prekybinink\u0173 vertinimas - Service Check - Mystery Shopping","og_description":"Mes si\u016blome galimyb\u0119 gamintojams ir importuotojams patikrinti savo prekybininkus ir ma\u017emenininkus. \u0160iuo atveju slapti pirk\u0117jai \u012fvertins j\u016bs\u0173 produkto","og_url":"https:\/\/servicecheck.ee\/lt\/paslaugos\/slaptu-pirkeju-tyrimas\/mazmenininku-ir-prekybininku-vertinimas\/","og_site_name":"Service Check","article_modified_time":"2025-03-19T09:14:50+00:00","twitter_misc":{"Est. reading time":"1 minute"},"schema":{"@context":"https:\/\/schema.org","@graph":[{"@type":"WebPage","@id":"https:\/\/servicecheck.ee\/lt\/paslaugos\/slaptu-pirkeju-tyrimas\/mazmenininku-ir-prekybininku-vertinimas\/","url":"https:\/\/servicecheck.ee\/lt\/paslaugos\/slaptu-pirkeju-tyrimas\/mazmenininku-ir-prekybininku-vertinimas\/","name":"Ma\u017emeninink\u0173 ir prekybinink\u0173 vertinimas - Service Check - Mystery Shopping","isPartOf":{"@id":"https:\/\/servicecheck.ee\/lt\/#website"},"datePublished":"2014-08-05T09:38:53+00:00","dateModified":"2025-03-19T09:14:50+00:00","description":"Mes si\u016blome galimyb\u0119 gamintojams ir importuotojams patikrinti savo prekybininkus ir ma\u017emenininkus. \u0160iuo atveju slapti pirk\u0117jai \u012fvertins j\u016bs\u0173 produkto","breadcrumb":{"@id":"https:\/\/servicecheck.ee\/lt\/paslaugos\/slaptu-pirkeju-tyrimas\/mazmenininku-ir-prekybininku-vertinimas\/#breadcrumb"},"inLanguage":"lt","potentialAction":[{"@type":"ReadAction","target":["https:\/\/servicecheck.ee\/lt\/paslaugos\/slaptu-pirkeju-tyrimas\/mazmenininku-ir-prekybininku-vertinimas\/"]}]},{"@type":"BreadcrumbList","@id":"https:\/\/servicecheck.ee\/lt\/paslaugos\/slaptu-pirkeju-tyrimas\/mazmenininku-ir-prekybininku-vertinimas\/#breadcrumb","itemListElement":[{"@type":"ListItem","position":1,"name":"Home","item":"https:\/\/servicecheck.ee\/lt\/"},{"@type":"ListItem","position":2,"name":"Paslaugos","item":"https:\/\/servicecheck.ee\/lt\/paslaugos\/"},{"@type":"ListItem","position":3,"name":"Slapt\u0173 pirk\u0117j\u0173 tyrimas","item":"https:\/\/servicecheck.ee\/lt\/paslaugos\/slaptu-pirkeju-tyrimas\/"},{"@type":"ListItem","position":4,"name":"Ma\u017emeninink\u0173 ir prekybinink\u0173 vertinimas"}]},{"@type":"WebSite","@id":"https:\/\/servicecheck.ee\/lt\/#website","url":"https:\/\/servicecheck.ee\/lt\/","name":"Service Check","description":"Part of Dive","potentialAction":[{"@type":"SearchAction","target":{"@type":"EntryPoint","urlTemplate":"https:\/\/servicecheck.ee\/lt\/?s={search_term_string}"},"query-input":{"@type":"PropertyValueSpecification","valueRequired":true,"valueName":"search_term_string"}}],"inLanguage":"lt"}]}},"_links":{"self":[{"href":"https:\/\/servicecheck.ee\/lt\/wp-json\/wp\/v2\/pages\/519","targetHints":{"allow":["GET"]}}],"collection":[{"href":"https:\/\/servicecheck.ee\/lt\/wp-json\/wp\/v2\/pages"}],"about":[{"href":"https:\/\/servicecheck.ee\/lt\/wp-json\/wp\/v2\/types\/page"}],"author":[{"embeddable":true,"href":"https:\/\/servicecheck.ee\/lt\/wp-json\/wp\/v2\/users\/1"}],"replies":[{"embeddable":true,"href":"https:\/\/servicecheck.ee\/lt\/wp-json\/wp\/v2\/comments?post=519"}],"version-history":[{"count":1,"href":"https:\/\/servicecheck.ee\/lt\/wp-json\/wp\/v2\/pages\/519\/revisions"}],"predecessor-version":[{"id":520,"href":"https:\/\/servicecheck.ee\/lt\/wp-json\/wp\/v2\/pages\/519\/revisions\/520"}],"up":[{"embeddable":true,"href":"https:\/\/servicecheck.ee\/lt\/wp-json\/wp\/v2\/pages\/511"}],"wp:attachment":[{"href":"https:\/\/servicecheck.ee\/lt\/wp-json\/wp\/v2\/media?parent=519"}],"curies":[{"name":"wp","href":"https:\/\/api.w.org\/{rel}","templated":true}]}}