{"id":539,"date":"2014-08-05T13:07:37","date_gmt":"2014-08-05T10:07:37","guid":{"rendered":"https:\/\/servicecheck.dive-group.com\/?page_id=539"},"modified":"2025-03-19T11:19:04","modified_gmt":"2025-03-19T09:19:04","slug":"kodel-verta-rinktis-mumis","status":"publish","type":"page","link":"https:\/\/servicecheck.ee\/lt\/apie-mus\/kodel-verta-rinktis-mumis\/","title":{"rendered":"Kod\u0117l verta rinktis mumis?"},"content":{"rendered":"<ul>\n<li><a href=\"https:\/\/servicecheck.dive-group.com\/wp-content\/uploads\/2014\/05\/Miks-valida-meid.jpg\"><img loading=\"lazy\" decoding=\"async\" class=\"alignright wp-image-278 size-medium\" src=\"https:\/\/servicecheck.dive-group.com\/wp-content\/uploads\/2014\/05\/Miks-valida-meid-300x300.jpg\" alt=\" Why to Choose Us?\" width=\"300\" height=\"300\" srcset=\"https:\/\/servicecheck.ee\/wp-content\/uploads\/2014\/05\/Miks-valida-meid-300x300.jpg 300w, https:\/\/servicecheck.ee\/wp-content\/uploads\/2014\/05\/Miks-valida-meid-150x150.jpg 150w, https:\/\/servicecheck.ee\/wp-content\/uploads\/2014\/05\/Miks-valida-meid-121x121.jpg 121w, https:\/\/servicecheck.ee\/wp-content\/uploads\/2014\/05\/Miks-valida-meid.jpg 693w\" sizes=\"auto, (max-width: 300px) 100vw, 300px\" \/><\/a>Nuo \u012fmon\u0117s \u012fk\u016brimo mums pavyko pad\u0117ti daugeliui dideli\u0173 ir \u017einom\u0173 \u012fmoni\u0173 u\u017etikrinti, palaikyti ir pl\u0117toti savo vartotoj\u0173 aptarnavimo kokyb\u0119.<\/li>\n<li>M\u016bs\u0173 klient\u0173 atsiliepimai buvo 100% teigiami. Su dauguma i\u0161 klient\u0173 mes dirbame nuo pat \u012fsik\u016brimo iki \u0161iol. I\u0161siai\u0161kinkite k\u0105 apie mus mano <a href=\"https:\/\/servicecheck.ee\/lt\/apie-mus\/musu-klientu-atsiliepimai-apie-mus\/\">m\u016bs\u0173 klientai<\/a>!<\/li>\n<li>Mes pirmieji prad\u0117jome si\u016blyti slaptus vizitus su vaizdo ir garso \u012fra\u0161ais, kas leid\u017eia klientui detaliai i\u0161analizuoti vizitus. \u012era\u0161ai yra vykdomi tik klientui pageidaujant, pasitelkus speciali\u0105 \u012frang\u0105.<\/li>\n<li>M\u016bs\u0173 kolektyvas yra profesionalus ir ambicingas. Mes begalo m\u0117gstame savo darb\u0105.<\/li>\n<li>Mes dirbame su vie\u0161bu\u010diais, restoranais, kavin\u0117mis, automobili\u0173 platintojais, vaistin\u0117mis, draudimo agent\u016bromis, ir \u012fvairi\u0173 produkt\u0173 prekiautojais, tiek elekronikos tiek ir drabu\u017ei\u0173. Tai praturtino m\u016bs\u0173 patirt\u012f \u017einiomis \u012fvairiose srityse.<\/li>\n<li>Mes si\u016blome itin lanks\u010dius sprendimus: m\u016bs\u0173 si\u016blomos paslaugos yra pritaikomos prie kiekvieno kliento i\u0161skirtini\u0173 nor\u0173 ir poreiki\u0173.<\/li>\n<li>Mes turime itin plat\u0173 patyrusi\u0173 slapt\u0173 pirk\u0117j\u0173 tinkl\u0105. Priklausomai nuo j\u016bs\u0173 pageidavim\u0173 galime parinkti slaptus pirk\u0117jus pagal am\u017ei\u0173, pilietyb\u0119, i\u0161silavinim\u0105, gyvenam\u0105j\u0105 viet\u0105 ir kitas savybes.<\/li>\n<li>M\u016bs\u0173 kokyb\u0117s kontrol\u0117s sistema u\u017etikrina, kad kiekviena anket\u0105 b\u016bt\u0173 i\u0161sami ir atitikt\u0173 kliento ir m\u016bs\u0173 \u012fmon\u0117s keliamus reikalavimus.<\/li>\n<li>Rezultatams pateikti ir analizuoti mes naudojame akredituot\u0105 ir populiari\u0105 \u201eChecker Software Systems\u201c <a href=\"https:\/\/servicecheck.ee\/lt\/apie-mus\/programine-iranga\/\">programin\u0119 \u012frang\u0105<\/a>.<\/li>\n<\/ul>\n","protected":false},"excerpt":{"rendered":"<p>Nuo \u012fmon\u0117s \u012fk\u016brimo mums pavyko pad\u0117ti daugeliui dideli\u0173 ir \u017einom\u0173 \u012fmoni\u0173 u\u017etikrinti, palaikyti ir pl\u0117toti savo vartotoj\u0173 aptarnavimo kokyb\u0119. M\u016bs\u0173 klient\u0173 atsiliepimai buvo 100% teigiami. Su dauguma i\u0161 klient\u0173 mes dirbame nuo pat \u012fsik\u016brimo iki \u0161iol. I\u0161siai\u0161kinkite k\u0105 apie mus mano m\u016bs\u0173 klientai! Mes pirmieji prad\u0117jome si\u016blyti slaptus vizitus su&#8230;<\/p>\n","protected":false},"author":1,"featured_media":0,"parent":533,"menu_order":0,"comment_status":"closed","ping_status":"open","template":"","meta":{"_crdt_document":"","footnotes":""},"class_list":["post-539","page","type-page","status-publish","hentry"],"yoast_head":"<!-- This site is optimized with the Yoast SEO plugin v27.3 - https:\/\/yoast.com\/product\/yoast-seo-wordpress\/ -->\n<title>Kod\u0117l verta rinktis mumis? - Service Check - Mystery Shopping<\/title>\n<meta name=\"description\" content=\"Nuo \u012fmon\u0117s \u012fk\u016brimo mums pavyko pad\u0117ti daugeliui dideli\u0173 ir \u017einom\u0173 \u012fmoni\u0173 u\u017etikrinti, palaikyti ir pl\u0117toti savo vartotoj\u0173 aptarnavimo kokyb\u0119. M\u016bs\u0173 klient\u0173\" \/>\n<meta name=\"robots\" content=\"index, follow, max-snippet:-1, max-image-preview:large, max-video-preview:-1\" \/>\n<link rel=\"canonical\" href=\"https:\/\/servicecheck.ee\/lt\/apie-mus\/kodel-verta-rinktis-mumis\/\" \/>\n<meta property=\"og:locale\" content=\"lt_LT\" \/>\n<meta property=\"og:type\" content=\"article\" \/>\n<meta property=\"og:title\" content=\"Kod\u0117l verta rinktis mumis? - Service Check - Mystery Shopping\" \/>\n<meta property=\"og:description\" content=\"Nuo \u012fmon\u0117s \u012fk\u016brimo mums pavyko pad\u0117ti daugeliui dideli\u0173 ir \u017einom\u0173 \u012fmoni\u0173 u\u017etikrinti, palaikyti ir pl\u0117toti savo vartotoj\u0173 aptarnavimo kokyb\u0119. M\u016bs\u0173 klient\u0173\" \/>\n<meta property=\"og:url\" content=\"https:\/\/servicecheck.ee\/lt\/apie-mus\/kodel-verta-rinktis-mumis\/\" \/>\n<meta property=\"og:site_name\" content=\"Service Check\" \/>\n<meta property=\"article:modified_time\" content=\"2025-03-19T09:19:04+00:00\" \/>\n<meta property=\"og:image\" content=\"https:\/\/servicecheck.ee\/wp-content\/uploads\/2014\/05\/Miks-valida-meid.jpg\" \/>\n\t<meta property=\"og:image:width\" content=\"693\" \/>\n\t<meta property=\"og:image:height\" content=\"693\" \/>\n\t<meta property=\"og:image:type\" content=\"image\/jpeg\" \/>\n<meta name=\"twitter:label1\" content=\"Est. reading time\" \/>\n\t<meta name=\"twitter:data1\" content=\"1 minute\" \/>\n<script type=\"application\/ld+json\" class=\"yoast-schema-graph\">{\"@context\":\"https:\\\/\\\/schema.org\",\"@graph\":[{\"@type\":\"WebPage\",\"@id\":\"https:\\\/\\\/servicecheck.ee\\\/lt\\\/apie-mus\\\/kodel-verta-rinktis-mumis\\\/\",\"url\":\"https:\\\/\\\/servicecheck.ee\\\/lt\\\/apie-mus\\\/kodel-verta-rinktis-mumis\\\/\",\"name\":\"Kod\u0117l verta rinktis mumis? - Service Check - Mystery Shopping\",\"isPartOf\":{\"@id\":\"https:\\\/\\\/servicecheck.ee\\\/lt\\\/#website\"},\"primaryImageOfPage\":{\"@id\":\"https:\\\/\\\/servicecheck.ee\\\/lt\\\/apie-mus\\\/kodel-verta-rinktis-mumis\\\/#primaryimage\"},\"image\":{\"@id\":\"https:\\\/\\\/servicecheck.ee\\\/lt\\\/apie-mus\\\/kodel-verta-rinktis-mumis\\\/#primaryimage\"},\"thumbnailUrl\":\"https:\\\/\\\/servicecheck.dive-group.com\\\/wp-content\\\/uploads\\\/2014\\\/05\\\/Miks-valida-meid-300x300.jpg\",\"datePublished\":\"2014-08-05T10:07:37+00:00\",\"dateModified\":\"2025-03-19T09:19:04+00:00\",\"description\":\"Nuo \u012fmon\u0117s \u012fk\u016brimo mums pavyko pad\u0117ti daugeliui dideli\u0173 ir \u017einom\u0173 \u012fmoni\u0173 u\u017etikrinti, palaikyti ir pl\u0117toti savo vartotoj\u0173 aptarnavimo kokyb\u0119. M\u016bs\u0173 klient\u0173\",\"breadcrumb\":{\"@id\":\"https:\\\/\\\/servicecheck.ee\\\/lt\\\/apie-mus\\\/kodel-verta-rinktis-mumis\\\/#breadcrumb\"},\"inLanguage\":\"lt\",\"potentialAction\":[{\"@type\":\"ReadAction\",\"target\":[\"https:\\\/\\\/servicecheck.ee\\\/lt\\\/apie-mus\\\/kodel-verta-rinktis-mumis\\\/\"]}]},{\"@type\":\"ImageObject\",\"inLanguage\":\"lt\",\"@id\":\"https:\\\/\\\/servicecheck.ee\\\/lt\\\/apie-mus\\\/kodel-verta-rinktis-mumis\\\/#primaryimage\",\"url\":\"https:\\\/\\\/servicecheck.dive-group.com\\\/wp-content\\\/uploads\\\/2014\\\/05\\\/Miks-valida-meid-300x300.jpg\",\"contentUrl\":\"https:\\\/\\\/servicecheck.dive-group.com\\\/wp-content\\\/uploads\\\/2014\\\/05\\\/Miks-valida-meid-300x300.jpg\"},{\"@type\":\"BreadcrumbList\",\"@id\":\"https:\\\/\\\/servicecheck.ee\\\/lt\\\/apie-mus\\\/kodel-verta-rinktis-mumis\\\/#breadcrumb\",\"itemListElement\":[{\"@type\":\"ListItem\",\"position\":1,\"name\":\"Home\",\"item\":\"https:\\\/\\\/servicecheck.ee\\\/lt\\\/\"},{\"@type\":\"ListItem\",\"position\":2,\"name\":\"Apie mus\",\"item\":\"https:\\\/\\\/servicecheck.ee\\\/lt\\\/apie-mus\\\/\"},{\"@type\":\"ListItem\",\"position\":3,\"name\":\"Kod\u0117l verta rinktis mumis?\"}]},{\"@type\":\"WebSite\",\"@id\":\"https:\\\/\\\/servicecheck.ee\\\/lt\\\/#website\",\"url\":\"https:\\\/\\\/servicecheck.ee\\\/lt\\\/\",\"name\":\"Service Check\",\"description\":\"Part of Dive\",\"potentialAction\":[{\"@type\":\"SearchAction\",\"target\":{\"@type\":\"EntryPoint\",\"urlTemplate\":\"https:\\\/\\\/servicecheck.ee\\\/lt\\\/?s={search_term_string}\"},\"query-input\":{\"@type\":\"PropertyValueSpecification\",\"valueRequired\":true,\"valueName\":\"search_term_string\"}}],\"inLanguage\":\"lt\"}]}<\/script>\n<!-- \/ Yoast SEO plugin. -->","yoast_head_json":{"title":"Kod\u0117l verta rinktis mumis? - Service Check - Mystery Shopping","description":"Nuo \u012fmon\u0117s \u012fk\u016brimo mums pavyko pad\u0117ti daugeliui dideli\u0173 ir \u017einom\u0173 \u012fmoni\u0173 u\u017etikrinti, palaikyti ir pl\u0117toti savo vartotoj\u0173 aptarnavimo kokyb\u0119. M\u016bs\u0173 klient\u0173","robots":{"index":"index","follow":"follow","max-snippet":"max-snippet:-1","max-image-preview":"max-image-preview:large","max-video-preview":"max-video-preview:-1"},"canonical":"https:\/\/servicecheck.ee\/lt\/apie-mus\/kodel-verta-rinktis-mumis\/","og_locale":"lt_LT","og_type":"article","og_title":"Kod\u0117l verta rinktis mumis? - Service Check - Mystery Shopping","og_description":"Nuo \u012fmon\u0117s \u012fk\u016brimo mums pavyko pad\u0117ti daugeliui dideli\u0173 ir \u017einom\u0173 \u012fmoni\u0173 u\u017etikrinti, palaikyti ir pl\u0117toti savo vartotoj\u0173 aptarnavimo kokyb\u0119. M\u016bs\u0173 klient\u0173","og_url":"https:\/\/servicecheck.ee\/lt\/apie-mus\/kodel-verta-rinktis-mumis\/","og_site_name":"Service Check","article_modified_time":"2025-03-19T09:19:04+00:00","og_image":[{"width":693,"height":693,"url":"https:\/\/servicecheck.ee\/wp-content\/uploads\/2014\/05\/Miks-valida-meid.jpg","type":"image\/jpeg"}],"twitter_misc":{"Est. reading time":"1 minute"},"schema":{"@context":"https:\/\/schema.org","@graph":[{"@type":"WebPage","@id":"https:\/\/servicecheck.ee\/lt\/apie-mus\/kodel-verta-rinktis-mumis\/","url":"https:\/\/servicecheck.ee\/lt\/apie-mus\/kodel-verta-rinktis-mumis\/","name":"Kod\u0117l verta rinktis mumis? - Service Check - Mystery Shopping","isPartOf":{"@id":"https:\/\/servicecheck.ee\/lt\/#website"},"primaryImageOfPage":{"@id":"https:\/\/servicecheck.ee\/lt\/apie-mus\/kodel-verta-rinktis-mumis\/#primaryimage"},"image":{"@id":"https:\/\/servicecheck.ee\/lt\/apie-mus\/kodel-verta-rinktis-mumis\/#primaryimage"},"thumbnailUrl":"https:\/\/servicecheck.dive-group.com\/wp-content\/uploads\/2014\/05\/Miks-valida-meid-300x300.jpg","datePublished":"2014-08-05T10:07:37+00:00","dateModified":"2025-03-19T09:19:04+00:00","description":"Nuo \u012fmon\u0117s \u012fk\u016brimo mums pavyko pad\u0117ti daugeliui dideli\u0173 ir \u017einom\u0173 \u012fmoni\u0173 u\u017etikrinti, palaikyti ir pl\u0117toti savo vartotoj\u0173 aptarnavimo kokyb\u0119. M\u016bs\u0173 klient\u0173","breadcrumb":{"@id":"https:\/\/servicecheck.ee\/lt\/apie-mus\/kodel-verta-rinktis-mumis\/#breadcrumb"},"inLanguage":"lt","potentialAction":[{"@type":"ReadAction","target":["https:\/\/servicecheck.ee\/lt\/apie-mus\/kodel-verta-rinktis-mumis\/"]}]},{"@type":"ImageObject","inLanguage":"lt","@id":"https:\/\/servicecheck.ee\/lt\/apie-mus\/kodel-verta-rinktis-mumis\/#primaryimage","url":"https:\/\/servicecheck.dive-group.com\/wp-content\/uploads\/2014\/05\/Miks-valida-meid-300x300.jpg","contentUrl":"https:\/\/servicecheck.dive-group.com\/wp-content\/uploads\/2014\/05\/Miks-valida-meid-300x300.jpg"},{"@type":"BreadcrumbList","@id":"https:\/\/servicecheck.ee\/lt\/apie-mus\/kodel-verta-rinktis-mumis\/#breadcrumb","itemListElement":[{"@type":"ListItem","position":1,"name":"Home","item":"https:\/\/servicecheck.ee\/lt\/"},{"@type":"ListItem","position":2,"name":"Apie mus","item":"https:\/\/servicecheck.ee\/lt\/apie-mus\/"},{"@type":"ListItem","position":3,"name":"Kod\u0117l verta rinktis mumis?"}]},{"@type":"WebSite","@id":"https:\/\/servicecheck.ee\/lt\/#website","url":"https:\/\/servicecheck.ee\/lt\/","name":"Service Check","description":"Part of Dive","potentialAction":[{"@type":"SearchAction","target":{"@type":"EntryPoint","urlTemplate":"https:\/\/servicecheck.ee\/lt\/?s={search_term_string}"},"query-input":{"@type":"PropertyValueSpecification","valueRequired":true,"valueName":"search_term_string"}}],"inLanguage":"lt"}]}},"_links":{"self":[{"href":"https:\/\/servicecheck.ee\/lt\/wp-json\/wp\/v2\/pages\/539","targetHints":{"allow":["GET"]}}],"collection":[{"href":"https:\/\/servicecheck.ee\/lt\/wp-json\/wp\/v2\/pages"}],"about":[{"href":"https:\/\/servicecheck.ee\/lt\/wp-json\/wp\/v2\/types\/page"}],"author":[{"embeddable":true,"href":"https:\/\/servicecheck.ee\/lt\/wp-json\/wp\/v2\/users\/1"}],"replies":[{"embeddable":true,"href":"https:\/\/servicecheck.ee\/lt\/wp-json\/wp\/v2\/comments?post=539"}],"version-history":[{"count":7,"href":"https:\/\/servicecheck.ee\/lt\/wp-json\/wp\/v2\/pages\/539\/revisions"}],"predecessor-version":[{"id":2608,"href":"https:\/\/servicecheck.ee\/lt\/wp-json\/wp\/v2\/pages\/539\/revisions\/2608"}],"up":[{"embeddable":true,"href":"https:\/\/servicecheck.ee\/lt\/wp-json\/wp\/v2\/pages\/533"}],"wp:attachment":[{"href":"https:\/\/servicecheck.ee\/lt\/wp-json\/wp\/v2\/media?parent=539"}],"curies":[{"name":"wp","href":"https:\/\/api.w.org\/{rel}","templated":true}]}}