{"id":546,"date":"2014-08-05T13:43:53","date_gmt":"2014-08-05T10:43:53","guid":{"rendered":"https:\/\/servicecheck.dive-group.com\/?page_id=546"},"modified":"2025-03-19T11:17:42","modified_gmt":"2025-03-19T09:17:42","slug":"imones-istorija","status":"publish","type":"page","link":"https:\/\/servicecheck.ee\/lt\/apie-mus\/imones-istorija\/","title":{"rendered":"\u012emon\u0117s istorija"},"content":{"rendered":"<p>Service Check O\u00dc buvo \u012fkurta 2011 metais norint pad\u0117ti gerinti vartotoj\u0173 aptarnavimo kult\u016br\u0105 Estijoje. \u0160iandien \u012fmon\u0117 yra i\u0161sipl\u0117tus ir klient\u0173 yra vertinama kaip geras partneris bei \u012frod\u0117, kad yra vertingas rinkai.<\/p>\n<p><a href=\"https:\/\/servicecheck.dive-group.com\/wp-content\/uploads\/2014\/05\/Ettev\u00f5ttest.jpg\"><img loading=\"lazy\" decoding=\"async\" class=\"alignright wp-image-266 size-medium\" src=\"https:\/\/servicecheck.dive-group.com\/wp-content\/uploads\/2014\/05\/Ettev\u00f5ttest-300x200.jpg\" alt=\"Service Check O\u00dc\" width=\"300\" height=\"200\" srcset=\"https:\/\/servicecheck.ee\/wp-content\/uploads\/2014\/05\/Ettev\u00f5ttest-300x200.jpg 300w, https:\/\/servicecheck.ee\/wp-content\/uploads\/2014\/05\/Ettev\u00f5ttest.jpg 1024w\" sizes=\"auto, (max-width: 300px) 100vw, 300px\" \/><\/a><\/p>\n<p>Pagrindin\u0117 \u012fmon\u0117s misija yra teikti vartotoj\u0173 aptarnavimo tyrimus naudojant populiar\u0173 <a href=\"https:\/\/servicecheck.ee\/lt\/paslaugos\/slaptu-pirkeju-tyrimas\/\">slapt\u0173 apsipirkim\u0173 metod\u0105<\/a>. Service Check vertina ne tik tiesiogin\u012f vartotoj\u0173 aptarnavim\u0105 naudojant slaptus vizitus, bet vykdo ir <a href=\"https:\/\/servicecheck.ee\/lt\/paslaugos\/slaptu-pirkeju-tyrimas\/vertinimas-naudojant-slaptus-skambucius-ir-laiskus\/\">skambu\u010di\u0173 bei el.lai\u0161k\u0173<\/a> aptarnavimo kokyb\u0117s vertinim\u0105; taip pat teikia galimyb\u0119 tikrinti j\u016bs\u0173 <a href=\"https:\/\/servicecheck.ee\/lt\/paslaugos\/slaptu-pirkeju-tyrimas\/mazmenininku-ir-prekybininku-vertinimas\/\">produkcijos prekiautojus<\/a>. Klientams galime suteikti konsultacijas ir kitas paslaugas susijusias su j\u016bs\u0173 aptarnavimo kokyb\u0117s gerinimu, taip pat ir mokymus j\u016bs\u0173 darbuotojams pasitelkiant \u012f pagalb\u0105 m\u016bs\u0173 lojalius partnerius.<\/p>\n<p>Ger\u0173 atsiliepim\u0173 i\u0161 klient\u0173 ir gan spar\u010dios pl\u0117tros d\u0117ka, nuo 2013 met\u0173 \u012fmon\u0117 prad\u0117jo teikti savo paslaugas Latvijoje ir Lietuvoje; artimoje ateityje prad\u0117sime dirbti ir Suomijoje.<\/p>\n<p>Nuo 2014 met\u0173 Service Check prad\u0117jo vykdyti slaptus vizitus su garso ir vaizdo \u012fra\u0161ais, pirmuosius tokio pob\u016bd\u017eio Estijoje. Tai \u012fgalina dar i\u0161samesnias slapt\u0173 vizit\u0173 ap\u017evalgas (ir vartotoj\u0173 aptarnavimo kokyb\u0119).<\/p>\n","protected":false},"excerpt":{"rendered":"<p>Service Check O\u00dc buvo \u012fkurta 2011 metais norint pad\u0117ti gerinti vartotoj\u0173 aptarnavimo kult\u016br\u0105 Estijoje. \u0160iandien \u012fmon\u0117 yra i\u0161sipl\u0117tus ir klient\u0173 yra vertinama kaip geras partneris bei \u012frod\u0117, kad yra vertingas rinkai. Pagrindin\u0117 \u012fmon\u0117s misija yra teikti vartotoj\u0173 aptarnavimo tyrimus naudojant populiar\u0173 slapt\u0173 apsipirkim\u0173 metod\u0105. Service Check vertina ne tik tiesiogin\u012f&#8230;<\/p>\n","protected":false},"author":1,"featured_media":0,"parent":533,"menu_order":0,"comment_status":"closed","ping_status":"open","template":"","meta":{"_crdt_document":"","footnotes":""},"class_list":["post-546","page","type-page","status-publish","hentry"],"yoast_head":"<!-- This site is optimized with the Yoast SEO plugin v27.5 - https:\/\/yoast.com\/product\/yoast-seo-wordpress\/ -->\n<title>\u012emon\u0117s istorija - Service Check - Mystery Shopping<\/title>\n<meta name=\"description\" content=\"Service Check O\u00dc buvo \u012fkurta 2011 metais norint pad\u0117ti gerinti vartotoj\u0173 aptarnavimo kult\u016br\u0105 Estijoje. \u0160iandien \u012fmon\u0117 yra i\u0161sipl\u0117tus ir klient\u0173 yra\" \/>\n<meta name=\"robots\" content=\"index, follow, max-snippet:-1, max-image-preview:large, max-video-preview:-1\" \/>\n<link rel=\"canonical\" href=\"https:\/\/servicecheck.ee\/lt\/apie-mus\/imones-istorija\/\" \/>\n<meta property=\"og:locale\" content=\"lt_LT\" \/>\n<meta property=\"og:type\" content=\"article\" \/>\n<meta property=\"og:title\" content=\"\u012emon\u0117s istorija - Service Check - Mystery Shopping\" \/>\n<meta property=\"og:description\" content=\"Service Check O\u00dc buvo \u012fkurta 2011 metais norint pad\u0117ti gerinti vartotoj\u0173 aptarnavimo kult\u016br\u0105 Estijoje. \u0160iandien \u012fmon\u0117 yra i\u0161sipl\u0117tus ir klient\u0173 yra\" \/>\n<meta property=\"og:url\" content=\"https:\/\/servicecheck.ee\/lt\/apie-mus\/imones-istorija\/\" \/>\n<meta property=\"og:site_name\" content=\"Service Check\" \/>\n<meta property=\"article:modified_time\" content=\"2025-03-19T09:17:42+00:00\" \/>\n<meta name=\"twitter:label1\" content=\"Est. reading time\" \/>\n\t<meta name=\"twitter:data1\" content=\"1 minute\" \/>\n<script type=\"application\/ld+json\" class=\"yoast-schema-graph\">{\"@context\":\"https:\\\/\\\/schema.org\",\"@graph\":[{\"@type\":\"WebPage\",\"@id\":\"https:\\\/\\\/servicecheck.ee\\\/lt\\\/apie-mus\\\/imones-istorija\\\/\",\"url\":\"https:\\\/\\\/servicecheck.ee\\\/lt\\\/apie-mus\\\/imones-istorija\\\/\",\"name\":\"\u012emon\u0117s istorija - Service Check - Mystery Shopping\",\"isPartOf\":{\"@id\":\"https:\\\/\\\/servicecheck.ee\\\/lt\\\/#website\"},\"datePublished\":\"2014-08-05T10:43:53+00:00\",\"dateModified\":\"2025-03-19T09:17:42+00:00\",\"description\":\"Service Check O\u00dc buvo \u012fkurta 2011 metais norint pad\u0117ti gerinti vartotoj\u0173 aptarnavimo kult\u016br\u0105 Estijoje. \u0160iandien \u012fmon\u0117 yra i\u0161sipl\u0117tus ir klient\u0173 yra\",\"breadcrumb\":{\"@id\":\"https:\\\/\\\/servicecheck.ee\\\/lt\\\/apie-mus\\\/imones-istorija\\\/#breadcrumb\"},\"inLanguage\":\"lt\",\"potentialAction\":[{\"@type\":\"ReadAction\",\"target\":[\"https:\\\/\\\/servicecheck.ee\\\/lt\\\/apie-mus\\\/imones-istorija\\\/\"]}]},{\"@type\":\"BreadcrumbList\",\"@id\":\"https:\\\/\\\/servicecheck.ee\\\/lt\\\/apie-mus\\\/imones-istorija\\\/#breadcrumb\",\"itemListElement\":[{\"@type\":\"ListItem\",\"position\":1,\"name\":\"Home\",\"item\":\"https:\\\/\\\/servicecheck.ee\\\/lt\\\/\"},{\"@type\":\"ListItem\",\"position\":2,\"name\":\"Apie mus\",\"item\":\"https:\\\/\\\/servicecheck.ee\\\/lt\\\/apie-mus\\\/\"},{\"@type\":\"ListItem\",\"position\":3,\"name\":\"\u012emon\u0117s istorija\"}]},{\"@type\":\"WebSite\",\"@id\":\"https:\\\/\\\/servicecheck.ee\\\/lt\\\/#website\",\"url\":\"https:\\\/\\\/servicecheck.ee\\\/lt\\\/\",\"name\":\"Service Check\",\"description\":\"Part of Dive\",\"potentialAction\":[{\"@type\":\"SearchAction\",\"target\":{\"@type\":\"EntryPoint\",\"urlTemplate\":\"https:\\\/\\\/servicecheck.ee\\\/lt\\\/?s={search_term_string}\"},\"query-input\":{\"@type\":\"PropertyValueSpecification\",\"valueRequired\":true,\"valueName\":\"search_term_string\"}}],\"inLanguage\":\"lt\"}]}<\/script>\n<!-- \/ Yoast SEO plugin. -->","yoast_head_json":{"title":"\u012emon\u0117s istorija - Service Check - Mystery Shopping","description":"Service Check O\u00dc buvo \u012fkurta 2011 metais norint pad\u0117ti gerinti vartotoj\u0173 aptarnavimo kult\u016br\u0105 Estijoje. \u0160iandien \u012fmon\u0117 yra i\u0161sipl\u0117tus ir klient\u0173 yra","robots":{"index":"index","follow":"follow","max-snippet":"max-snippet:-1","max-image-preview":"max-image-preview:large","max-video-preview":"max-video-preview:-1"},"canonical":"https:\/\/servicecheck.ee\/lt\/apie-mus\/imones-istorija\/","og_locale":"lt_LT","og_type":"article","og_title":"\u012emon\u0117s istorija - Service Check - Mystery Shopping","og_description":"Service Check O\u00dc buvo \u012fkurta 2011 metais norint pad\u0117ti gerinti vartotoj\u0173 aptarnavimo kult\u016br\u0105 Estijoje. \u0160iandien \u012fmon\u0117 yra i\u0161sipl\u0117tus ir klient\u0173 yra","og_url":"https:\/\/servicecheck.ee\/lt\/apie-mus\/imones-istorija\/","og_site_name":"Service Check","article_modified_time":"2025-03-19T09:17:42+00:00","twitter_misc":{"Est. reading time":"1 minute"},"schema":{"@context":"https:\/\/schema.org","@graph":[{"@type":"WebPage","@id":"https:\/\/servicecheck.ee\/lt\/apie-mus\/imones-istorija\/","url":"https:\/\/servicecheck.ee\/lt\/apie-mus\/imones-istorija\/","name":"\u012emon\u0117s istorija - Service Check - Mystery Shopping","isPartOf":{"@id":"https:\/\/servicecheck.ee\/lt\/#website"},"datePublished":"2014-08-05T10:43:53+00:00","dateModified":"2025-03-19T09:17:42+00:00","description":"Service Check O\u00dc buvo \u012fkurta 2011 metais norint pad\u0117ti gerinti vartotoj\u0173 aptarnavimo kult\u016br\u0105 Estijoje. \u0160iandien \u012fmon\u0117 yra i\u0161sipl\u0117tus ir klient\u0173 yra","breadcrumb":{"@id":"https:\/\/servicecheck.ee\/lt\/apie-mus\/imones-istorija\/#breadcrumb"},"inLanguage":"lt","potentialAction":[{"@type":"ReadAction","target":["https:\/\/servicecheck.ee\/lt\/apie-mus\/imones-istorija\/"]}]},{"@type":"BreadcrumbList","@id":"https:\/\/servicecheck.ee\/lt\/apie-mus\/imones-istorija\/#breadcrumb","itemListElement":[{"@type":"ListItem","position":1,"name":"Home","item":"https:\/\/servicecheck.ee\/lt\/"},{"@type":"ListItem","position":2,"name":"Apie mus","item":"https:\/\/servicecheck.ee\/lt\/apie-mus\/"},{"@type":"ListItem","position":3,"name":"\u012emon\u0117s istorija"}]},{"@type":"WebSite","@id":"https:\/\/servicecheck.ee\/lt\/#website","url":"https:\/\/servicecheck.ee\/lt\/","name":"Service Check","description":"Part of Dive","potentialAction":[{"@type":"SearchAction","target":{"@type":"EntryPoint","urlTemplate":"https:\/\/servicecheck.ee\/lt\/?s={search_term_string}"},"query-input":{"@type":"PropertyValueSpecification","valueRequired":true,"valueName":"search_term_string"}}],"inLanguage":"lt"}]}},"_links":{"self":[{"href":"https:\/\/servicecheck.ee\/lt\/wp-json\/wp\/v2\/pages\/546","targetHints":{"allow":["GET"]}}],"collection":[{"href":"https:\/\/servicecheck.ee\/lt\/wp-json\/wp\/v2\/pages"}],"about":[{"href":"https:\/\/servicecheck.ee\/lt\/wp-json\/wp\/v2\/types\/page"}],"author":[{"embeddable":true,"href":"https:\/\/servicecheck.ee\/lt\/wp-json\/wp\/v2\/users\/1"}],"replies":[{"embeddable":true,"href":"https:\/\/servicecheck.ee\/lt\/wp-json\/wp\/v2\/comments?post=546"}],"version-history":[{"count":4,"href":"https:\/\/servicecheck.ee\/lt\/wp-json\/wp\/v2\/pages\/546\/revisions"}],"predecessor-version":[{"id":2599,"href":"https:\/\/servicecheck.ee\/lt\/wp-json\/wp\/v2\/pages\/546\/revisions\/2599"}],"up":[{"embeddable":true,"href":"https:\/\/servicecheck.ee\/lt\/wp-json\/wp\/v2\/pages\/533"}],"wp:attachment":[{"href":"https:\/\/servicecheck.ee\/lt\/wp-json\/wp\/v2\/media?parent=546"}],"curies":[{"name":"wp","href":"https:\/\/api.w.org\/{rel}","templated":true}]}}