{"id":554,"date":"2014-08-05T13:53:50","date_gmt":"2014-08-05T10:53:50","guid":{"rendered":"https:\/\/servicecheck.dive-group.com\/?page_id=554"},"modified":"2025-03-19T11:17:40","modified_gmt":"2025-03-19T09:17:40","slug":"misija-vizija-ir-vertybes","status":"publish","type":"page","link":"https:\/\/servicecheck.ee\/lt\/apie-mus\/misija-vizija-ir-vertybes\/","title":{"rendered":"Misija vizija ir vertyb\u0117s"},"content":{"rendered":"<p>M\u016bs\u0173 misija yra <strong>nuolatos<\/strong> tobulinti m\u016bs\u0173 partneri\u0173 vartotoj\u0173 aptarnavimo kokyb\u0119, si\u016blant jiems <strong>asmeninius<\/strong> ir <strong>modernius<\/strong> sprendimus.<\/p>\n<p>Nuolatinis \u2013 mes tikime, kad norint pagerinti vartotoj\u0173 aptarnavimo kokyb\u0119, turi b\u016bti vykdomas nuolatinis procesas, o bendradarbiavimas turi b\u016bti nustatytas ir glaudus. Asmeninis &#8211;\u00a0 mes pritaikome sprendimus b\u016btent pagal j\u016bs\u0173 \u012fmon\u0117s prigimt\u012f ir poreikius. Tai leid\u017eia jums gauti daugiau naudos i\u0161 proceso, nei i\u0161 standartin\u0117s paslaugos. Modernus \u2013 mes jums galime pasi\u016blyti puikios kokyb\u0117s paslaugas.<\/p>\n<p>M\u016bs\u0173 vizija yra b\u016bti pripa\u017eintu partneriu Baltijos ir Skandinavijos \u0161alyse, padedan\u010diu gerinti vartotoj\u0173 aptarnavimo kokyb\u0119.<\/p>\n<h2>M\u016bs\u0173 vertyb\u0117s:<\/h2>\n<p><strong>Asmeninis po\u017ei\u016bris<\/strong> \u2013 m\u016bs\u0173 sprendimuose atsispindi specifiniai kliento poreikiai ir vertyb\u0117s.<\/p>\n<p><strong>Objektyvumas<\/strong> \u2013 Mes vengiame subjektyvi\u0173 vertinim\u0173 ir savo darbe remiam\u0117s tik konkre\u010diais faktais.<\/p>\n<p><strong>S\u0105\u017einingumas<\/strong> \u2013 mes vertiname s\u0105\u017einingum\u0105 ir tiesum\u0105 tiek bendraujant su klientais tiek su savo kolektyvu. Glaud\u017eiai bendradarbiaujant su savo klientais, mes siekiame pad\u0117ti jiems pasiekti geresni\u0173 rezultat\u0173.<\/p>\n<p><strong>Atsidavimas<\/strong> \u2013 mes esame atsidav\u0119 savo darbui ir siekiame b\u016bti geriausi savo srityje. Siekiame vystyti glaud\u0173 bendradarbiavim\u0105 su klientais, kad gal\u0117tume pad\u0117ti jiems siekti geresni\u0173 \u012fmon\u0117s rezultat\u0173.<\/p>\n","protected":false},"excerpt":{"rendered":"<p>M\u016bs\u0173 misija yra nuolatos tobulinti m\u016bs\u0173 partneri\u0173 vartotoj\u0173 aptarnavimo kokyb\u0119, si\u016blant jiems asmeninius ir modernius sprendimus. Nuolatinis \u2013 mes tikime, kad norint pagerinti vartotoj\u0173 aptarnavimo kokyb\u0119, turi b\u016bti vykdomas nuolatinis procesas, o bendradarbiavimas turi b\u016bti nustatytas ir glaudus. Asmeninis &#8211;\u00a0 mes pritaikome sprendimus b\u016btent pagal j\u016bs\u0173 \u012fmon\u0117s prigimt\u012f ir poreikius&#8230;.<\/p>\n","protected":false},"author":1,"featured_media":0,"parent":533,"menu_order":0,"comment_status":"closed","ping_status":"open","template":"","meta":{"_crdt_document":"","footnotes":""},"class_list":["post-554","page","type-page","status-publish","hentry"],"yoast_head":"<!-- This site is optimized with the Yoast SEO plugin v27.3 - https:\/\/yoast.com\/product\/yoast-seo-wordpress\/ -->\n<title>Misija vizija ir vertyb\u0117s - Service Check - Mystery Shopping<\/title>\n<meta name=\"description\" content=\"M\u016bs\u0173 misija yra nuolatos tobulinti m\u016bs\u0173 partneri\u0173 vartotoj\u0173 aptarnavimo kokyb\u0119, si\u016blant jiems asmeninius ir modernius sprendimus. Nuolatinis \u2013 mes tikime,\" \/>\n<meta name=\"robots\" content=\"index, follow, max-snippet:-1, max-image-preview:large, max-video-preview:-1\" \/>\n<link rel=\"canonical\" href=\"https:\/\/servicecheck.ee\/lt\/apie-mus\/misija-vizija-ir-vertybes\/\" \/>\n<meta property=\"og:locale\" content=\"lt_LT\" \/>\n<meta property=\"og:type\" content=\"article\" \/>\n<meta property=\"og:title\" content=\"Misija vizija ir vertyb\u0117s - Service Check - Mystery Shopping\" \/>\n<meta property=\"og:description\" content=\"M\u016bs\u0173 misija yra nuolatos tobulinti m\u016bs\u0173 partneri\u0173 vartotoj\u0173 aptarnavimo kokyb\u0119, si\u016blant jiems asmeninius ir modernius sprendimus. Nuolatinis \u2013 mes tikime,\" \/>\n<meta property=\"og:url\" content=\"https:\/\/servicecheck.ee\/lt\/apie-mus\/misija-vizija-ir-vertybes\/\" \/>\n<meta property=\"og:site_name\" content=\"Service Check\" \/>\n<meta property=\"article:modified_time\" content=\"2025-03-19T09:17:40+00:00\" \/>\n<meta name=\"twitter:label1\" content=\"Est. reading time\" \/>\n\t<meta name=\"twitter:data1\" content=\"1 minute\" \/>\n<script type=\"application\/ld+json\" class=\"yoast-schema-graph\">{\"@context\":\"https:\\\/\\\/schema.org\",\"@graph\":[{\"@type\":\"WebPage\",\"@id\":\"https:\\\/\\\/servicecheck.ee\\\/lt\\\/apie-mus\\\/misija-vizija-ir-vertybes\\\/\",\"url\":\"https:\\\/\\\/servicecheck.ee\\\/lt\\\/apie-mus\\\/misija-vizija-ir-vertybes\\\/\",\"name\":\"Misija vizija ir vertyb\u0117s - Service Check - Mystery Shopping\",\"isPartOf\":{\"@id\":\"https:\\\/\\\/servicecheck.ee\\\/lt\\\/#website\"},\"datePublished\":\"2014-08-05T10:53:50+00:00\",\"dateModified\":\"2025-03-19T09:17:40+00:00\",\"description\":\"M\u016bs\u0173 misija yra nuolatos tobulinti m\u016bs\u0173 partneri\u0173 vartotoj\u0173 aptarnavimo kokyb\u0119, si\u016blant jiems asmeninius ir modernius sprendimus. Nuolatinis \u2013 mes tikime,\",\"breadcrumb\":{\"@id\":\"https:\\\/\\\/servicecheck.ee\\\/lt\\\/apie-mus\\\/misija-vizija-ir-vertybes\\\/#breadcrumb\"},\"inLanguage\":\"lt\",\"potentialAction\":[{\"@type\":\"ReadAction\",\"target\":[\"https:\\\/\\\/servicecheck.ee\\\/lt\\\/apie-mus\\\/misija-vizija-ir-vertybes\\\/\"]}]},{\"@type\":\"BreadcrumbList\",\"@id\":\"https:\\\/\\\/servicecheck.ee\\\/lt\\\/apie-mus\\\/misija-vizija-ir-vertybes\\\/#breadcrumb\",\"itemListElement\":[{\"@type\":\"ListItem\",\"position\":1,\"name\":\"Home\",\"item\":\"https:\\\/\\\/servicecheck.ee\\\/lt\\\/\"},{\"@type\":\"ListItem\",\"position\":2,\"name\":\"Apie mus\",\"item\":\"https:\\\/\\\/servicecheck.ee\\\/lt\\\/apie-mus\\\/\"},{\"@type\":\"ListItem\",\"position\":3,\"name\":\"Misija vizija ir vertyb\u0117s\"}]},{\"@type\":\"WebSite\",\"@id\":\"https:\\\/\\\/servicecheck.ee\\\/lt\\\/#website\",\"url\":\"https:\\\/\\\/servicecheck.ee\\\/lt\\\/\",\"name\":\"Service Check\",\"description\":\"Part of Dive\",\"potentialAction\":[{\"@type\":\"SearchAction\",\"target\":{\"@type\":\"EntryPoint\",\"urlTemplate\":\"https:\\\/\\\/servicecheck.ee\\\/lt\\\/?s={search_term_string}\"},\"query-input\":{\"@type\":\"PropertyValueSpecification\",\"valueRequired\":true,\"valueName\":\"search_term_string\"}}],\"inLanguage\":\"lt\"}]}<\/script>\n<!-- \/ Yoast SEO plugin. -->","yoast_head_json":{"title":"Misija vizija ir vertyb\u0117s - Service Check - Mystery Shopping","description":"M\u016bs\u0173 misija yra nuolatos tobulinti m\u016bs\u0173 partneri\u0173 vartotoj\u0173 aptarnavimo kokyb\u0119, si\u016blant jiems asmeninius ir modernius sprendimus. Nuolatinis \u2013 mes tikime,","robots":{"index":"index","follow":"follow","max-snippet":"max-snippet:-1","max-image-preview":"max-image-preview:large","max-video-preview":"max-video-preview:-1"},"canonical":"https:\/\/servicecheck.ee\/lt\/apie-mus\/misija-vizija-ir-vertybes\/","og_locale":"lt_LT","og_type":"article","og_title":"Misija vizija ir vertyb\u0117s - Service Check - Mystery Shopping","og_description":"M\u016bs\u0173 misija yra nuolatos tobulinti m\u016bs\u0173 partneri\u0173 vartotoj\u0173 aptarnavimo kokyb\u0119, si\u016blant jiems asmeninius ir modernius sprendimus. Nuolatinis \u2013 mes tikime,","og_url":"https:\/\/servicecheck.ee\/lt\/apie-mus\/misija-vizija-ir-vertybes\/","og_site_name":"Service Check","article_modified_time":"2025-03-19T09:17:40+00:00","twitter_misc":{"Est. reading time":"1 minute"},"schema":{"@context":"https:\/\/schema.org","@graph":[{"@type":"WebPage","@id":"https:\/\/servicecheck.ee\/lt\/apie-mus\/misija-vizija-ir-vertybes\/","url":"https:\/\/servicecheck.ee\/lt\/apie-mus\/misija-vizija-ir-vertybes\/","name":"Misija vizija ir vertyb\u0117s - Service Check - Mystery Shopping","isPartOf":{"@id":"https:\/\/servicecheck.ee\/lt\/#website"},"datePublished":"2014-08-05T10:53:50+00:00","dateModified":"2025-03-19T09:17:40+00:00","description":"M\u016bs\u0173 misija yra nuolatos tobulinti m\u016bs\u0173 partneri\u0173 vartotoj\u0173 aptarnavimo kokyb\u0119, si\u016blant jiems asmeninius ir modernius sprendimus. Nuolatinis \u2013 mes tikime,","breadcrumb":{"@id":"https:\/\/servicecheck.ee\/lt\/apie-mus\/misija-vizija-ir-vertybes\/#breadcrumb"},"inLanguage":"lt","potentialAction":[{"@type":"ReadAction","target":["https:\/\/servicecheck.ee\/lt\/apie-mus\/misija-vizija-ir-vertybes\/"]}]},{"@type":"BreadcrumbList","@id":"https:\/\/servicecheck.ee\/lt\/apie-mus\/misija-vizija-ir-vertybes\/#breadcrumb","itemListElement":[{"@type":"ListItem","position":1,"name":"Home","item":"https:\/\/servicecheck.ee\/lt\/"},{"@type":"ListItem","position":2,"name":"Apie mus","item":"https:\/\/servicecheck.ee\/lt\/apie-mus\/"},{"@type":"ListItem","position":3,"name":"Misija vizija ir vertyb\u0117s"}]},{"@type":"WebSite","@id":"https:\/\/servicecheck.ee\/lt\/#website","url":"https:\/\/servicecheck.ee\/lt\/","name":"Service Check","description":"Part of Dive","potentialAction":[{"@type":"SearchAction","target":{"@type":"EntryPoint","urlTemplate":"https:\/\/servicecheck.ee\/lt\/?s={search_term_string}"},"query-input":{"@type":"PropertyValueSpecification","valueRequired":true,"valueName":"search_term_string"}}],"inLanguage":"lt"}]}},"_links":{"self":[{"href":"https:\/\/servicecheck.ee\/lt\/wp-json\/wp\/v2\/pages\/554","targetHints":{"allow":["GET"]}}],"collection":[{"href":"https:\/\/servicecheck.ee\/lt\/wp-json\/wp\/v2\/pages"}],"about":[{"href":"https:\/\/servicecheck.ee\/lt\/wp-json\/wp\/v2\/types\/page"}],"author":[{"embeddable":true,"href":"https:\/\/servicecheck.ee\/lt\/wp-json\/wp\/v2\/users\/1"}],"replies":[{"embeddable":true,"href":"https:\/\/servicecheck.ee\/lt\/wp-json\/wp\/v2\/comments?post=554"}],"version-history":[{"count":1,"href":"https:\/\/servicecheck.ee\/lt\/wp-json\/wp\/v2\/pages\/554\/revisions"}],"predecessor-version":[{"id":555,"href":"https:\/\/servicecheck.ee\/lt\/wp-json\/wp\/v2\/pages\/554\/revisions\/555"}],"up":[{"embeddable":true,"href":"https:\/\/servicecheck.ee\/lt\/wp-json\/wp\/v2\/pages\/533"}],"wp:attachment":[{"href":"https:\/\/servicecheck.ee\/lt\/wp-json\/wp\/v2\/media?parent=554"}],"curies":[{"name":"wp","href":"https:\/\/api.w.org\/{rel}","templated":true}]}}