{"id":478,"date":"2014-08-04T23:41:55","date_gmt":"2014-08-04T20:41:55","guid":{"rendered":"https:\/\/servicecheck.dive-group.com\/?page_id=478"},"modified":"2025-03-19T11:19:07","modified_gmt":"2025-03-19T09:19:07","slug":"tiessaistes-programmatura","status":"publish","type":"page","link":"https:\/\/servicecheck.ee\/lv\/par-mums\/tiessaistes-programmatura\/","title":{"rendered":"Tie\u0161saistes programmat\u016bra"},"content":{"rendered":"<p>Daudzveid\u012bga un augstas kvalit\u0101tes tie\u0161saistes programmat\u016bra ir svar\u012bgs darba r\u012bks gan klientiem, gan Service Check komandai. Sp\u0113c\u012bga internet\u0101 b\u0101z\u0113ta sist\u0113ma pal\u012bdz mums atrast, apm\u0101c\u012bt un piesaist\u012bt slepenos pirc\u0113jus; regul\u0113t atsauksmes un nos\u016bt\u012bt korektu, detaliz\u0113tu inform\u0101ciju klientiem par sa\u0146emtajiem rezult\u0101tiem. Internet\u0101 balst\u012bt\u0101 programmat\u016bra ir nepiecie\u0161ama, lai klientiem nodro\u0161in\u0101tu \u0101tru un lietot\u0101jam draudz\u012bgu piek\u013cuvi visiem datiem, un atvieglotu datu turpm\u0101ku anal\u012bzi. Service Check sadarbojas ar starptautiski akredit\u0113tu programmat\u016bras izstr\u0101d\u0101t\u0101ju Checker Software Systems Ltd.<\/p>\n<h2>Internet\u0101 balst\u012bt\u0101 programmat\u016bra \u013cauj:<\/h2>\n<ul>\n<li>Izmantojiet sist\u0113mu igau\u0146u, ang\u013cu, krievu un cit\u0101s valod\u0101s<\/li>\n<li>Nodro\u0161ina \u0113rtu veidu p\u0101rskat\u012bt projektu, kam\u0113r tas ir izstr\u0101des stadij\u0101.<\/li>\n<li>Nodro\u0161ina iesp\u0113ju sal\u012bdzin\u0101t datus, t\u0101d\u0113j\u0101di atkl\u0101jot pozit\u012bv\u0101s un negat\u012bv\u0101s klientu apkalpo\u0161anas tendences klienta uz\u0146\u0113mum\u0101.<\/li>\n<li>Pal\u012bdz eksport\u0113t datus uz da\u017e\u0101du failu form\u0101tiem.<\/li>\n<li>Nodro\u0161ina piek\u013cuvi programmat\u016brai ar neierobe\u017eotu lietot\u0101ju skaitu, bet da\u017e\u0101d\u0101m vajadz\u012bb\u0101m un datu izmanto\u0161anas ties\u012bb\u0101.<\/li>\n<li>Nodro\u0161ina iesp\u0113ju veidot lejupiel\u0101d\u0113jamas diagrammas, tabulas, sa\u0146emto datu anal\u012bzei. Dod iesp\u0113ju apstr\u0101d\u0101t datus, iev\u0113rojot klientu \u012bpa\u0161\u0101s pras\u012bbas.<\/li>\n<li>Nodro\u0161ina iesp\u0113ju sa\u0146emt autom\u0101tiskus pazi\u0146ojumus uz e-pastu vai SMS.<\/li>\n<\/ul>\n<h3>Ieskatu tie\u0161saistes programmat\u016bras lieto\u0161an\u0101 varat apl\u016bkot \u0161eit:<\/h3>\n<p><iframe loading=\"lazy\" src=\"\/\/www.youtube.com\/embed\/AMD4Dj8Lhco?rel=0\" width=\"640\" height=\"360\" frameborder=\"0\"><\/iframe><\/p>\n<p>No ieg\u016btajiem datiem, izmantojot programmat\u016bru, ir iesp\u0113jams veidot da\u017e\u0101da veida datu apkopojumus, sal\u012bdzin\u0101jumus, tabulas un diagrammas. Piem\u0113ram, lai p\u0101rskat\u012btu \u00a0viena slepen\u0101 apmekl\u0113juma rezult\u0101tus, tie tiek atspogu\u013coti vienk\u0101r\u0161as, \u0113rti p\u0101rskat\u0101mas tabulas veid\u0101, kur\u0101 iek\u013cauts slepen\u0101 apmekl\u0113juma veik\u0161anas datums, v\u0113rt\u0113tais uz\u0146\u0113mums un v\u0113rt\u0113tais darbinieks, nov\u0113rt\u0113jums atbilsto\u0161i krit\u0113rijiem, ieg\u016btais punktu skaits, kop\u0113jais rezult\u0101ts un slepen\u0101 pirc\u0113ja veiktie koment\u0101ri pie attiec\u012bg\u0101 krit\u0113rija v\u0113rt\u0113juma. Katra slepen\u0101 apmekl\u0113juma rezult\u0101tus ir iesp\u0113jams lejupiel\u0101d\u0113t atsevi\u0161ka dokumenta veid\u0101.<\/p>\n<p><a href=\"https:\/\/servicecheck.dive-group.com\/wp-content\/uploads\/2014\/05\/performance-summary-ordered-by-branches.jpg\"><img loading=\"lazy\" decoding=\"async\" class=\"alignnone wp-image-209\" src=\"https:\/\/servicecheck.dive-group.com\/wp-content\/uploads\/2014\/05\/performance-summary-ordered-by-branches.jpg\" alt=\"Performance summay table\" width=\"600\" height=\"148\" srcset=\"https:\/\/servicecheck.ee\/wp-content\/uploads\/2014\/05\/performance-summary-ordered-by-branches.jpg 923w, https:\/\/servicecheck.ee\/wp-content\/uploads\/2014\/05\/performance-summary-ordered-by-branches-300x74.jpg 300w\" sizes=\"auto, (max-width: 600px) 100vw, 600px\" \/><\/a><\/p>\n<p>Sal\u012bdzinot da\u017e\u0101d\u0101s darbinieku vai pakalpojumu sniedz\u0113ju\/uz\u0146\u0113mumu\/fili\u0101\u013cu rezult\u0101tus var izmantot \u00a0joslu diagrammu, kas prec\u012bzi par\u0101da izmai\u0146as noteiktos klienta izv\u0113l\u0113tajos krit\u0113rijos. \u0160\u0101d\u0101 veid\u0101 var veikt ar\u012b \u00a0da\u017e\u0101du re\u0123ionu ieg\u016bto rezult\u0101tu izp\u0113ti, redzot kop\u0113j\u0101s tendences klientu apklapo\u0161anas kvalit\u0101t\u0113.<\/p>\n<p><a href=\"https:\/\/servicecheck.dive-group.com\/wp-content\/uploads\/2014\/05\/5.jpg\"><img loading=\"lazy\" decoding=\"async\" class=\"alignnone wp-image-204\" src=\"https:\/\/servicecheck.dive-group.com\/wp-content\/uploads\/2014\/05\/5.jpg\" alt=\"Performance summary columns\" width=\"600\" height=\"307\" srcset=\"https:\/\/servicecheck.ee\/wp-content\/uploads\/2014\/05\/5.jpg 810w, https:\/\/servicecheck.ee\/wp-content\/uploads\/2014\/05\/5-300x153.jpg 300w\" sizes=\"auto, (max-width: 600px) 100vw, 600px\" \/><\/a><\/p>\n<p><a href=\"https:\/\/servicecheck.dive-group.com\/wp-content\/uploads\/2014\/05\/joond.jpg\"><img loading=\"lazy\" decoding=\"async\" class=\"alignnone wp-image-207 size-full\" src=\"https:\/\/servicecheck.dive-group.com\/wp-content\/uploads\/2014\/05\/joond.jpg\" alt=\"Performance summary line graph\" width=\"602\" height=\"399\" srcset=\"https:\/\/servicecheck.ee\/wp-content\/uploads\/2014\/05\/joond.jpg 602w, https:\/\/servicecheck.ee\/wp-content\/uploads\/2014\/05\/joond-300x198.jpg 300w\" sizes=\"auto, (max-width: 602px) 100vw, 602px\" \/><\/a><\/p>\n<p>Visas nov\u0113rt\u0113jum\u0101 sniegt\u0101s atbildes ir iesp\u0113jams analiz\u0113t detaliz\u0113ti, piem\u0113ram, sal\u012bdzin\u0101t tikai konkr\u0113tu krit\u0113riju izmai\u0146as darbinieka darb\u0101 noteikt\u0101 laika period\u0101, redzot pozit\u012bv\u0101s un negat\u012bv\u0101s tendences. T\u0101pat var tik sal\u012bdzin\u0101ts, piem\u0113ram , tikai viens krit\u0113rijs vis\u0101s pakalpojuma snieg\u0161anas viet\u0101s\/ fili\u0101l\u0113s\/ uz\u0146\u0113mumos, t\u0101d\u0113j\u0101di redzot kopainu vis\u0101 uz\u0146\u0113mum\u0101 kopum\u0101. Ieg\u016bto rezul\u0101tu apkopojums var tik veidots atbilso\u0161i klienta v\u0113lm\u0113m un vajadz\u012bb\u0101m.<\/p>\n<p><a href=\"https:\/\/servicecheck.dive-group.com\/wp-content\/uploads\/2014\/05\/questionsanalysis.jpg\"><img loading=\"lazy\" decoding=\"async\" class=\"alignnone wp-image-210 size-full\" src=\"https:\/\/servicecheck.dive-group.com\/wp-content\/uploads\/2014\/05\/questionsanalysis.jpg\" alt=\"Answers frequencies\" width=\"577\" height=\"561\" srcset=\"https:\/\/servicecheck.ee\/wp-content\/uploads\/2014\/05\/questionsanalysis.jpg 577w, https:\/\/servicecheck.ee\/wp-content\/uploads\/2014\/05\/questionsanalysis-300x291.jpg 300w\" sizes=\"auto, (max-width: 577px) 100vw, 577px\" \/><\/a><\/p>\n<p><a href=\"https:\/\/servicecheck.dive-group.com\/wp-content\/uploads\/2014\/05\/questionsanalysis2.jpg\"><img loading=\"lazy\" decoding=\"async\" class=\"alignnone wp-image-211\" src=\"https:\/\/servicecheck.dive-group.com\/wp-content\/uploads\/2014\/05\/questionsanalysis2.jpg\" alt=\"Grade by question\" width=\"577\" height=\"386\" srcset=\"https:\/\/servicecheck.ee\/wp-content\/uploads\/2014\/05\/questionsanalysis2.jpg 645w, https:\/\/servicecheck.ee\/wp-content\/uploads\/2014\/05\/questionsanalysis2-300x200.jpg 300w\" sizes=\"auto, (max-width: 577px) 100vw, 577px\" \/><\/a><\/p>\n<p>Unik\u0101lo m\u0113r\u0137u izpildi var apskat\u012bt izmantojot \u0161\u0101dus grafikus.<\/p>\n<p><a href=\"https:\/\/servicecheck.dive-group.com\/wp-content\/uploads\/2014\/05\/9.1.jpg\"><img loading=\"lazy\" decoding=\"async\" class=\"alignnone wp-image-205 size-medium\" src=\"https:\/\/servicecheck.dive-group.com\/wp-content\/uploads\/2014\/05\/9.1-300x291.jpg\" alt=\"Goals1\" width=\"300\" height=\"291\" srcset=\"https:\/\/servicecheck.ee\/wp-content\/uploads\/2014\/05\/9.1-300x291.jpg 300w, https:\/\/servicecheck.ee\/wp-content\/uploads\/2014\/05\/9.1.jpg 314w\" sizes=\"auto, (max-width: 300px) 100vw, 300px\" \/><\/a><a href=\"https:\/\/servicecheck.dive-group.com\/wp-content\/uploads\/2014\/05\/9.2.jpg\"><img loading=\"lazy\" decoding=\"async\" class=\"alignnone wp-image-206 size-medium\" src=\"https:\/\/servicecheck.dive-group.com\/wp-content\/uploads\/2014\/05\/9.2-300x163.jpg\" alt=\"Goals2\" width=\"300\" height=\"163\" srcset=\"https:\/\/servicecheck.ee\/wp-content\/uploads\/2014\/05\/9.2-300x163.jpg 300w, https:\/\/servicecheck.ee\/wp-content\/uploads\/2014\/05\/9.2.jpg 353w\" sizes=\"auto, (max-width: 300px) 100vw, 300px\" \/><\/a><\/p>\n<p>Ja nepiecie\u0161ams, ieg\u016btie rezult\u0101ti var tikt ilustr\u0113ti ar\u012b kart\u0113.<\/p>\n<p><a href=\"https:\/\/servicecheck.dive-group.com\/wp-content\/uploads\/2014\/05\/map.jpg\"><img loading=\"lazy\" decoding=\"async\" class=\"alignnone wp-image-208 size-full\" src=\"https:\/\/servicecheck.dive-group.com\/wp-content\/uploads\/2014\/05\/map.jpg\" alt=\"Results on a map\" width=\"591\" height=\"358\" srcset=\"https:\/\/servicecheck.ee\/wp-content\/uploads\/2014\/05\/map.jpg 591w, https:\/\/servicecheck.ee\/wp-content\/uploads\/2014\/05\/map-300x181.jpg 300w\" sizes=\"auto, (max-width: 591px) 100vw, 591px\" \/><\/a><\/p>\n<p>\u0160ie piem\u0113ri ir tikai neliels ieskats iesp\u0113j\u0101s, ko nodro\u0161ina programmat\u016bra slepen\u0101s klientu apkalpo\u0161anas kvalit\u0101tes nov\u0113rt\u0113juma rezult\u0101tu atspogu\u013cojumam. Izveidot\u0101 sist\u0113ma patst\u0101v\u012bgi tiek pilnveidota.<\/p>\n","protected":false},"excerpt":{"rendered":"<p>Daudzveid\u012bga un augstas kvalit\u0101tes tie\u0161saistes programmat\u016bra ir svar\u012bgs darba r\u012bks gan klientiem, gan Service Check komandai. Sp\u0113c\u012bga internet\u0101 b\u0101z\u0113ta sist\u0113ma pal\u012bdz mums atrast, apm\u0101c\u012bt un piesaist\u012bt slepenos pirc\u0113jus; regul\u0113t atsauksmes un nos\u016bt\u012bt korektu, detaliz\u0113tu inform\u0101ciju klientiem par sa\u0146emtajiem rezult\u0101tiem. Internet\u0101 balst\u012bt\u0101 programmat\u016bra ir nepiecie\u0161ama, lai klientiem nodro\u0161in\u0101tu \u0101tru un lietot\u0101jam&#8230;<\/p>\n","protected":false},"author":1,"featured_media":0,"parent":475,"menu_order":0,"comment_status":"closed","ping_status":"open","template":"","meta":{"_crdt_document":"","footnotes":""},"class_list":["post-478","page","type-page","status-publish","hentry"],"yoast_head":"<!-- This site is optimized with the Yoast SEO plugin v27.5 - https:\/\/yoast.com\/product\/yoast-seo-wordpress\/ -->\n<title>Tie\u0161saistes programmat\u016bra - Service Check - Mystery Shopping<\/title>\n<meta name=\"description\" content=\"Daudzveid\u012bga un augstas kvalit\u0101tes tie\u0161saistes programmat\u016bra ir svar\u012bgs darba r\u012bks gan klientiem, gan Service Check komandai. Sp\u0113c\u012bga internet\u0101 b\u0101z\u0113ta\" \/>\n<meta name=\"robots\" content=\"index, follow, max-snippet:-1, max-image-preview:large, max-video-preview:-1\" \/>\n<link rel=\"canonical\" href=\"https:\/\/servicecheck.ee\/lv\/par-mums\/tiessaistes-programmatura\/\" \/>\n<meta property=\"og:locale\" content=\"lv_LV\" \/>\n<meta property=\"og:type\" content=\"article\" \/>\n<meta property=\"og:title\" content=\"Tie\u0161saistes programmat\u016bra - Service Check - Mystery Shopping\" \/>\n<meta property=\"og:description\" content=\"Daudzveid\u012bga un augstas kvalit\u0101tes tie\u0161saistes programmat\u016bra ir svar\u012bgs darba r\u012bks gan klientiem, gan Service Check komandai. Sp\u0113c\u012bga internet\u0101 b\u0101z\u0113ta\" \/>\n<meta property=\"og:url\" content=\"https:\/\/servicecheck.ee\/lv\/par-mums\/tiessaistes-programmatura\/\" \/>\n<meta property=\"og:site_name\" content=\"Service Check\" \/>\n<meta property=\"article:modified_time\" content=\"2025-03-19T09:19:07+00:00\" \/>\n<meta property=\"og:image\" content=\"https:\/\/servicecheck.ee\/wp-content\/uploads\/2014\/05\/performance-summary-ordered-by-branches.jpg\" \/>\n\t<meta property=\"og:image:width\" content=\"923\" \/>\n\t<meta property=\"og:image:height\" content=\"228\" \/>\n\t<meta property=\"og:image:type\" content=\"image\/jpeg\" \/>\n<meta name=\"twitter:label1\" content=\"Est. reading time\" \/>\n\t<meta name=\"twitter:data1\" content=\"4 min\u016btes\" \/>\n<script type=\"application\/ld+json\" class=\"yoast-schema-graph\">{\"@context\":\"https:\\\/\\\/schema.org\",\"@graph\":[{\"@type\":\"WebPage\",\"@id\":\"https:\\\/\\\/servicecheck.ee\\\/lv\\\/par-mums\\\/tiessaistes-programmatura\\\/\",\"url\":\"https:\\\/\\\/servicecheck.ee\\\/lv\\\/par-mums\\\/tiessaistes-programmatura\\\/\",\"name\":\"Tie\u0161saistes programmat\u016bra - Service Check - Mystery Shopping\",\"isPartOf\":{\"@id\":\"https:\\\/\\\/servicecheck.ee\\\/lv\\\/#website\"},\"primaryImageOfPage\":{\"@id\":\"https:\\\/\\\/servicecheck.ee\\\/lv\\\/par-mums\\\/tiessaistes-programmatura\\\/#primaryimage\"},\"image\":{\"@id\":\"https:\\\/\\\/servicecheck.ee\\\/lv\\\/par-mums\\\/tiessaistes-programmatura\\\/#primaryimage\"},\"thumbnailUrl\":\"https:\\\/\\\/servicecheck.dive-group.com\\\/wp-content\\\/uploads\\\/2014\\\/05\\\/performance-summary-ordered-by-branches.jpg\",\"datePublished\":\"2014-08-04T20:41:55+00:00\",\"dateModified\":\"2025-03-19T09:19:07+00:00\",\"description\":\"Daudzveid\u012bga un augstas kvalit\u0101tes tie\u0161saistes programmat\u016bra ir svar\u012bgs darba r\u012bks gan klientiem, gan Service Check komandai. Sp\u0113c\u012bga internet\u0101 b\u0101z\u0113ta\",\"breadcrumb\":{\"@id\":\"https:\\\/\\\/servicecheck.ee\\\/lv\\\/par-mums\\\/tiessaistes-programmatura\\\/#breadcrumb\"},\"inLanguage\":\"lv-LV\",\"potentialAction\":[{\"@type\":\"ReadAction\",\"target\":[\"https:\\\/\\\/servicecheck.ee\\\/lv\\\/par-mums\\\/tiessaistes-programmatura\\\/\"]}]},{\"@type\":\"ImageObject\",\"inLanguage\":\"lv-LV\",\"@id\":\"https:\\\/\\\/servicecheck.ee\\\/lv\\\/par-mums\\\/tiessaistes-programmatura\\\/#primaryimage\",\"url\":\"https:\\\/\\\/servicecheck.dive-group.com\\\/wp-content\\\/uploads\\\/2014\\\/05\\\/performance-summary-ordered-by-branches.jpg\",\"contentUrl\":\"https:\\\/\\\/servicecheck.dive-group.com\\\/wp-content\\\/uploads\\\/2014\\\/05\\\/performance-summary-ordered-by-branches.jpg\"},{\"@type\":\"BreadcrumbList\",\"@id\":\"https:\\\/\\\/servicecheck.ee\\\/lv\\\/par-mums\\\/tiessaistes-programmatura\\\/#breadcrumb\",\"itemListElement\":[{\"@type\":\"ListItem\",\"position\":1,\"name\":\"Home\",\"item\":\"https:\\\/\\\/servicecheck.ee\\\/lv\\\/\"},{\"@type\":\"ListItem\",\"position\":2,\"name\":\"Par mums\",\"item\":\"https:\\\/\\\/servicecheck.ee\\\/lv\\\/par-mums\\\/\"},{\"@type\":\"ListItem\",\"position\":3,\"name\":\"Tie\u0161saistes programmat\u016bra\"}]},{\"@type\":\"WebSite\",\"@id\":\"https:\\\/\\\/servicecheck.ee\\\/lv\\\/#website\",\"url\":\"https:\\\/\\\/servicecheck.ee\\\/lv\\\/\",\"name\":\"Service Check\",\"description\":\"Part of Dive\",\"potentialAction\":[{\"@type\":\"SearchAction\",\"target\":{\"@type\":\"EntryPoint\",\"urlTemplate\":\"https:\\\/\\\/servicecheck.ee\\\/lv\\\/?s={search_term_string}\"},\"query-input\":{\"@type\":\"PropertyValueSpecification\",\"valueRequired\":true,\"valueName\":\"search_term_string\"}}],\"inLanguage\":\"lv-LV\"}]}<\/script>\n<!-- \/ Yoast SEO plugin. -->","yoast_head_json":{"title":"Tie\u0161saistes programmat\u016bra - Service Check - Mystery Shopping","description":"Daudzveid\u012bga un augstas kvalit\u0101tes tie\u0161saistes programmat\u016bra ir svar\u012bgs darba r\u012bks gan klientiem, gan Service Check komandai. Sp\u0113c\u012bga internet\u0101 b\u0101z\u0113ta","robots":{"index":"index","follow":"follow","max-snippet":"max-snippet:-1","max-image-preview":"max-image-preview:large","max-video-preview":"max-video-preview:-1"},"canonical":"https:\/\/servicecheck.ee\/lv\/par-mums\/tiessaistes-programmatura\/","og_locale":"lv_LV","og_type":"article","og_title":"Tie\u0161saistes programmat\u016bra - Service Check - Mystery Shopping","og_description":"Daudzveid\u012bga un augstas kvalit\u0101tes tie\u0161saistes programmat\u016bra ir svar\u012bgs darba r\u012bks gan klientiem, gan Service Check komandai. Sp\u0113c\u012bga internet\u0101 b\u0101z\u0113ta","og_url":"https:\/\/servicecheck.ee\/lv\/par-mums\/tiessaistes-programmatura\/","og_site_name":"Service Check","article_modified_time":"2025-03-19T09:19:07+00:00","og_image":[{"width":923,"height":228,"url":"https:\/\/servicecheck.ee\/wp-content\/uploads\/2014\/05\/performance-summary-ordered-by-branches.jpg","type":"image\/jpeg"}],"twitter_misc":{"Est. reading time":"4 min\u016btes"},"schema":{"@context":"https:\/\/schema.org","@graph":[{"@type":"WebPage","@id":"https:\/\/servicecheck.ee\/lv\/par-mums\/tiessaistes-programmatura\/","url":"https:\/\/servicecheck.ee\/lv\/par-mums\/tiessaistes-programmatura\/","name":"Tie\u0161saistes programmat\u016bra - Service Check - Mystery Shopping","isPartOf":{"@id":"https:\/\/servicecheck.ee\/lv\/#website"},"primaryImageOfPage":{"@id":"https:\/\/servicecheck.ee\/lv\/par-mums\/tiessaistes-programmatura\/#primaryimage"},"image":{"@id":"https:\/\/servicecheck.ee\/lv\/par-mums\/tiessaistes-programmatura\/#primaryimage"},"thumbnailUrl":"https:\/\/servicecheck.dive-group.com\/wp-content\/uploads\/2014\/05\/performance-summary-ordered-by-branches.jpg","datePublished":"2014-08-04T20:41:55+00:00","dateModified":"2025-03-19T09:19:07+00:00","description":"Daudzveid\u012bga un augstas kvalit\u0101tes tie\u0161saistes programmat\u016bra ir svar\u012bgs darba r\u012bks gan klientiem, gan Service Check komandai. Sp\u0113c\u012bga internet\u0101 b\u0101z\u0113ta","breadcrumb":{"@id":"https:\/\/servicecheck.ee\/lv\/par-mums\/tiessaistes-programmatura\/#breadcrumb"},"inLanguage":"lv-LV","potentialAction":[{"@type":"ReadAction","target":["https:\/\/servicecheck.ee\/lv\/par-mums\/tiessaistes-programmatura\/"]}]},{"@type":"ImageObject","inLanguage":"lv-LV","@id":"https:\/\/servicecheck.ee\/lv\/par-mums\/tiessaistes-programmatura\/#primaryimage","url":"https:\/\/servicecheck.dive-group.com\/wp-content\/uploads\/2014\/05\/performance-summary-ordered-by-branches.jpg","contentUrl":"https:\/\/servicecheck.dive-group.com\/wp-content\/uploads\/2014\/05\/performance-summary-ordered-by-branches.jpg"},{"@type":"BreadcrumbList","@id":"https:\/\/servicecheck.ee\/lv\/par-mums\/tiessaistes-programmatura\/#breadcrumb","itemListElement":[{"@type":"ListItem","position":1,"name":"Home","item":"https:\/\/servicecheck.ee\/lv\/"},{"@type":"ListItem","position":2,"name":"Par mums","item":"https:\/\/servicecheck.ee\/lv\/par-mums\/"},{"@type":"ListItem","position":3,"name":"Tie\u0161saistes programmat\u016bra"}]},{"@type":"WebSite","@id":"https:\/\/servicecheck.ee\/lv\/#website","url":"https:\/\/servicecheck.ee\/lv\/","name":"Service Check","description":"Part of Dive","potentialAction":[{"@type":"SearchAction","target":{"@type":"EntryPoint","urlTemplate":"https:\/\/servicecheck.ee\/lv\/?s={search_term_string}"},"query-input":{"@type":"PropertyValueSpecification","valueRequired":true,"valueName":"search_term_string"}}],"inLanguage":"lv-LV"}]}},"_links":{"self":[{"href":"https:\/\/servicecheck.ee\/lv\/wp-json\/wp\/v2\/pages\/478","targetHints":{"allow":["GET"]}}],"collection":[{"href":"https:\/\/servicecheck.ee\/lv\/wp-json\/wp\/v2\/pages"}],"about":[{"href":"https:\/\/servicecheck.ee\/lv\/wp-json\/wp\/v2\/types\/page"}],"author":[{"embeddable":true,"href":"https:\/\/servicecheck.ee\/lv\/wp-json\/wp\/v2\/users\/1"}],"replies":[{"embeddable":true,"href":"https:\/\/servicecheck.ee\/lv\/wp-json\/wp\/v2\/comments?post=478"}],"version-history":[{"count":2,"href":"https:\/\/servicecheck.ee\/lv\/wp-json\/wp\/v2\/pages\/478\/revisions"}],"predecessor-version":[{"id":2597,"href":"https:\/\/servicecheck.ee\/lv\/wp-json\/wp\/v2\/pages\/478\/revisions\/2597"}],"up":[{"embeddable":true,"href":"https:\/\/servicecheck.ee\/lv\/wp-json\/wp\/v2\/pages\/475"}],"wp:attachment":[{"href":"https:\/\/servicecheck.ee\/lv\/wp-json\/wp\/v2\/media?parent=478"}],"curies":[{"name":"wp","href":"https:\/\/api.w.org\/{rel}","templated":true}]}}