{"id":488,"date":"2014-08-04T23:55:25","date_gmt":"2014-08-04T20:55:25","guid":{"rendered":"https:\/\/servicecheck.dive-group.com\/?page_id=488"},"modified":"2025-03-19T11:17:38","modified_gmt":"2025-03-19T09:17:38","slug":"misija-vizija-un-vertibas","status":"publish","type":"page","link":"https:\/\/servicecheck.ee\/lv\/par-mums\/misija-vizija-un-vertibas\/","title":{"rendered":"Misija, v\u012bzija un v\u0113rt\u012bbas"},"content":{"rendered":"<p>M\u016bsu misija ir <strong>past\u0101v\u012bgi<\/strong> uzlabot m\u016bsu sadarb\u012bbas partneru sniegto klientu apkalpo\u0161anas kvalit\u0101ti, pied\u0101v\u0101jot uz <strong>person\u012bgu pieeju<\/strong> balst\u012btus <strong>m\u016bsdien\u012bgus<\/strong> risin\u0101jumus.<\/p>\n<p>Patst\u0101v\u012bba\u00a0&#8211; m\u0113s uzskat\u0101m, ka, lai uzlabotu klientu apkalpo\u0161anas kvalit\u0101ti, procesam ir j\u0101b\u016bt patst\u0101v\u012bgam, sadarb\u012bbai ar klientu j\u0101b\u016bt cie\u0161ai un m\u0113r\u0137tiec\u012bgi virz\u012btai uz rezult\u0101tu. Person\u012bga pieeja\u00a0&#8211; m\u0113s uzklaus\u0101m J\u016bsu un mekl\u0113jam atbilsto\u0161\u0101kos risin\u0101jumus, piel\u0101gojoties J\u016bsu uz\u0146\u0113muma v\u0113lm\u0113m un vajadz\u012bb\u0101m. Personiska pieeja nodro\u0161ina uztic\u012bbas garantiju un veicina uz\u0146\u0113mumu att\u012bst\u012bbu profesion\u0101las sadarb\u012bbas ce\u013c\u0101. M\u016bsdien\u012bga pieeja- \u013cauj mums pied\u0101v\u0101t Jums visaugst\u0101k\u0101s kvalit\u0101tes servisu, izmantojot m\u016bsdien\u012bgus risin\u0101jumus.<\/p>\n<p>M\u016bsu v\u012bzija ir k\u013c\u016bt par atz\u012btu, pieredzes bag\u0101tu sadarb\u012bbas partneri uz\u0146\u0113mumiem Baltij\u0101 un Skandin\u0101vij\u0101, uzlabojot klientu apkalpo\u0161anas kvalit\u0101ti.<\/p>\n<h2>M\u016bsu v\u0113rt\u012bbas:<\/h2>\n<p><strong>Person\u012bg\u0101 pieeja<\/strong>\u00a0&#8211; M\u016bsu risin\u0101jumi tiek piel\u0101goti klientu unik\u0101laj\u0101m vajadz\u012bb\u0101m, atbilsto\u0161i uz\u0146\u0113muma v\u0113rt\u012bb\u0101m.<\/p>\n<p><strong>Objektivit\u0101te<\/strong>\u00a0&#8211; M\u0113s izvair\u0101mies paust subjekt\u012bvus v\u0113rt\u0113jumus, t\u0101p\u0113c viedoklis tiek pamatots tikai\u00a0 uz konkr\u0113tiem faktiem.<\/p>\n<p><strong>God\u012bgums\u00a0<\/strong>&#8211; M\u0113s v\u0113rt\u0113jam god\u012bgumu k\u0101 galveno v\u0113rt\u012bbu, sazinoties ne tikai ar m\u016bsu klientiem, bet ar\u012b organiz\u0113jot m\u016bsu uz\u0146\u0113muma darbu ikdien\u0101.<\/p>\n<p><strong>Aizraut\u012bba<\/strong>&#8211; M\u0113s esam aizraut\u012bgi sav\u0101 darb\u0101 un tiecamies uz augstu rezult\u0101tu sasnieg\u0161anu, k\u013c\u016bstot par lab\u0101kajiem klientu apkalpo\u0161anas nov\u0113rt\u0113juma jom\u0101. \u00a0 Cie\u0161\u0101 sadarb\u012bb\u0101 ar m\u016bsu klientiem, m\u0113s realiz\u0113jam uzst\u0101d\u012btos m\u0113r\u0137us, lai pal\u012bdz\u0113tu vi\u0146iem sasniegt lab\u0101kus rezult\u0101tus un veicin\u0101tu to darb\u012bbas att\u012bst\u012bbu.<\/p>\n","protected":false},"excerpt":{"rendered":"<p>M\u016bsu misija ir past\u0101v\u012bgi uzlabot m\u016bsu sadarb\u012bbas partneru sniegto klientu apkalpo\u0161anas kvalit\u0101ti, pied\u0101v\u0101jot uz person\u012bgu pieeju balst\u012btus m\u016bsdien\u012bgus risin\u0101jumus. Patst\u0101v\u012bba\u00a0&#8211; m\u0113s uzskat\u0101m, ka, lai uzlabotu klientu apkalpo\u0161anas kvalit\u0101ti, procesam ir j\u0101b\u016bt patst\u0101v\u012bgam, sadarb\u012bbai ar klientu j\u0101b\u016bt cie\u0161ai un m\u0113r\u0137tiec\u012bgi virz\u012btai uz rezult\u0101tu. Person\u012bga pieeja\u00a0&#8211; m\u0113s uzklaus\u0101m J\u016bsu un mekl\u0113jam atbilsto\u0161\u0101kos&#8230;<\/p>\n","protected":false},"author":1,"featured_media":0,"parent":475,"menu_order":0,"comment_status":"closed","ping_status":"open","template":"","meta":{"_crdt_document":"","footnotes":""},"class_list":["post-488","page","type-page","status-publish","hentry"],"yoast_head":"<!-- This site is optimized with the Yoast SEO plugin v27.3 - https:\/\/yoast.com\/product\/yoast-seo-wordpress\/ -->\n<title>Misija, v\u012bzija un v\u0113rt\u012bbas - Service Check - Mystery Shopping<\/title>\n<meta name=\"description\" content=\"M\u016bsu misija ir past\u0101v\u012bgi uzlabot m\u016bsu sadarb\u012bbas partneru sniegto klientu apkalpo\u0161anas kvalit\u0101ti, pied\u0101v\u0101jot uz person\u012bgu pieeju balst\u012btus m\u016bsdien\u012bgus\" \/>\n<meta name=\"robots\" content=\"index, follow, max-snippet:-1, max-image-preview:large, max-video-preview:-1\" \/>\n<link rel=\"canonical\" href=\"https:\/\/servicecheck.ee\/lv\/par-mums\/misija-vizija-un-vertibas\/\" \/>\n<meta property=\"og:locale\" content=\"lv_LV\" \/>\n<meta property=\"og:type\" content=\"article\" \/>\n<meta property=\"og:title\" content=\"Misija, v\u012bzija un v\u0113rt\u012bbas - Service Check - Mystery Shopping\" \/>\n<meta property=\"og:description\" content=\"M\u016bsu misija ir past\u0101v\u012bgi uzlabot m\u016bsu sadarb\u012bbas partneru sniegto klientu apkalpo\u0161anas kvalit\u0101ti, pied\u0101v\u0101jot uz person\u012bgu pieeju balst\u012btus m\u016bsdien\u012bgus\" \/>\n<meta property=\"og:url\" content=\"https:\/\/servicecheck.ee\/lv\/par-mums\/misija-vizija-un-vertibas\/\" \/>\n<meta property=\"og:site_name\" content=\"Service Check\" \/>\n<meta property=\"article:modified_time\" content=\"2025-03-19T09:17:38+00:00\" \/>\n<meta name=\"twitter:label1\" content=\"Est. reading time\" \/>\n\t<meta name=\"twitter:data1\" content=\"1 min\u016b\u0161u\" \/>\n<script type=\"application\/ld+json\" class=\"yoast-schema-graph\">{\"@context\":\"https:\\\/\\\/schema.org\",\"@graph\":[{\"@type\":\"WebPage\",\"@id\":\"https:\\\/\\\/servicecheck.ee\\\/lv\\\/par-mums\\\/misija-vizija-un-vertibas\\\/\",\"url\":\"https:\\\/\\\/servicecheck.ee\\\/lv\\\/par-mums\\\/misija-vizija-un-vertibas\\\/\",\"name\":\"Misija, v\u012bzija un v\u0113rt\u012bbas - Service Check - Mystery Shopping\",\"isPartOf\":{\"@id\":\"https:\\\/\\\/servicecheck.ee\\\/lv\\\/#website\"},\"datePublished\":\"2014-08-04T20:55:25+00:00\",\"dateModified\":\"2025-03-19T09:17:38+00:00\",\"description\":\"M\u016bsu misija ir past\u0101v\u012bgi uzlabot m\u016bsu sadarb\u012bbas partneru sniegto klientu apkalpo\u0161anas kvalit\u0101ti, pied\u0101v\u0101jot uz person\u012bgu pieeju balst\u012btus m\u016bsdien\u012bgus\",\"breadcrumb\":{\"@id\":\"https:\\\/\\\/servicecheck.ee\\\/lv\\\/par-mums\\\/misija-vizija-un-vertibas\\\/#breadcrumb\"},\"inLanguage\":\"lv-LV\",\"potentialAction\":[{\"@type\":\"ReadAction\",\"target\":[\"https:\\\/\\\/servicecheck.ee\\\/lv\\\/par-mums\\\/misija-vizija-un-vertibas\\\/\"]}]},{\"@type\":\"BreadcrumbList\",\"@id\":\"https:\\\/\\\/servicecheck.ee\\\/lv\\\/par-mums\\\/misija-vizija-un-vertibas\\\/#breadcrumb\",\"itemListElement\":[{\"@type\":\"ListItem\",\"position\":1,\"name\":\"Home\",\"item\":\"https:\\\/\\\/servicecheck.ee\\\/lv\\\/\"},{\"@type\":\"ListItem\",\"position\":2,\"name\":\"Par mums\",\"item\":\"https:\\\/\\\/servicecheck.ee\\\/lv\\\/par-mums\\\/\"},{\"@type\":\"ListItem\",\"position\":3,\"name\":\"Misija, v\u012bzija un v\u0113rt\u012bbas\"}]},{\"@type\":\"WebSite\",\"@id\":\"https:\\\/\\\/servicecheck.ee\\\/lv\\\/#website\",\"url\":\"https:\\\/\\\/servicecheck.ee\\\/lv\\\/\",\"name\":\"Service Check\",\"description\":\"Part of Dive\",\"potentialAction\":[{\"@type\":\"SearchAction\",\"target\":{\"@type\":\"EntryPoint\",\"urlTemplate\":\"https:\\\/\\\/servicecheck.ee\\\/lv\\\/?s={search_term_string}\"},\"query-input\":{\"@type\":\"PropertyValueSpecification\",\"valueRequired\":true,\"valueName\":\"search_term_string\"}}],\"inLanguage\":\"lv-LV\"}]}<\/script>\n<!-- \/ Yoast SEO plugin. -->","yoast_head_json":{"title":"Misija, v\u012bzija un v\u0113rt\u012bbas - Service Check - Mystery Shopping","description":"M\u016bsu misija ir past\u0101v\u012bgi uzlabot m\u016bsu sadarb\u012bbas partneru sniegto klientu apkalpo\u0161anas kvalit\u0101ti, pied\u0101v\u0101jot uz person\u012bgu pieeju balst\u012btus m\u016bsdien\u012bgus","robots":{"index":"index","follow":"follow","max-snippet":"max-snippet:-1","max-image-preview":"max-image-preview:large","max-video-preview":"max-video-preview:-1"},"canonical":"https:\/\/servicecheck.ee\/lv\/par-mums\/misija-vizija-un-vertibas\/","og_locale":"lv_LV","og_type":"article","og_title":"Misija, v\u012bzija un v\u0113rt\u012bbas - Service Check - Mystery Shopping","og_description":"M\u016bsu misija ir past\u0101v\u012bgi uzlabot m\u016bsu sadarb\u012bbas partneru sniegto klientu apkalpo\u0161anas kvalit\u0101ti, pied\u0101v\u0101jot uz person\u012bgu pieeju balst\u012btus m\u016bsdien\u012bgus","og_url":"https:\/\/servicecheck.ee\/lv\/par-mums\/misija-vizija-un-vertibas\/","og_site_name":"Service Check","article_modified_time":"2025-03-19T09:17:38+00:00","twitter_misc":{"Est. reading time":"1 min\u016b\u0161u"},"schema":{"@context":"https:\/\/schema.org","@graph":[{"@type":"WebPage","@id":"https:\/\/servicecheck.ee\/lv\/par-mums\/misija-vizija-un-vertibas\/","url":"https:\/\/servicecheck.ee\/lv\/par-mums\/misija-vizija-un-vertibas\/","name":"Misija, v\u012bzija un v\u0113rt\u012bbas - Service Check - Mystery Shopping","isPartOf":{"@id":"https:\/\/servicecheck.ee\/lv\/#website"},"datePublished":"2014-08-04T20:55:25+00:00","dateModified":"2025-03-19T09:17:38+00:00","description":"M\u016bsu misija ir past\u0101v\u012bgi uzlabot m\u016bsu sadarb\u012bbas partneru sniegto klientu apkalpo\u0161anas kvalit\u0101ti, pied\u0101v\u0101jot uz person\u012bgu pieeju balst\u012btus m\u016bsdien\u012bgus","breadcrumb":{"@id":"https:\/\/servicecheck.ee\/lv\/par-mums\/misija-vizija-un-vertibas\/#breadcrumb"},"inLanguage":"lv-LV","potentialAction":[{"@type":"ReadAction","target":["https:\/\/servicecheck.ee\/lv\/par-mums\/misija-vizija-un-vertibas\/"]}]},{"@type":"BreadcrumbList","@id":"https:\/\/servicecheck.ee\/lv\/par-mums\/misija-vizija-un-vertibas\/#breadcrumb","itemListElement":[{"@type":"ListItem","position":1,"name":"Home","item":"https:\/\/servicecheck.ee\/lv\/"},{"@type":"ListItem","position":2,"name":"Par mums","item":"https:\/\/servicecheck.ee\/lv\/par-mums\/"},{"@type":"ListItem","position":3,"name":"Misija, v\u012bzija un v\u0113rt\u012bbas"}]},{"@type":"WebSite","@id":"https:\/\/servicecheck.ee\/lv\/#website","url":"https:\/\/servicecheck.ee\/lv\/","name":"Service Check","description":"Part of Dive","potentialAction":[{"@type":"SearchAction","target":{"@type":"EntryPoint","urlTemplate":"https:\/\/servicecheck.ee\/lv\/?s={search_term_string}"},"query-input":{"@type":"PropertyValueSpecification","valueRequired":true,"valueName":"search_term_string"}}],"inLanguage":"lv-LV"}]}},"_links":{"self":[{"href":"https:\/\/servicecheck.ee\/lv\/wp-json\/wp\/v2\/pages\/488","targetHints":{"allow":["GET"]}}],"collection":[{"href":"https:\/\/servicecheck.ee\/lv\/wp-json\/wp\/v2\/pages"}],"about":[{"href":"https:\/\/servicecheck.ee\/lv\/wp-json\/wp\/v2\/types\/page"}],"author":[{"embeddable":true,"href":"https:\/\/servicecheck.ee\/lv\/wp-json\/wp\/v2\/users\/1"}],"replies":[{"embeddable":true,"href":"https:\/\/servicecheck.ee\/lv\/wp-json\/wp\/v2\/comments?post=488"}],"version-history":[{"count":1,"href":"https:\/\/servicecheck.ee\/lv\/wp-json\/wp\/v2\/pages\/488\/revisions"}],"predecessor-version":[{"id":489,"href":"https:\/\/servicecheck.ee\/lv\/wp-json\/wp\/v2\/pages\/488\/revisions\/489"}],"up":[{"embeddable":true,"href":"https:\/\/servicecheck.ee\/lv\/wp-json\/wp\/v2\/pages\/475"}],"wp:attachment":[{"href":"https:\/\/servicecheck.ee\/lv\/wp-json\/wp\/v2\/media?parent=488"}],"curies":[{"name":"wp","href":"https:\/\/api.w.org\/{rel}","templated":true}]}}