{"id":490,"date":"2014-08-05T00:00:52","date_gmt":"2014-08-04T21:00:52","guid":{"rendered":"https:\/\/servicecheck.dive-group.com\/?page_id=490"},"modified":"2025-03-19T11:17:44","modified_gmt":"2025-03-19T09:17:44","slug":"uznemuma-vesture","status":"publish","type":"page","link":"https:\/\/servicecheck.ee\/lv\/par-mums\/uznemuma-vesture\/","title":{"rendered":"Uz\u0146\u0113muma v\u0113sture"},"content":{"rendered":"<p>Service Check O\u00dc tika dibin\u0101ts 2011.gad\u0101 ar v\u0113lmi pal\u012bdz\u0113t uzlabot klientu apkalpo\u0161anas kult\u016bru Igaunij\u0101. \u0160odien komp\u0101nija ir izaugusi par sp\u0113c\u012bgu partneri t\u0101s klientiem un ir pier\u0101d\u012bjusi savu v\u0113rt\u012bbu Igaunijas tirg\u016b.<\/p>\n<p><a href=\"https:\/\/servicecheck.dive-group.com\/wp-content\/uploads\/2014\/05\/Ettev\u00f5ttest.jpg\"><img loading=\"lazy\" decoding=\"async\" class=\"alignright wp-image-266 size-medium\" src=\"https:\/\/servicecheck.dive-group.com\/wp-content\/uploads\/2014\/05\/Ettev\u00f5ttest-300x200.jpg\" alt=\"Service Check O\u00dc\" width=\"300\" height=\"200\" srcset=\"https:\/\/servicecheck.ee\/wp-content\/uploads\/2014\/05\/Ettev\u00f5ttest-300x200.jpg 300w, https:\/\/servicecheck.ee\/wp-content\/uploads\/2014\/05\/Ettev\u00f5ttest.jpg 1024w\" sizes=\"auto, (max-width: 300px) 100vw, 300px\" \/><\/a><\/p>\n<p>Galven\u0101 uz\u0146\u0113muma misija ir pied\u0101v\u0101t klientiem, pla\u0161i pasaul\u0113 izmantotu pakalpojumu, klientu apkalpo\u0161anas kvalit\u0101tes nov\u0113rt\u0113jumu, vecot slepeno apmekl\u0113jumu pakalpojums snieg\u0161anas vietas (<a href=\"https:\/\/servicecheck.ee\/lv\/pakalpojumi\/slepenais-pircejs\/\">Mystery Shopping<\/a>). Papildus <a href=\"https:\/\/servicecheck.ee\/lv\/pakalpojumi\/slepenais-pircejs\/slepenais-pakalpojuma-sniedzeja-apmeklejums\/\">slepen\u0101 apmekl\u0113juma<\/a> veik\u0161anai, m\u0113s pied\u0101v\u0101jam ar\u012b <a href=\"https:\/\/servicecheck.ee\/lv\/pakalpojumi\/slepenais-pircejs\/slepena-telefona-zvana-veiksana-un-kontroles-e-pasta-sutisana\/\">kontroles e-pastu un kontroles telefona zvanu veik\u0161anu<\/a>, kas ir tikpat prec\u012bzi sp\u0113j raksturot uz\u0146\u0113mum\u0101 sniegto pakalpojumu kvalit\u0101ti. Klienti var sa\u0146emt ar\u012b citus pakalpojumus klientu apmierin\u0101t\u012bbas veicin\u0101\u0161anai, piem\u0113ram, apm\u0101c\u012bbas sadarb\u012bb\u0101 ar m\u016bsu past\u0101v\u012bgajiem sadarb\u012bbas partneriem un konsult\u0101cijas klientu apkalpo\u0161anas kvalit\u0101tes veicin\u0101\u0161anai uz\u0146\u0113mum\u0101.<\/p>\n<p>M\u016bsu klientu sniegto pozit\u012bvo atsauksmju rezult\u0101t\u0101, 2013. gad\u0101 s\u0101k\u0101s uz\u0146\u0113muma strauja att\u012bst\u012bba, un m\u0113s s\u0101k\u0101m pied\u0101v\u0101t savus pakalpojumus ar\u012b Latvij\u0101 un Lietuv\u0101; cie\u0161\u0101k\u0101 sadarb\u012bba n\u0101kotn\u0113 tiek pl\u0101nota ar Somiju.<\/p>\n<p>S\u0101kot ar 2014.gadu Service Check pied\u0101v\u0101 slepeno apmekl\u0113jumu veik\u0161anu, izmantojot video un ska\u0146as ierakstu, kas \u013cauj detaliz\u0113ti nov\u0113rt\u0113t sniegt\u0101s atsauksmes un nians\u0113ti sekot l\u012bdzi notikumu gaitai slepen\u0101 apmekl\u0113juma laik\u0101. \u0160\u0101da veida pakalpojums Igaunij\u0101 l\u012bdz \u0161im netika pied\u0101v\u0101ts.<\/p>\n","protected":false},"excerpt":{"rendered":"<p>Service Check O\u00dc tika dibin\u0101ts 2011.gad\u0101 ar v\u0113lmi pal\u012bdz\u0113t uzlabot klientu apkalpo\u0161anas kult\u016bru Igaunij\u0101. \u0160odien komp\u0101nija ir izaugusi par sp\u0113c\u012bgu partneri t\u0101s klientiem un ir pier\u0101d\u012bjusi savu v\u0113rt\u012bbu Igaunijas tirg\u016b. Galven\u0101 uz\u0146\u0113muma misija ir pied\u0101v\u0101t klientiem, pla\u0161i pasaul\u0113 izmantotu pakalpojumu, klientu apkalpo\u0161anas kvalit\u0101tes nov\u0113rt\u0113jumu, vecot slepeno apmekl\u0113jumu pakalpojums snieg\u0161anas vietas&#8230;<\/p>\n","protected":false},"author":1,"featured_media":0,"parent":475,"menu_order":0,"comment_status":"closed","ping_status":"open","template":"","meta":{"_crdt_document":"","footnotes":""},"class_list":["post-490","page","type-page","status-publish","hentry"],"yoast_head":"<!-- This site is optimized with the Yoast SEO plugin v27.3 - https:\/\/yoast.com\/product\/yoast-seo-wordpress\/ -->\n<title>Uz\u0146\u0113muma v\u0113sture - Service Check - Mystery Shopping<\/title>\n<meta name=\"description\" content=\"Service Check O\u00dc tika dibin\u0101ts 2011.gad\u0101 ar v\u0113lmi pal\u012bdz\u0113t uzlabot klientu apkalpo\u0161anas kult\u016bru Igaunij\u0101. \u0160odien komp\u0101nija ir izaugusi par sp\u0113c\u012bgu\" \/>\n<meta name=\"robots\" content=\"index, follow, max-snippet:-1, max-image-preview:large, max-video-preview:-1\" \/>\n<link rel=\"canonical\" href=\"https:\/\/servicecheck.ee\/lv\/par-mums\/uznemuma-vesture\/\" \/>\n<meta property=\"og:locale\" content=\"lv_LV\" \/>\n<meta property=\"og:type\" content=\"article\" \/>\n<meta property=\"og:title\" content=\"Uz\u0146\u0113muma v\u0113sture - Service Check - Mystery Shopping\" \/>\n<meta property=\"og:description\" content=\"Service Check O\u00dc tika dibin\u0101ts 2011.gad\u0101 ar v\u0113lmi pal\u012bdz\u0113t uzlabot klientu apkalpo\u0161anas kult\u016bru Igaunij\u0101. \u0160odien komp\u0101nija ir izaugusi par sp\u0113c\u012bgu\" \/>\n<meta property=\"og:url\" content=\"https:\/\/servicecheck.ee\/lv\/par-mums\/uznemuma-vesture\/\" \/>\n<meta property=\"og:site_name\" content=\"Service Check\" \/>\n<meta property=\"article:modified_time\" content=\"2025-03-19T09:17:44+00:00\" \/>\n<meta name=\"twitter:label1\" content=\"Est. reading time\" \/>\n\t<meta name=\"twitter:data1\" content=\"1 min\u016b\u0161u\" \/>\n<script type=\"application\/ld+json\" class=\"yoast-schema-graph\">{\"@context\":\"https:\\\/\\\/schema.org\",\"@graph\":[{\"@type\":\"WebPage\",\"@id\":\"https:\\\/\\\/servicecheck.ee\\\/lv\\\/par-mums\\\/uznemuma-vesture\\\/\",\"url\":\"https:\\\/\\\/servicecheck.ee\\\/lv\\\/par-mums\\\/uznemuma-vesture\\\/\",\"name\":\"Uz\u0146\u0113muma v\u0113sture - Service Check - Mystery Shopping\",\"isPartOf\":{\"@id\":\"https:\\\/\\\/servicecheck.ee\\\/lv\\\/#website\"},\"datePublished\":\"2014-08-04T21:00:52+00:00\",\"dateModified\":\"2025-03-19T09:17:44+00:00\",\"description\":\"Service Check O\u00dc tika dibin\u0101ts 2011.gad\u0101 ar v\u0113lmi pal\u012bdz\u0113t uzlabot klientu apkalpo\u0161anas kult\u016bru Igaunij\u0101. \u0160odien komp\u0101nija ir izaugusi par sp\u0113c\u012bgu\",\"breadcrumb\":{\"@id\":\"https:\\\/\\\/servicecheck.ee\\\/lv\\\/par-mums\\\/uznemuma-vesture\\\/#breadcrumb\"},\"inLanguage\":\"lv-LV\",\"potentialAction\":[{\"@type\":\"ReadAction\",\"target\":[\"https:\\\/\\\/servicecheck.ee\\\/lv\\\/par-mums\\\/uznemuma-vesture\\\/\"]}]},{\"@type\":\"BreadcrumbList\",\"@id\":\"https:\\\/\\\/servicecheck.ee\\\/lv\\\/par-mums\\\/uznemuma-vesture\\\/#breadcrumb\",\"itemListElement\":[{\"@type\":\"ListItem\",\"position\":1,\"name\":\"Home\",\"item\":\"https:\\\/\\\/servicecheck.ee\\\/lv\\\/\"},{\"@type\":\"ListItem\",\"position\":2,\"name\":\"Par mums\",\"item\":\"https:\\\/\\\/servicecheck.ee\\\/lv\\\/par-mums\\\/\"},{\"@type\":\"ListItem\",\"position\":3,\"name\":\"Uz\u0146\u0113muma v\u0113sture\"}]},{\"@type\":\"WebSite\",\"@id\":\"https:\\\/\\\/servicecheck.ee\\\/lv\\\/#website\",\"url\":\"https:\\\/\\\/servicecheck.ee\\\/lv\\\/\",\"name\":\"Service Check\",\"description\":\"Part of Dive\",\"potentialAction\":[{\"@type\":\"SearchAction\",\"target\":{\"@type\":\"EntryPoint\",\"urlTemplate\":\"https:\\\/\\\/servicecheck.ee\\\/lv\\\/?s={search_term_string}\"},\"query-input\":{\"@type\":\"PropertyValueSpecification\",\"valueRequired\":true,\"valueName\":\"search_term_string\"}}],\"inLanguage\":\"lv-LV\"}]}<\/script>\n<!-- \/ Yoast SEO plugin. -->","yoast_head_json":{"title":"Uz\u0146\u0113muma v\u0113sture - Service Check - Mystery Shopping","description":"Service Check O\u00dc tika dibin\u0101ts 2011.gad\u0101 ar v\u0113lmi pal\u012bdz\u0113t uzlabot klientu apkalpo\u0161anas kult\u016bru Igaunij\u0101. \u0160odien komp\u0101nija ir izaugusi par sp\u0113c\u012bgu","robots":{"index":"index","follow":"follow","max-snippet":"max-snippet:-1","max-image-preview":"max-image-preview:large","max-video-preview":"max-video-preview:-1"},"canonical":"https:\/\/servicecheck.ee\/lv\/par-mums\/uznemuma-vesture\/","og_locale":"lv_LV","og_type":"article","og_title":"Uz\u0146\u0113muma v\u0113sture - Service Check - Mystery Shopping","og_description":"Service Check O\u00dc tika dibin\u0101ts 2011.gad\u0101 ar v\u0113lmi pal\u012bdz\u0113t uzlabot klientu apkalpo\u0161anas kult\u016bru Igaunij\u0101. \u0160odien komp\u0101nija ir izaugusi par sp\u0113c\u012bgu","og_url":"https:\/\/servicecheck.ee\/lv\/par-mums\/uznemuma-vesture\/","og_site_name":"Service Check","article_modified_time":"2025-03-19T09:17:44+00:00","twitter_misc":{"Est. reading time":"1 min\u016b\u0161u"},"schema":{"@context":"https:\/\/schema.org","@graph":[{"@type":"WebPage","@id":"https:\/\/servicecheck.ee\/lv\/par-mums\/uznemuma-vesture\/","url":"https:\/\/servicecheck.ee\/lv\/par-mums\/uznemuma-vesture\/","name":"Uz\u0146\u0113muma v\u0113sture - Service Check - Mystery Shopping","isPartOf":{"@id":"https:\/\/servicecheck.ee\/lv\/#website"},"datePublished":"2014-08-04T21:00:52+00:00","dateModified":"2025-03-19T09:17:44+00:00","description":"Service Check O\u00dc tika dibin\u0101ts 2011.gad\u0101 ar v\u0113lmi pal\u012bdz\u0113t uzlabot klientu apkalpo\u0161anas kult\u016bru Igaunij\u0101. \u0160odien komp\u0101nija ir izaugusi par sp\u0113c\u012bgu","breadcrumb":{"@id":"https:\/\/servicecheck.ee\/lv\/par-mums\/uznemuma-vesture\/#breadcrumb"},"inLanguage":"lv-LV","potentialAction":[{"@type":"ReadAction","target":["https:\/\/servicecheck.ee\/lv\/par-mums\/uznemuma-vesture\/"]}]},{"@type":"BreadcrumbList","@id":"https:\/\/servicecheck.ee\/lv\/par-mums\/uznemuma-vesture\/#breadcrumb","itemListElement":[{"@type":"ListItem","position":1,"name":"Home","item":"https:\/\/servicecheck.ee\/lv\/"},{"@type":"ListItem","position":2,"name":"Par mums","item":"https:\/\/servicecheck.ee\/lv\/par-mums\/"},{"@type":"ListItem","position":3,"name":"Uz\u0146\u0113muma v\u0113sture"}]},{"@type":"WebSite","@id":"https:\/\/servicecheck.ee\/lv\/#website","url":"https:\/\/servicecheck.ee\/lv\/","name":"Service Check","description":"Part of Dive","potentialAction":[{"@type":"SearchAction","target":{"@type":"EntryPoint","urlTemplate":"https:\/\/servicecheck.ee\/lv\/?s={search_term_string}"},"query-input":{"@type":"PropertyValueSpecification","valueRequired":true,"valueName":"search_term_string"}}],"inLanguage":"lv-LV"}]}},"_links":{"self":[{"href":"https:\/\/servicecheck.ee\/lv\/wp-json\/wp\/v2\/pages\/490","targetHints":{"allow":["GET"]}}],"collection":[{"href":"https:\/\/servicecheck.ee\/lv\/wp-json\/wp\/v2\/pages"}],"about":[{"href":"https:\/\/servicecheck.ee\/lv\/wp-json\/wp\/v2\/types\/page"}],"author":[{"embeddable":true,"href":"https:\/\/servicecheck.ee\/lv\/wp-json\/wp\/v2\/users\/1"}],"replies":[{"embeddable":true,"href":"https:\/\/servicecheck.ee\/lv\/wp-json\/wp\/v2\/comments?post=490"}],"version-history":[{"count":4,"href":"https:\/\/servicecheck.ee\/lv\/wp-json\/wp\/v2\/pages\/490\/revisions"}],"predecessor-version":[{"id":770,"href":"https:\/\/servicecheck.ee\/lv\/wp-json\/wp\/v2\/pages\/490\/revisions\/770"}],"up":[{"embeddable":true,"href":"https:\/\/servicecheck.ee\/lv\/wp-json\/wp\/v2\/pages\/475"}],"wp:attachment":[{"href":"https:\/\/servicecheck.ee\/lv\/wp-json\/wp\/v2\/media?parent=490"}],"curies":[{"name":"wp","href":"https:\/\/api.w.org\/{rel}","templated":true}]}}