{"id":690,"date":"2014-08-13T10:40:39","date_gmt":"2014-08-13T07:40:39","guid":{"rendered":"https:\/\/servicecheck.dive-group.com\/?page_id=690"},"modified":"2025-03-19T11:18:53","modified_gmt":"2025-03-19T09:18:53","slug":"slepenais-pircejs","status":"publish","type":"page","link":"https:\/\/servicecheck.ee\/lv\/pakalpojumi\/slepenais-pircejs\/","title":{"rendered":"Slepenais pirc\u0113js"},"content":{"rendered":"<p><strong>Slepenais pakalpojuma snieg\u0161anas vietas apmekl\u0113jums<\/strong> (Mystery shopping) ir popul\u0101ra metode, lai objekt\u012bvi nov\u0113rt\u0113tu klientu apkalpo\u0161anas kvalit\u0101ti. Izmantojot \u0161o metodi, slepenais veikala apmekl\u0113juma veic\u0113js (mystery shopper) ierodas pakalpojuma snieg\u0161anas viet\u0101 k\u0101 ikdienas pakalpojuma sa\u0146\u0113m\u0113js un seko klienta nor\u0101d\u012btajam scen\u0101rijam, vienlaikus nov\u0113rt\u0113jot pakalpojuma sniedz\u0113ja sniegto klientu apkalpo\u0161anas kvalit\u0101ti.<\/p>\n<p><a href=\"https:\/\/servicecheck.dive-group.com\/wp-content\/uploads\/2014\/05\/Mystery-shopping.jpg\"><img loading=\"lazy\" decoding=\"async\" class=\"alignright wp-image-283 size-medium\" src=\"https:\/\/servicecheck.dive-group.com\/wp-content\/uploads\/2014\/05\/Mystery-shopping-300x199.jpg\" alt=\" Mystery shopping\" width=\"300\" height=\"199\" srcset=\"https:\/\/servicecheck.ee\/wp-content\/uploads\/2014\/05\/Mystery-shopping-300x199.jpg 300w, https:\/\/servicecheck.ee\/wp-content\/uploads\/2014\/05\/Mystery-shopping.jpg 849w\" sizes=\"auto, (max-width: 300px) 100vw, 300px\" \/><\/a><\/p>\n<p>Ar slepen\u0101 pakalpojuma snieg\u0161anas apmekl\u0113juma pal\u012bdz\u012bbu, klientam tiek dota iesp\u0113ja <strong>objekt\u012bvi nov\u0113rt\u0113t darbinieku sniegto pakalpojumu kvalit\u0101ti<\/strong> un <strong>sekot l\u012bdzi rezult\u0101tiem, izmantojot detaliz\u0113tu ieg\u016bto datu atspogu\u013cojumu elektroniska p\u0101rskata veid\u0101<\/strong>. P\u0101rskats sniedz iesp\u0113ju ne tikai <strong>v\u0113rt\u0113t klientu apmierin\u0101t\u012bbu<\/strong>, bet ar\u012b nodro\u0161ina iesp\u0113ju <strong>analiz\u0113t datus, pl\u0101nojot turpm\u0101ku uz\u0146\u0113muma att\u012bst\u012bbu, ietverot konkurentu izp\u0113ti<\/strong>.<\/p>\n<p>\u0160\u0101d\u0101 veid\u0101 uz\u0146\u0113muma vad\u012bbai tiek sniegta uz patiesiem datiem balst\u012bta inform\u0101cija par to darbinieku darba kvalit\u0101ti klientu apkalpo\u0161anas jom\u0101. Rezult\u0101t\u0101 ir iesp\u0113ja redz\u0113t aspektus, kas, iesp\u0113jams, kav\u0113 uz\u0146\u0113muma att\u012bst\u012bbu, nov\u0113rt\u0113t v\u0101j\u0101kos klientu apkalpo\u0161anas punktus un redz\u0113t lab\u0101kos klientu apkalpo\u0161anas piem\u0113rus.\u00a0 Slepen\u0101 pakalpojuma nov\u0113rt\u0113juma laik\u0101 ieg\u016bto datu anal\u012bze dod iesp\u0113ju sasniegt v\u0113l lab\u0101kus rezult\u0101tus n\u0101kotn\u0113.<\/p>\n<h2>Profesion\u0101la klientu apkalpo\u0161ana\u00a0\u2026<\/h2>\n<ul>\n<li><strong>Garant\u0113 iesp\u0113ju piesaist\u012bt vair\u0101k klientu<\/strong>. \u012astenojot augstas kvalit\u0101tes pakalpojumu snieg\u0161anu un profesion\u0101lu klientu apkalpo\u0161anu, tiek nodro\u0161in\u0101ta iesp\u0113ja nok\u013c\u016bt soli priek\u0161\u0101 konkurentu uz\u0146\u0113mumiem.<\/li>\n<li><strong>Uzlabo J\u016bsu sniegt\u0101 pakalpojuma apjomus<\/strong>. Statistika liecina, ka klienti ir gatavi t\u0113r\u0113t 8-22% virs vid\u0113j\u0101 pirkuma summas, ja klientu apkalpo\u0161ana ir pat\u012bkama un virz\u012bta uz klienta v\u0113lmju izzin\u0101\u0161anu profesion\u0101l\u0101 veid\u0101.<\/li>\n<li><strong>Dod iesp\u0113ju palielin\u0101t patst\u0101v\u012bgo klientu skaitu<\/strong>. Uzticami klienti nov\u0113rt\u0113 kvalit\u0101ti un ir ieinteres\u0113ti atk\u0101rtoti atgriezties pie pakalpojuma sniedz\u0113ja, kas sp\u0113j nodro\u0161in\u0101t vi\u0146u v\u0113lm\u0113m atbilsto\u0161\u0101ko pakalpojumu snieg\u0161anu.<\/li>\n<li><strong>Veicina pat\u012bkam\u0101ku darba vidi.<\/strong> Gandar\u012bti klienti uzlabos darbinieku noska\u0146ojumu un visp\u0101r\u0113jo atmosf\u0113ru uz\u0146\u0113mum\u0101.<\/li>\n<li><strong>Nodro\u0161ina bezmaksas uz\u0146\u0113muma publicit\u0101ti.<\/strong> Klients k\u013c\u016bst par J\u016bsu uz\u0146\u0113muma v\u0101rda p\u0101rdev\u0113ju- vi\u0146\u0161 dal\u0101s ar pozit\u012bvo pieredzi par uz\u0146\u0113mumu, nor\u0101dot uz sa\u0146emto pakalpojumu augsto kvalit\u0101ti un klientu apkalpo\u0161anas standartu iev\u0113ro\u0161anu, k\u0101 rezult\u0101t\u0101 tiek veikt jaunu klientu piesaiste.<\/li>\n<\/ul>\n","protected":false},"excerpt":{"rendered":"<p>Slepenais pakalpojuma snieg\u0161anas vietas apmekl\u0113jums (Mystery shopping) ir popul\u0101ra metode, lai objekt\u012bvi nov\u0113rt\u0113tu klientu apkalpo\u0161anas kvalit\u0101ti. Izmantojot \u0161o metodi, slepenais veikala apmekl\u0113juma veic\u0113js (mystery shopper) ierodas pakalpojuma snieg\u0161anas viet\u0101 k\u0101 ikdienas pakalpojuma sa\u0146\u0113m\u0113js un seko klienta nor\u0101d\u012btajam scen\u0101rijam, vienlaikus nov\u0113rt\u0113jot pakalpojuma sniedz\u0113ja sniegto klientu apkalpo\u0161anas kvalit\u0101ti. Ar slepen\u0101 pakalpojuma snieg\u0161anas&#8230;<\/p>\n","protected":false},"author":1,"featured_media":0,"parent":574,"menu_order":0,"comment_status":"closed","ping_status":"open","template":"","meta":{"_crdt_document":"","footnotes":""},"class_list":["post-690","page","type-page","status-publish","hentry"],"yoast_head":"<!-- This site is optimized with the Yoast SEO plugin v27.3 - https:\/\/yoast.com\/product\/yoast-seo-wordpress\/ -->\n<title>Slepenais pirc\u0113js - Service Check - Mystery Shopping<\/title>\n<meta name=\"description\" content=\"Slepenais pakalpojuma snieg\u0161anas vietas apmekl\u0113jums (Mystery shopping) ir popul\u0101ra metode, lai objekt\u012bvi nov\u0113rt\u0113tu klientu apkalpo\u0161anas kvalit\u0101ti.\" \/>\n<meta name=\"robots\" content=\"index, follow, max-snippet:-1, max-image-preview:large, max-video-preview:-1\" \/>\n<link rel=\"canonical\" href=\"https:\/\/servicecheck.ee\/lv\/pakalpojumi\/slepenais-pircejs\/\" \/>\n<meta property=\"og:locale\" content=\"lv_LV\" \/>\n<meta property=\"og:type\" content=\"article\" \/>\n<meta property=\"og:title\" content=\"Slepenais pirc\u0113js - Service Check - Mystery Shopping\" \/>\n<meta property=\"og:description\" content=\"Slepenais pakalpojuma snieg\u0161anas vietas apmekl\u0113jums (Mystery shopping) ir popul\u0101ra metode, lai objekt\u012bvi nov\u0113rt\u0113tu klientu apkalpo\u0161anas kvalit\u0101ti.\" \/>\n<meta property=\"og:url\" content=\"https:\/\/servicecheck.ee\/lv\/pakalpojumi\/slepenais-pircejs\/\" \/>\n<meta property=\"og:site_name\" content=\"Service Check\" \/>\n<meta property=\"article:modified_time\" content=\"2025-03-19T09:18:53+00:00\" \/>\n<meta property=\"og:image\" content=\"https:\/\/servicecheck.ee\/wp-content\/uploads\/2014\/05\/Mystery-shopping.jpg\" \/>\n\t<meta property=\"og:image:width\" content=\"849\" \/>\n\t<meta property=\"og:image:height\" content=\"565\" \/>\n\t<meta property=\"og:image:type\" content=\"image\/jpeg\" \/>\n<meta name=\"twitter:label1\" content=\"Est. reading time\" \/>\n\t<meta name=\"twitter:data1\" content=\"2 min\u016btes\" \/>\n<script type=\"application\/ld+json\" class=\"yoast-schema-graph\">{\"@context\":\"https:\\\/\\\/schema.org\",\"@graph\":[{\"@type\":\"WebPage\",\"@id\":\"https:\\\/\\\/servicecheck.ee\\\/lv\\\/pakalpojumi\\\/slepenais-pircejs\\\/\",\"url\":\"https:\\\/\\\/servicecheck.ee\\\/lv\\\/pakalpojumi\\\/slepenais-pircejs\\\/\",\"name\":\"Slepenais pirc\u0113js - Service Check - Mystery Shopping\",\"isPartOf\":{\"@id\":\"https:\\\/\\\/servicecheck.ee\\\/lv\\\/#website\"},\"primaryImageOfPage\":{\"@id\":\"https:\\\/\\\/servicecheck.ee\\\/lv\\\/pakalpojumi\\\/slepenais-pircejs\\\/#primaryimage\"},\"image\":{\"@id\":\"https:\\\/\\\/servicecheck.ee\\\/lv\\\/pakalpojumi\\\/slepenais-pircejs\\\/#primaryimage\"},\"thumbnailUrl\":\"https:\\\/\\\/servicecheck.dive-group.com\\\/wp-content\\\/uploads\\\/2014\\\/05\\\/Mystery-shopping-300x199.jpg\",\"datePublished\":\"2014-08-13T07:40:39+00:00\",\"dateModified\":\"2025-03-19T09:18:53+00:00\",\"description\":\"Slepenais pakalpojuma snieg\u0161anas vietas apmekl\u0113jums (Mystery shopping) ir popul\u0101ra metode, lai objekt\u012bvi nov\u0113rt\u0113tu klientu apkalpo\u0161anas kvalit\u0101ti.\",\"breadcrumb\":{\"@id\":\"https:\\\/\\\/servicecheck.ee\\\/lv\\\/pakalpojumi\\\/slepenais-pircejs\\\/#breadcrumb\"},\"inLanguage\":\"lv-LV\",\"potentialAction\":[{\"@type\":\"ReadAction\",\"target\":[\"https:\\\/\\\/servicecheck.ee\\\/lv\\\/pakalpojumi\\\/slepenais-pircejs\\\/\"]}]},{\"@type\":\"ImageObject\",\"inLanguage\":\"lv-LV\",\"@id\":\"https:\\\/\\\/servicecheck.ee\\\/lv\\\/pakalpojumi\\\/slepenais-pircejs\\\/#primaryimage\",\"url\":\"https:\\\/\\\/servicecheck.dive-group.com\\\/wp-content\\\/uploads\\\/2014\\\/05\\\/Mystery-shopping-300x199.jpg\",\"contentUrl\":\"https:\\\/\\\/servicecheck.dive-group.com\\\/wp-content\\\/uploads\\\/2014\\\/05\\\/Mystery-shopping-300x199.jpg\"},{\"@type\":\"BreadcrumbList\",\"@id\":\"https:\\\/\\\/servicecheck.ee\\\/lv\\\/pakalpojumi\\\/slepenais-pircejs\\\/#breadcrumb\",\"itemListElement\":[{\"@type\":\"ListItem\",\"position\":1,\"name\":\"Home\",\"item\":\"https:\\\/\\\/servicecheck.ee\\\/lv\\\/\"},{\"@type\":\"ListItem\",\"position\":2,\"name\":\"Pakalpojumi\",\"item\":\"https:\\\/\\\/servicecheck.ee\\\/lv\\\/pakalpojumi\\\/\"},{\"@type\":\"ListItem\",\"position\":3,\"name\":\"Slepenais pirc\u0113js\"}]},{\"@type\":\"WebSite\",\"@id\":\"https:\\\/\\\/servicecheck.ee\\\/lv\\\/#website\",\"url\":\"https:\\\/\\\/servicecheck.ee\\\/lv\\\/\",\"name\":\"Service Check\",\"description\":\"Part of Dive\",\"potentialAction\":[{\"@type\":\"SearchAction\",\"target\":{\"@type\":\"EntryPoint\",\"urlTemplate\":\"https:\\\/\\\/servicecheck.ee\\\/lv\\\/?s={search_term_string}\"},\"query-input\":{\"@type\":\"PropertyValueSpecification\",\"valueRequired\":true,\"valueName\":\"search_term_string\"}}],\"inLanguage\":\"lv-LV\"}]}<\/script>\n<!-- \/ Yoast SEO plugin. -->","yoast_head_json":{"title":"Slepenais pirc\u0113js - Service Check - Mystery Shopping","description":"Slepenais pakalpojuma snieg\u0161anas vietas apmekl\u0113jums (Mystery shopping) ir popul\u0101ra metode, lai objekt\u012bvi nov\u0113rt\u0113tu klientu apkalpo\u0161anas kvalit\u0101ti.","robots":{"index":"index","follow":"follow","max-snippet":"max-snippet:-1","max-image-preview":"max-image-preview:large","max-video-preview":"max-video-preview:-1"},"canonical":"https:\/\/servicecheck.ee\/lv\/pakalpojumi\/slepenais-pircejs\/","og_locale":"lv_LV","og_type":"article","og_title":"Slepenais pirc\u0113js - Service Check - Mystery Shopping","og_description":"Slepenais pakalpojuma snieg\u0161anas vietas apmekl\u0113jums (Mystery shopping) ir popul\u0101ra metode, lai objekt\u012bvi nov\u0113rt\u0113tu klientu apkalpo\u0161anas kvalit\u0101ti.","og_url":"https:\/\/servicecheck.ee\/lv\/pakalpojumi\/slepenais-pircejs\/","og_site_name":"Service Check","article_modified_time":"2025-03-19T09:18:53+00:00","og_image":[{"width":849,"height":565,"url":"https:\/\/servicecheck.ee\/wp-content\/uploads\/2014\/05\/Mystery-shopping.jpg","type":"image\/jpeg"}],"twitter_misc":{"Est. reading time":"2 min\u016btes"},"schema":{"@context":"https:\/\/schema.org","@graph":[{"@type":"WebPage","@id":"https:\/\/servicecheck.ee\/lv\/pakalpojumi\/slepenais-pircejs\/","url":"https:\/\/servicecheck.ee\/lv\/pakalpojumi\/slepenais-pircejs\/","name":"Slepenais pirc\u0113js - Service Check - Mystery Shopping","isPartOf":{"@id":"https:\/\/servicecheck.ee\/lv\/#website"},"primaryImageOfPage":{"@id":"https:\/\/servicecheck.ee\/lv\/pakalpojumi\/slepenais-pircejs\/#primaryimage"},"image":{"@id":"https:\/\/servicecheck.ee\/lv\/pakalpojumi\/slepenais-pircejs\/#primaryimage"},"thumbnailUrl":"https:\/\/servicecheck.dive-group.com\/wp-content\/uploads\/2014\/05\/Mystery-shopping-300x199.jpg","datePublished":"2014-08-13T07:40:39+00:00","dateModified":"2025-03-19T09:18:53+00:00","description":"Slepenais pakalpojuma snieg\u0161anas vietas apmekl\u0113jums (Mystery shopping) ir popul\u0101ra metode, lai objekt\u012bvi nov\u0113rt\u0113tu klientu apkalpo\u0161anas kvalit\u0101ti.","breadcrumb":{"@id":"https:\/\/servicecheck.ee\/lv\/pakalpojumi\/slepenais-pircejs\/#breadcrumb"},"inLanguage":"lv-LV","potentialAction":[{"@type":"ReadAction","target":["https:\/\/servicecheck.ee\/lv\/pakalpojumi\/slepenais-pircejs\/"]}]},{"@type":"ImageObject","inLanguage":"lv-LV","@id":"https:\/\/servicecheck.ee\/lv\/pakalpojumi\/slepenais-pircejs\/#primaryimage","url":"https:\/\/servicecheck.dive-group.com\/wp-content\/uploads\/2014\/05\/Mystery-shopping-300x199.jpg","contentUrl":"https:\/\/servicecheck.dive-group.com\/wp-content\/uploads\/2014\/05\/Mystery-shopping-300x199.jpg"},{"@type":"BreadcrumbList","@id":"https:\/\/servicecheck.ee\/lv\/pakalpojumi\/slepenais-pircejs\/#breadcrumb","itemListElement":[{"@type":"ListItem","position":1,"name":"Home","item":"https:\/\/servicecheck.ee\/lv\/"},{"@type":"ListItem","position":2,"name":"Pakalpojumi","item":"https:\/\/servicecheck.ee\/lv\/pakalpojumi\/"},{"@type":"ListItem","position":3,"name":"Slepenais pirc\u0113js"}]},{"@type":"WebSite","@id":"https:\/\/servicecheck.ee\/lv\/#website","url":"https:\/\/servicecheck.ee\/lv\/","name":"Service Check","description":"Part of Dive","potentialAction":[{"@type":"SearchAction","target":{"@type":"EntryPoint","urlTemplate":"https:\/\/servicecheck.ee\/lv\/?s={search_term_string}"},"query-input":{"@type":"PropertyValueSpecification","valueRequired":true,"valueName":"search_term_string"}}],"inLanguage":"lv-LV"}]}},"_links":{"self":[{"href":"https:\/\/servicecheck.ee\/lv\/wp-json\/wp\/v2\/pages\/690","targetHints":{"allow":["GET"]}}],"collection":[{"href":"https:\/\/servicecheck.ee\/lv\/wp-json\/wp\/v2\/pages"}],"about":[{"href":"https:\/\/servicecheck.ee\/lv\/wp-json\/wp\/v2\/types\/page"}],"author":[{"embeddable":true,"href":"https:\/\/servicecheck.ee\/lv\/wp-json\/wp\/v2\/users\/1"}],"replies":[{"embeddable":true,"href":"https:\/\/servicecheck.ee\/lv\/wp-json\/wp\/v2\/comments?post=690"}],"version-history":[{"count":5,"href":"https:\/\/servicecheck.ee\/lv\/wp-json\/wp\/v2\/pages\/690\/revisions"}],"predecessor-version":[{"id":768,"href":"https:\/\/servicecheck.ee\/lv\/wp-json\/wp\/v2\/pages\/690\/revisions\/768"}],"up":[{"embeddable":true,"href":"https:\/\/servicecheck.ee\/lv\/wp-json\/wp\/v2\/pages\/574"}],"wp:attachment":[{"href":"https:\/\/servicecheck.ee\/lv\/wp-json\/wp\/v2\/media?parent=690"}],"curies":[{"name":"wp","href":"https:\/\/api.w.org\/{rel}","templated":true}]}}