{"id":692,"date":"2014-08-13T10:42:42","date_gmt":"2014-08-13T07:42:42","guid":{"rendered":"https:\/\/servicecheck.dive-group.com\/?page_id=692"},"modified":"2025-03-19T11:18:56","modified_gmt":"2025-03-19T09:18:56","slug":"musu-pakalpojumi","status":"publish","type":"page","link":"https:\/\/servicecheck.ee\/lv\/pakalpojumi\/musu-pakalpojumi\/","title":{"rendered":"M\u016bsu pakalpojumi"},"content":{"rendered":"<p>M\u0113s saviem klientiem pied\u0101v\u0101jam un nodro\u0161inam slepeno apmekl\u0113t\u0101ju veik\u0161anu uz\u0146\u0113mum\u0101, kontroles zvanu veik\u0161anu un kontroles e-pastu izs\u016bt\u012b\u0161anu, t\u0101dej\u0101di veicot objekt\u012bvu datu apstr\u0101di, nov\u0113rt\u0113jot sniegto pakalpojumu kvalit\u0101ti. Papildus tam, m\u0113s pied\u0101v\u0101jam ra\u017eot\u0101jiem un import\u0113t\u0101jiem p\u0101rbaud\u012bt pakalpojumu sniedz\u0113jus mazumtirdzniec\u012bbas viet\u0101s. M\u0113s iesak\u0101m, izmantot m\u016bsu pakalpojumus un p\u0101rbaud\u012bt visa veida komunik\u0101cijas instrumentus sazi\u0146ai ar klientiem, jo katrs no tiem ir k\u0101 r\u012bks klientu apkalpo\u0161anas piesaistei un turpm\u0101k\u0101 biznesa veicin\u0101\u0161anai.<\/p>\n<h2><a href=\"https:\/\/servicecheck.dive-group.com\/wp-content\/uploads\/2014\/05\/Meie-teenused.jpg\"><img loading=\"lazy\" decoding=\"async\" class=\"alignright wp-image-285 size-medium\" src=\"https:\/\/servicecheck.dive-group.com\/wp-content\/uploads\/2014\/05\/Meie-teenused-300x199.jpg\" alt=\"Our Services\" width=\"300\" height=\"199\" srcset=\"https:\/\/servicecheck.ee\/wp-content\/uploads\/2014\/05\/Meie-teenused-300x199.jpg 300w, https:\/\/servicecheck.ee\/wp-content\/uploads\/2014\/05\/Meie-teenused.jpg 849w\" sizes=\"auto, (max-width: 300px) 100vw, 300px\" \/><\/a><span style=\"color: #3e454c;\">Lasi vair\u0101k par m\u016bsu pied\u0101v\u0101jumu<\/span>:<\/h2>\n<ul>\n<li><a href=\"https:\/\/servicecheck.ee\/lv\/pakalpojumi\/slepenais-pircejs\/slepenais-pakalpojuma-sniedzeja-apmeklejums\/\">Slepenais pakalpojuma sniedz\u0113ja apmekl\u0113jums<\/a><\/li>\n<li><a href=\"https:\/\/servicecheck.ee\/lv\/pakalpojumi\/slepenais-pircejs\/slepena-telefona-zvana-veiksana-un-kontroles-e-pasta-sutisana\/\">Slepen\u0101 telefona zvana veik\u0161ana un kontroles e-pasta s\u016bt\u012b\u0161ana<\/a><\/li>\n<li><a href=\"https:\/\/servicecheck.ee\/lv\/pakalpojumi\/slepenais-pircejs\/slepenais-mazumtirgotaju-izplatitaju-un-parstavju-darbibas-novertejums\/\">Slepenais mazumtirgot\u0101ju, izplat\u012bt\u0101ju un p\u0101rst\u0101vju darb\u012bbas nov\u0113rt\u0113jums<\/a><\/li>\n<\/ul>\n","protected":false},"excerpt":{"rendered":"<p>M\u0113s saviem klientiem pied\u0101v\u0101jam un nodro\u0161inam slepeno apmekl\u0113t\u0101ju veik\u0161anu uz\u0146\u0113mum\u0101, kontroles zvanu veik\u0161anu un kontroles e-pastu izs\u016bt\u012b\u0161anu, t\u0101dej\u0101di veicot objekt\u012bvu datu apstr\u0101di, nov\u0113rt\u0113jot sniegto pakalpojumu kvalit\u0101ti. Papildus tam, m\u0113s pied\u0101v\u0101jam ra\u017eot\u0101jiem un import\u0113t\u0101jiem p\u0101rbaud\u012bt pakalpojumu sniedz\u0113jus mazumtirdzniec\u012bbas viet\u0101s. M\u0113s iesak\u0101m, izmantot m\u016bsu pakalpojumus un p\u0101rbaud\u012bt visa veida komunik\u0101cijas instrumentus sazi\u0146ai&#8230;<\/p>\n","protected":false},"author":1,"featured_media":0,"parent":574,"menu_order":0,"comment_status":"closed","ping_status":"open","template":"","meta":{"_crdt_document":"","footnotes":""},"class_list":["post-692","page","type-page","status-publish","hentry"],"yoast_head":"<!-- This site is optimized with the Yoast SEO plugin v27.6 - https:\/\/yoast.com\/product\/yoast-seo-wordpress\/ -->\n<title>M\u016bsu pakalpojumi - Service Check - Mystery Shopping<\/title>\n<meta name=\"description\" content=\"M\u0113s saviem klientiem pied\u0101v\u0101jam un nodro\u0161inam slepeno apmekl\u0113t\u0101ju veik\u0161anu uz\u0146\u0113mum\u0101, kontroles zvanu veik\u0161anu un kontroles e-pastu izs\u016bt\u012b\u0161anu, t\u0101dej\u0101di\" \/>\n<meta name=\"robots\" content=\"index, follow, max-snippet:-1, max-image-preview:large, max-video-preview:-1\" \/>\n<link rel=\"canonical\" href=\"https:\/\/servicecheck.ee\/lv\/pakalpojumi\/musu-pakalpojumi\/\" \/>\n<meta property=\"og:locale\" content=\"lv_LV\" \/>\n<meta property=\"og:type\" content=\"article\" \/>\n<meta property=\"og:title\" content=\"M\u016bsu pakalpojumi - Service Check - Mystery Shopping\" \/>\n<meta property=\"og:description\" content=\"M\u0113s saviem klientiem pied\u0101v\u0101jam un nodro\u0161inam slepeno apmekl\u0113t\u0101ju veik\u0161anu uz\u0146\u0113mum\u0101, kontroles zvanu veik\u0161anu un kontroles e-pastu izs\u016bt\u012b\u0161anu, t\u0101dej\u0101di\" \/>\n<meta property=\"og:url\" content=\"https:\/\/servicecheck.ee\/lv\/pakalpojumi\/musu-pakalpojumi\/\" \/>\n<meta property=\"og:site_name\" content=\"Service Check\" \/>\n<meta property=\"article:modified_time\" content=\"2025-03-19T09:18:56+00:00\" \/>\n<meta property=\"og:image\" content=\"https:\/\/servicecheck.ee\/wp-content\/uploads\/2014\/05\/Meie-teenused.jpg\" \/>\n\t<meta property=\"og:image:width\" content=\"849\" \/>\n\t<meta property=\"og:image:height\" content=\"565\" \/>\n\t<meta property=\"og:image:type\" content=\"image\/jpeg\" \/>\n<meta name=\"twitter:label1\" content=\"Est. reading time\" \/>\n\t<meta name=\"twitter:data1\" content=\"1 min\u016b\u0161u\" \/>\n<script type=\"application\/ld+json\" class=\"yoast-schema-graph\">{\"@context\":\"https:\\\/\\\/schema.org\",\"@graph\":[{\"@type\":\"WebPage\",\"@id\":\"https:\\\/\\\/servicecheck.ee\\\/lv\\\/pakalpojumi\\\/musu-pakalpojumi\\\/\",\"url\":\"https:\\\/\\\/servicecheck.ee\\\/lv\\\/pakalpojumi\\\/musu-pakalpojumi\\\/\",\"name\":\"M\u016bsu pakalpojumi - Service Check - Mystery Shopping\",\"isPartOf\":{\"@id\":\"https:\\\/\\\/servicecheck.ee\\\/lv\\\/#website\"},\"primaryImageOfPage\":{\"@id\":\"https:\\\/\\\/servicecheck.ee\\\/lv\\\/pakalpojumi\\\/musu-pakalpojumi\\\/#primaryimage\"},\"image\":{\"@id\":\"https:\\\/\\\/servicecheck.ee\\\/lv\\\/pakalpojumi\\\/musu-pakalpojumi\\\/#primaryimage\"},\"thumbnailUrl\":\"https:\\\/\\\/servicecheck.dive-group.com\\\/wp-content\\\/uploads\\\/2014\\\/05\\\/Meie-teenused-300x199.jpg\",\"datePublished\":\"2014-08-13T07:42:42+00:00\",\"dateModified\":\"2025-03-19T09:18:56+00:00\",\"description\":\"M\u0113s saviem klientiem pied\u0101v\u0101jam un nodro\u0161inam slepeno apmekl\u0113t\u0101ju veik\u0161anu uz\u0146\u0113mum\u0101, kontroles zvanu veik\u0161anu un kontroles e-pastu izs\u016bt\u012b\u0161anu, t\u0101dej\u0101di\",\"breadcrumb\":{\"@id\":\"https:\\\/\\\/servicecheck.ee\\\/lv\\\/pakalpojumi\\\/musu-pakalpojumi\\\/#breadcrumb\"},\"inLanguage\":\"lv-LV\",\"potentialAction\":[{\"@type\":\"ReadAction\",\"target\":[\"https:\\\/\\\/servicecheck.ee\\\/lv\\\/pakalpojumi\\\/musu-pakalpojumi\\\/\"]}]},{\"@type\":\"ImageObject\",\"inLanguage\":\"lv-LV\",\"@id\":\"https:\\\/\\\/servicecheck.ee\\\/lv\\\/pakalpojumi\\\/musu-pakalpojumi\\\/#primaryimage\",\"url\":\"https:\\\/\\\/servicecheck.dive-group.com\\\/wp-content\\\/uploads\\\/2014\\\/05\\\/Meie-teenused-300x199.jpg\",\"contentUrl\":\"https:\\\/\\\/servicecheck.dive-group.com\\\/wp-content\\\/uploads\\\/2014\\\/05\\\/Meie-teenused-300x199.jpg\"},{\"@type\":\"BreadcrumbList\",\"@id\":\"https:\\\/\\\/servicecheck.ee\\\/lv\\\/pakalpojumi\\\/musu-pakalpojumi\\\/#breadcrumb\",\"itemListElement\":[{\"@type\":\"ListItem\",\"position\":1,\"name\":\"Home\",\"item\":\"https:\\\/\\\/servicecheck.ee\\\/lv\\\/\"},{\"@type\":\"ListItem\",\"position\":2,\"name\":\"Pakalpojumi\",\"item\":\"https:\\\/\\\/servicecheck.ee\\\/lv\\\/pakalpojumi\\\/\"},{\"@type\":\"ListItem\",\"position\":3,\"name\":\"M\u016bsu pakalpojumi\"}]},{\"@type\":\"WebSite\",\"@id\":\"https:\\\/\\\/servicecheck.ee\\\/lv\\\/#website\",\"url\":\"https:\\\/\\\/servicecheck.ee\\\/lv\\\/\",\"name\":\"Service Check\",\"description\":\"Part of Dive\",\"potentialAction\":[{\"@type\":\"SearchAction\",\"target\":{\"@type\":\"EntryPoint\",\"urlTemplate\":\"https:\\\/\\\/servicecheck.ee\\\/lv\\\/?s={search_term_string}\"},\"query-input\":{\"@type\":\"PropertyValueSpecification\",\"valueRequired\":true,\"valueName\":\"search_term_string\"}}],\"inLanguage\":\"lv-LV\"}]}<\/script>\n<!-- \/ Yoast SEO plugin. -->","yoast_head_json":{"title":"M\u016bsu pakalpojumi - Service Check - Mystery Shopping","description":"M\u0113s saviem klientiem pied\u0101v\u0101jam un nodro\u0161inam slepeno apmekl\u0113t\u0101ju veik\u0161anu uz\u0146\u0113mum\u0101, kontroles zvanu veik\u0161anu un kontroles e-pastu izs\u016bt\u012b\u0161anu, t\u0101dej\u0101di","robots":{"index":"index","follow":"follow","max-snippet":"max-snippet:-1","max-image-preview":"max-image-preview:large","max-video-preview":"max-video-preview:-1"},"canonical":"https:\/\/servicecheck.ee\/lv\/pakalpojumi\/musu-pakalpojumi\/","og_locale":"lv_LV","og_type":"article","og_title":"M\u016bsu pakalpojumi - Service Check - Mystery Shopping","og_description":"M\u0113s saviem klientiem pied\u0101v\u0101jam un nodro\u0161inam slepeno apmekl\u0113t\u0101ju veik\u0161anu uz\u0146\u0113mum\u0101, kontroles zvanu veik\u0161anu un kontroles e-pastu izs\u016bt\u012b\u0161anu, t\u0101dej\u0101di","og_url":"https:\/\/servicecheck.ee\/lv\/pakalpojumi\/musu-pakalpojumi\/","og_site_name":"Service Check","article_modified_time":"2025-03-19T09:18:56+00:00","og_image":[{"width":849,"height":565,"url":"https:\/\/servicecheck.ee\/wp-content\/uploads\/2014\/05\/Meie-teenused.jpg","type":"image\/jpeg"}],"twitter_misc":{"Est. reading time":"1 min\u016b\u0161u"},"schema":{"@context":"https:\/\/schema.org","@graph":[{"@type":"WebPage","@id":"https:\/\/servicecheck.ee\/lv\/pakalpojumi\/musu-pakalpojumi\/","url":"https:\/\/servicecheck.ee\/lv\/pakalpojumi\/musu-pakalpojumi\/","name":"M\u016bsu pakalpojumi - Service Check - Mystery Shopping","isPartOf":{"@id":"https:\/\/servicecheck.ee\/lv\/#website"},"primaryImageOfPage":{"@id":"https:\/\/servicecheck.ee\/lv\/pakalpojumi\/musu-pakalpojumi\/#primaryimage"},"image":{"@id":"https:\/\/servicecheck.ee\/lv\/pakalpojumi\/musu-pakalpojumi\/#primaryimage"},"thumbnailUrl":"https:\/\/servicecheck.dive-group.com\/wp-content\/uploads\/2014\/05\/Meie-teenused-300x199.jpg","datePublished":"2014-08-13T07:42:42+00:00","dateModified":"2025-03-19T09:18:56+00:00","description":"M\u0113s saviem klientiem pied\u0101v\u0101jam un nodro\u0161inam slepeno apmekl\u0113t\u0101ju veik\u0161anu uz\u0146\u0113mum\u0101, kontroles zvanu veik\u0161anu un kontroles e-pastu izs\u016bt\u012b\u0161anu, t\u0101dej\u0101di","breadcrumb":{"@id":"https:\/\/servicecheck.ee\/lv\/pakalpojumi\/musu-pakalpojumi\/#breadcrumb"},"inLanguage":"lv-LV","potentialAction":[{"@type":"ReadAction","target":["https:\/\/servicecheck.ee\/lv\/pakalpojumi\/musu-pakalpojumi\/"]}]},{"@type":"ImageObject","inLanguage":"lv-LV","@id":"https:\/\/servicecheck.ee\/lv\/pakalpojumi\/musu-pakalpojumi\/#primaryimage","url":"https:\/\/servicecheck.dive-group.com\/wp-content\/uploads\/2014\/05\/Meie-teenused-300x199.jpg","contentUrl":"https:\/\/servicecheck.dive-group.com\/wp-content\/uploads\/2014\/05\/Meie-teenused-300x199.jpg"},{"@type":"BreadcrumbList","@id":"https:\/\/servicecheck.ee\/lv\/pakalpojumi\/musu-pakalpojumi\/#breadcrumb","itemListElement":[{"@type":"ListItem","position":1,"name":"Home","item":"https:\/\/servicecheck.ee\/lv\/"},{"@type":"ListItem","position":2,"name":"Pakalpojumi","item":"https:\/\/servicecheck.ee\/lv\/pakalpojumi\/"},{"@type":"ListItem","position":3,"name":"M\u016bsu pakalpojumi"}]},{"@type":"WebSite","@id":"https:\/\/servicecheck.ee\/lv\/#website","url":"https:\/\/servicecheck.ee\/lv\/","name":"Service Check","description":"Part of Dive","potentialAction":[{"@type":"SearchAction","target":{"@type":"EntryPoint","urlTemplate":"https:\/\/servicecheck.ee\/lv\/?s={search_term_string}"},"query-input":{"@type":"PropertyValueSpecification","valueRequired":true,"valueName":"search_term_string"}}],"inLanguage":"lv-LV"}]}},"_links":{"self":[{"href":"https:\/\/servicecheck.ee\/lv\/wp-json\/wp\/v2\/pages\/692","targetHints":{"allow":["GET"]}}],"collection":[{"href":"https:\/\/servicecheck.ee\/lv\/wp-json\/wp\/v2\/pages"}],"about":[{"href":"https:\/\/servicecheck.ee\/lv\/wp-json\/wp\/v2\/types\/page"}],"author":[{"embeddable":true,"href":"https:\/\/servicecheck.ee\/lv\/wp-json\/wp\/v2\/users\/1"}],"replies":[{"embeddable":true,"href":"https:\/\/servicecheck.ee\/lv\/wp-json\/wp\/v2\/comments?post=692"}],"version-history":[{"count":5,"href":"https:\/\/servicecheck.ee\/lv\/wp-json\/wp\/v2\/pages\/692\/revisions"}],"predecessor-version":[{"id":771,"href":"https:\/\/servicecheck.ee\/lv\/wp-json\/wp\/v2\/pages\/692\/revisions\/771"}],"up":[{"embeddable":true,"href":"https:\/\/servicecheck.ee\/lv\/wp-json\/wp\/v2\/pages\/574"}],"wp:attachment":[{"href":"https:\/\/servicecheck.ee\/lv\/wp-json\/wp\/v2\/media?parent=692"}],"curies":[{"name":"wp","href":"https:\/\/api.w.org\/{rel}","templated":true}]}}