{"id":697,"date":"2014-08-13T10:46:30","date_gmt":"2014-08-13T07:46:30","guid":{"rendered":"https:\/\/servicecheck.dive-group.com\/?page_id=697"},"modified":"2025-03-19T11:14:27","modified_gmt":"2025-03-19T09:14:27","slug":"slepenais-pakalpojuma-sniedzeja-apmeklejums","status":"publish","type":"page","link":"https:\/\/servicecheck.ee\/lv\/pakalpojumi\/slepenais-pircejs\/slepenais-pakalpojuma-sniedzeja-apmeklejums\/","title":{"rendered":"Slepenais pakalpojuma sniedz\u0113ja apmekl\u0113jums"},"content":{"rendered":"<p><a href=\"https:\/\/servicecheck.dive-group.com\/wp-content\/uploads\/2014\/05\/Vahetu-teeninduse-hindamine.jpg\"><img loading=\"lazy\" decoding=\"async\" class=\"alignright wp-image-287 size-medium\" src=\"https:\/\/servicecheck.dive-group.com\/wp-content\/uploads\/2014\/05\/Vahetu-teeninduse-hindamine-300x199.jpg\" alt=\"Evaluation of Direct Mystery Visits\" width=\"300\" height=\"199\" srcset=\"https:\/\/servicecheck.ee\/wp-content\/uploads\/2014\/05\/Vahetu-teeninduse-hindamine-300x199.jpg 300w, https:\/\/servicecheck.ee\/wp-content\/uploads\/2014\/05\/Vahetu-teeninduse-hindamine.jpg 849w\" sizes=\"auto, (max-width: 300px) 100vw, 300px\" \/><\/a>Slepenais pakalpojuma sniedz\u0113ja apmekl\u0113jums ir vispopul\u0101r\u0101kais veids klientu apkalpo\u0161anas kvalit\u0101tes nov\u0113rt\u0113\u0161anai. \u0160aj\u0101 gad\u012bjum\u0101, slepenais pirc\u0113js apmekl\u0113 uz\u0146\u0113muma tirdzniec\u012bbas zonu (darba vietu) un izturas k\u0101 ikdienas klients. Slepenais pirc\u0113js ir nodro\u0161in\u0101ts ar detaliz\u0113t\u0101m instrukcij\u0101m par to, k\u0101 r\u012bkoties konkr\u0113t\u0101s situ\u0101cij\u0101s un k\u0101dus ieteikumus j\u0101iev\u0113ro. P\u0113c slepen\u0101 apmekl\u0113juma veik\u0161anas, tiek izpild\u012bta tie\u0161saistes anketa vai, atbilsto\u0161i klientu v\u0113lm\u0113m, rakst\u012bts br\u012bvs kopsavilkums par apmekl\u0113juma laik\u0101 sa\u0146emto klientu apkalpo\u0161anu.<\/p>\n<h2>Slepenais apmekl\u0113jumus pal\u012bdz\u0113s J\u016bsu uz\u0146\u0113mumam\u2026<\/h2>\n<ul>\n<li>Izv\u0113rt\u0113t klientiem sniegto apkalpo\u0161anas kvalit\u0101ti, \u0146emot v\u0113r\u0101 objekt\u012bvu pakalpojuma sa\u0146\u0113m\u0113ja viedokli.<\/li>\n<li>Sa\u0146emt objekt\u012bvu p\u0101rskatu ar uz\u0146\u0113mumu raksturojo\u0161\u0101m pozit\u012bvaj\u0101m un negat\u012bvaj\u0101m klientu apkalpo\u0161anas iez\u012bm\u0113m.<\/li>\n<li>Motiv\u0113t savu uz\u0146\u0113muma komandu un veikt m\u0113r\u0137tiec\u012bgu darbinieku apm\u0101c\u012bbu.<\/li>\n<li>Samazin\u0101t klientu s\u016bdz\u012bbas un palielin\u0101t patst\u0101v\u012bgo klientu skaitu.<\/li>\n<\/ul>\n<p>Ilgtermi\u0146\u0101 uz\u0146\u0113mumam tiek sniegta iesp\u0113ja att\u012bst\u012bt klientu apkalpo\u0161anas kvalit\u0101ti, kas pal\u012bdz uz\u0146\u0113mumam palielin\u0101t savu tirgus da\u013cu, k\u0101 ar\u012b kalpo par ie\u0146\u0113mumu un liel\u0101kas pe\u013c\u0146as g\u016b\u0161anas faktoru, k\u0101 ar\u012b uzlabo reput\u0101ciju.<\/p>\n<p>Veicot slepeno pakalpojumu snieg\u0161anas vietas apmekl\u0113jumu, slepenais pirc\u0113js v\u0113rt\u0113 vair\u0101kus, da\u017e\u0101dus klientu apkalpo\u0161anas aspektus &#8211; pirmo iespaidu, zin\u0101\u0161anas, p\u0101rdo\u0161anas prasmes, komunik\u0101ciju kopum\u0101 un citus \u012bpa\u0161us krit\u0113rijus, atbilsto\u0161i klienta v\u0113lm\u0113m, kas tiek noskaidroti pirms slepen\u0101 apmekl\u0113juma veik\u0161anas.<\/p>\n","protected":false},"excerpt":{"rendered":"<p>Slepenais pakalpojuma sniedz\u0113ja apmekl\u0113jums ir vispopul\u0101r\u0101kais veids klientu apkalpo\u0161anas kvalit\u0101tes nov\u0113rt\u0113\u0161anai. \u0160aj\u0101 gad\u012bjum\u0101, slepenais pirc\u0113js apmekl\u0113 uz\u0146\u0113muma tirdzniec\u012bbas zonu (darba vietu) un izturas k\u0101 ikdienas klients. Slepenais pirc\u0113js ir nodro\u0161in\u0101ts ar detaliz\u0113t\u0101m instrukcij\u0101m par to, k\u0101 r\u012bkoties konkr\u0113t\u0101s situ\u0101cij\u0101s un k\u0101dus ieteikumus j\u0101iev\u0113ro. P\u0113c slepen\u0101 apmekl\u0113juma veik\u0161anas, tiek izpild\u012bta tie\u0161saistes&#8230;<\/p>\n","protected":false},"author":1,"featured_media":0,"parent":690,"menu_order":0,"comment_status":"closed","ping_status":"open","template":"","meta":{"_crdt_document":"","footnotes":""},"class_list":["post-697","page","type-page","status-publish","hentry"],"yoast_head":"<!-- This site is optimized with the Yoast SEO plugin v27.3 - https:\/\/yoast.com\/product\/yoast-seo-wordpress\/ -->\n<title>Slepenais pakalpojuma sniedz\u0113ja apmekl\u0113jums - Service Check - Mystery Shopping<\/title>\n<meta name=\"description\" content=\"Slepenais pakalpojuma sniedz\u0113ja apmekl\u0113jums ir vispopul\u0101r\u0101kais veids klientu apkalpo\u0161anas kvalit\u0101tes nov\u0113rt\u0113\u0161anai. \u0160aj\u0101 gad\u012bjum\u0101, slepenais pirc\u0113js\" \/>\n<meta name=\"robots\" content=\"index, follow, max-snippet:-1, max-image-preview:large, max-video-preview:-1\" \/>\n<link rel=\"canonical\" href=\"https:\/\/servicecheck.ee\/lv\/pakalpojumi\/slepenais-pircejs\/slepenais-pakalpojuma-sniedzeja-apmeklejums\/\" \/>\n<meta property=\"og:locale\" content=\"lv_LV\" \/>\n<meta property=\"og:type\" content=\"article\" \/>\n<meta property=\"og:title\" content=\"Slepenais pakalpojuma sniedz\u0113ja apmekl\u0113jums - Service Check - Mystery Shopping\" \/>\n<meta property=\"og:description\" content=\"Slepenais pakalpojuma sniedz\u0113ja apmekl\u0113jums ir vispopul\u0101r\u0101kais veids klientu apkalpo\u0161anas kvalit\u0101tes nov\u0113rt\u0113\u0161anai. \u0160aj\u0101 gad\u012bjum\u0101, slepenais pirc\u0113js\" \/>\n<meta property=\"og:url\" content=\"https:\/\/servicecheck.ee\/lv\/pakalpojumi\/slepenais-pircejs\/slepenais-pakalpojuma-sniedzeja-apmeklejums\/\" \/>\n<meta property=\"og:site_name\" content=\"Service Check\" \/>\n<meta property=\"article:modified_time\" content=\"2025-03-19T09:14:27+00:00\" \/>\n<meta property=\"og:image\" content=\"https:\/\/servicecheck.ee\/wp-content\/uploads\/2014\/05\/Vahetu-teeninduse-hindamine.jpg\" \/>\n\t<meta property=\"og:image:width\" content=\"849\" \/>\n\t<meta property=\"og:image:height\" content=\"565\" \/>\n\t<meta property=\"og:image:type\" content=\"image\/jpeg\" \/>\n<meta name=\"twitter:label1\" content=\"Est. reading time\" \/>\n\t<meta name=\"twitter:data1\" content=\"1 min\u016b\u0161u\" \/>\n<script type=\"application\/ld+json\" class=\"yoast-schema-graph\">{\"@context\":\"https:\\\/\\\/schema.org\",\"@graph\":[{\"@type\":\"WebPage\",\"@id\":\"https:\\\/\\\/servicecheck.ee\\\/lv\\\/pakalpojumi\\\/slepenais-pircejs\\\/slepenais-pakalpojuma-sniedzeja-apmeklejums\\\/\",\"url\":\"https:\\\/\\\/servicecheck.ee\\\/lv\\\/pakalpojumi\\\/slepenais-pircejs\\\/slepenais-pakalpojuma-sniedzeja-apmeklejums\\\/\",\"name\":\"Slepenais pakalpojuma sniedz\u0113ja apmekl\u0113jums - Service Check - Mystery Shopping\",\"isPartOf\":{\"@id\":\"https:\\\/\\\/servicecheck.ee\\\/lv\\\/#website\"},\"primaryImageOfPage\":{\"@id\":\"https:\\\/\\\/servicecheck.ee\\\/lv\\\/pakalpojumi\\\/slepenais-pircejs\\\/slepenais-pakalpojuma-sniedzeja-apmeklejums\\\/#primaryimage\"},\"image\":{\"@id\":\"https:\\\/\\\/servicecheck.ee\\\/lv\\\/pakalpojumi\\\/slepenais-pircejs\\\/slepenais-pakalpojuma-sniedzeja-apmeklejums\\\/#primaryimage\"},\"thumbnailUrl\":\"https:\\\/\\\/servicecheck.dive-group.com\\\/wp-content\\\/uploads\\\/2014\\\/05\\\/Vahetu-teeninduse-hindamine-300x199.jpg\",\"datePublished\":\"2014-08-13T07:46:30+00:00\",\"dateModified\":\"2025-03-19T09:14:27+00:00\",\"description\":\"Slepenais pakalpojuma sniedz\u0113ja apmekl\u0113jums ir vispopul\u0101r\u0101kais veids klientu apkalpo\u0161anas kvalit\u0101tes nov\u0113rt\u0113\u0161anai. \u0160aj\u0101 gad\u012bjum\u0101, slepenais pirc\u0113js\",\"breadcrumb\":{\"@id\":\"https:\\\/\\\/servicecheck.ee\\\/lv\\\/pakalpojumi\\\/slepenais-pircejs\\\/slepenais-pakalpojuma-sniedzeja-apmeklejums\\\/#breadcrumb\"},\"inLanguage\":\"lv-LV\",\"potentialAction\":[{\"@type\":\"ReadAction\",\"target\":[\"https:\\\/\\\/servicecheck.ee\\\/lv\\\/pakalpojumi\\\/slepenais-pircejs\\\/slepenais-pakalpojuma-sniedzeja-apmeklejums\\\/\"]}]},{\"@type\":\"ImageObject\",\"inLanguage\":\"lv-LV\",\"@id\":\"https:\\\/\\\/servicecheck.ee\\\/lv\\\/pakalpojumi\\\/slepenais-pircejs\\\/slepenais-pakalpojuma-sniedzeja-apmeklejums\\\/#primaryimage\",\"url\":\"https:\\\/\\\/servicecheck.dive-group.com\\\/wp-content\\\/uploads\\\/2014\\\/05\\\/Vahetu-teeninduse-hindamine-300x199.jpg\",\"contentUrl\":\"https:\\\/\\\/servicecheck.dive-group.com\\\/wp-content\\\/uploads\\\/2014\\\/05\\\/Vahetu-teeninduse-hindamine-300x199.jpg\"},{\"@type\":\"BreadcrumbList\",\"@id\":\"https:\\\/\\\/servicecheck.ee\\\/lv\\\/pakalpojumi\\\/slepenais-pircejs\\\/slepenais-pakalpojuma-sniedzeja-apmeklejums\\\/#breadcrumb\",\"itemListElement\":[{\"@type\":\"ListItem\",\"position\":1,\"name\":\"Home\",\"item\":\"https:\\\/\\\/servicecheck.ee\\\/lv\\\/\"},{\"@type\":\"ListItem\",\"position\":2,\"name\":\"Pakalpojumi\",\"item\":\"https:\\\/\\\/servicecheck.ee\\\/lv\\\/pakalpojumi\\\/\"},{\"@type\":\"ListItem\",\"position\":3,\"name\":\"Slepenais pirc\u0113js\",\"item\":\"https:\\\/\\\/servicecheck.ee\\\/lv\\\/pakalpojumi\\\/slepenais-pircejs\\\/\"},{\"@type\":\"ListItem\",\"position\":4,\"name\":\"Slepenais pakalpojuma sniedz\u0113ja apmekl\u0113jums\"}]},{\"@type\":\"WebSite\",\"@id\":\"https:\\\/\\\/servicecheck.ee\\\/lv\\\/#website\",\"url\":\"https:\\\/\\\/servicecheck.ee\\\/lv\\\/\",\"name\":\"Service Check\",\"description\":\"Part of Dive\",\"potentialAction\":[{\"@type\":\"SearchAction\",\"target\":{\"@type\":\"EntryPoint\",\"urlTemplate\":\"https:\\\/\\\/servicecheck.ee\\\/lv\\\/?s={search_term_string}\"},\"query-input\":{\"@type\":\"PropertyValueSpecification\",\"valueRequired\":true,\"valueName\":\"search_term_string\"}}],\"inLanguage\":\"lv-LV\"}]}<\/script>\n<!-- \/ Yoast SEO plugin. -->","yoast_head_json":{"title":"Slepenais pakalpojuma sniedz\u0113ja apmekl\u0113jums - Service Check - Mystery Shopping","description":"Slepenais pakalpojuma sniedz\u0113ja apmekl\u0113jums ir vispopul\u0101r\u0101kais veids klientu apkalpo\u0161anas kvalit\u0101tes nov\u0113rt\u0113\u0161anai. \u0160aj\u0101 gad\u012bjum\u0101, slepenais pirc\u0113js","robots":{"index":"index","follow":"follow","max-snippet":"max-snippet:-1","max-image-preview":"max-image-preview:large","max-video-preview":"max-video-preview:-1"},"canonical":"https:\/\/servicecheck.ee\/lv\/pakalpojumi\/slepenais-pircejs\/slepenais-pakalpojuma-sniedzeja-apmeklejums\/","og_locale":"lv_LV","og_type":"article","og_title":"Slepenais pakalpojuma sniedz\u0113ja apmekl\u0113jums - Service Check - Mystery Shopping","og_description":"Slepenais pakalpojuma sniedz\u0113ja apmekl\u0113jums ir vispopul\u0101r\u0101kais veids klientu apkalpo\u0161anas kvalit\u0101tes nov\u0113rt\u0113\u0161anai. \u0160aj\u0101 gad\u012bjum\u0101, slepenais pirc\u0113js","og_url":"https:\/\/servicecheck.ee\/lv\/pakalpojumi\/slepenais-pircejs\/slepenais-pakalpojuma-sniedzeja-apmeklejums\/","og_site_name":"Service Check","article_modified_time":"2025-03-19T09:14:27+00:00","og_image":[{"width":849,"height":565,"url":"https:\/\/servicecheck.ee\/wp-content\/uploads\/2014\/05\/Vahetu-teeninduse-hindamine.jpg","type":"image\/jpeg"}],"twitter_misc":{"Est. reading time":"1 min\u016b\u0161u"},"schema":{"@context":"https:\/\/schema.org","@graph":[{"@type":"WebPage","@id":"https:\/\/servicecheck.ee\/lv\/pakalpojumi\/slepenais-pircejs\/slepenais-pakalpojuma-sniedzeja-apmeklejums\/","url":"https:\/\/servicecheck.ee\/lv\/pakalpojumi\/slepenais-pircejs\/slepenais-pakalpojuma-sniedzeja-apmeklejums\/","name":"Slepenais pakalpojuma sniedz\u0113ja apmekl\u0113jums - Service Check - Mystery Shopping","isPartOf":{"@id":"https:\/\/servicecheck.ee\/lv\/#website"},"primaryImageOfPage":{"@id":"https:\/\/servicecheck.ee\/lv\/pakalpojumi\/slepenais-pircejs\/slepenais-pakalpojuma-sniedzeja-apmeklejums\/#primaryimage"},"image":{"@id":"https:\/\/servicecheck.ee\/lv\/pakalpojumi\/slepenais-pircejs\/slepenais-pakalpojuma-sniedzeja-apmeklejums\/#primaryimage"},"thumbnailUrl":"https:\/\/servicecheck.dive-group.com\/wp-content\/uploads\/2014\/05\/Vahetu-teeninduse-hindamine-300x199.jpg","datePublished":"2014-08-13T07:46:30+00:00","dateModified":"2025-03-19T09:14:27+00:00","description":"Slepenais pakalpojuma sniedz\u0113ja apmekl\u0113jums ir vispopul\u0101r\u0101kais veids klientu apkalpo\u0161anas kvalit\u0101tes nov\u0113rt\u0113\u0161anai. \u0160aj\u0101 gad\u012bjum\u0101, slepenais pirc\u0113js","breadcrumb":{"@id":"https:\/\/servicecheck.ee\/lv\/pakalpojumi\/slepenais-pircejs\/slepenais-pakalpojuma-sniedzeja-apmeklejums\/#breadcrumb"},"inLanguage":"lv-LV","potentialAction":[{"@type":"ReadAction","target":["https:\/\/servicecheck.ee\/lv\/pakalpojumi\/slepenais-pircejs\/slepenais-pakalpojuma-sniedzeja-apmeklejums\/"]}]},{"@type":"ImageObject","inLanguage":"lv-LV","@id":"https:\/\/servicecheck.ee\/lv\/pakalpojumi\/slepenais-pircejs\/slepenais-pakalpojuma-sniedzeja-apmeklejums\/#primaryimage","url":"https:\/\/servicecheck.dive-group.com\/wp-content\/uploads\/2014\/05\/Vahetu-teeninduse-hindamine-300x199.jpg","contentUrl":"https:\/\/servicecheck.dive-group.com\/wp-content\/uploads\/2014\/05\/Vahetu-teeninduse-hindamine-300x199.jpg"},{"@type":"BreadcrumbList","@id":"https:\/\/servicecheck.ee\/lv\/pakalpojumi\/slepenais-pircejs\/slepenais-pakalpojuma-sniedzeja-apmeklejums\/#breadcrumb","itemListElement":[{"@type":"ListItem","position":1,"name":"Home","item":"https:\/\/servicecheck.ee\/lv\/"},{"@type":"ListItem","position":2,"name":"Pakalpojumi","item":"https:\/\/servicecheck.ee\/lv\/pakalpojumi\/"},{"@type":"ListItem","position":3,"name":"Slepenais pirc\u0113js","item":"https:\/\/servicecheck.ee\/lv\/pakalpojumi\/slepenais-pircejs\/"},{"@type":"ListItem","position":4,"name":"Slepenais pakalpojuma sniedz\u0113ja apmekl\u0113jums"}]},{"@type":"WebSite","@id":"https:\/\/servicecheck.ee\/lv\/#website","url":"https:\/\/servicecheck.ee\/lv\/","name":"Service Check","description":"Part of Dive","potentialAction":[{"@type":"SearchAction","target":{"@type":"EntryPoint","urlTemplate":"https:\/\/servicecheck.ee\/lv\/?s={search_term_string}"},"query-input":{"@type":"PropertyValueSpecification","valueRequired":true,"valueName":"search_term_string"}}],"inLanguage":"lv-LV"}]}},"_links":{"self":[{"href":"https:\/\/servicecheck.ee\/lv\/wp-json\/wp\/v2\/pages\/697","targetHints":{"allow":["GET"]}}],"collection":[{"href":"https:\/\/servicecheck.ee\/lv\/wp-json\/wp\/v2\/pages"}],"about":[{"href":"https:\/\/servicecheck.ee\/lv\/wp-json\/wp\/v2\/types\/page"}],"author":[{"embeddable":true,"href":"https:\/\/servicecheck.ee\/lv\/wp-json\/wp\/v2\/users\/1"}],"replies":[{"embeddable":true,"href":"https:\/\/servicecheck.ee\/lv\/wp-json\/wp\/v2\/comments?post=697"}],"version-history":[{"count":1,"href":"https:\/\/servicecheck.ee\/lv\/wp-json\/wp\/v2\/pages\/697\/revisions"}],"predecessor-version":[{"id":698,"href":"https:\/\/servicecheck.ee\/lv\/wp-json\/wp\/v2\/pages\/697\/revisions\/698"}],"up":[{"embeddable":true,"href":"https:\/\/servicecheck.ee\/lv\/wp-json\/wp\/v2\/pages\/690"}],"wp:attachment":[{"href":"https:\/\/servicecheck.ee\/lv\/wp-json\/wp\/v2\/media?parent=697"}],"curies":[{"name":"wp","href":"https:\/\/api.w.org\/{rel}","templated":true}]}}