{"id":699,"date":"2014-08-13T10:49:35","date_gmt":"2014-08-13T07:49:35","guid":{"rendered":"https:\/\/servicecheck.dive-group.com\/?page_id=699"},"modified":"2025-03-19T11:14:35","modified_gmt":"2025-03-19T09:14:35","slug":"slepena-telefona-zvana-veiksana-un-kontroles-e-pasta-sutisana","status":"publish","type":"page","link":"https:\/\/servicecheck.ee\/lv\/pakalpojumi\/slepenais-pircejs\/slepena-telefona-zvana-veiksana-un-kontroles-e-pasta-sutisana\/","title":{"rendered":"Slepen\u0101 telefona zvana veik\u0161ana un kontroles e-pasta s\u016bt\u012b\u0161ana"},"content":{"rendered":"<p>Bie\u017ei vien tie\u0161i viens vien\u012bgs telefona zvans vai e-pasts var rad\u012bt pirmo iespaidu par uz\u0146\u0113mumu, raksturot t\u0101 attieksmi pret klientu un uz\u0146\u0113muma sniegt\u0101 pakalpojuma kvalit\u0101ti. T\u0101p\u0113c ir svar\u012bgi iev\u0113rot un att\u012bst\u012bt klientu apkalpo\u0161anas standartus, iev\u0113rojot profesion\u0101lu pieeju ar\u012b \u0161\u0101dos sazi\u0146as veidos.\u00a0 Veicot slepeno zvanu vai rakstot kontroles e-pasta zi\u0146u, slepenais pirc\u0113js veic ikdienas sarunu, v\u0113rt\u0113jot klientam sniegto apkalpo\u0161anas kvalit\u0101ti.\u00a0 Atbilsto\u0161i sa\u0146emtajai inform\u0101cijai slepenais pirc\u0113js aizpilda tie\u0161saistes anketu vai, \u0146emot v\u0113r\u0101 klienta v\u0113lmes, raksta kopsavilkumu detaliz\u0113ti aprakstot sa\u0146emto pakalpojumu un nov\u0113rojumus klientu apkalpo\u0161anas kvalit\u0101tes aspektos.<\/p>\n<p><a href=\"https:\/\/servicecheck.dive-group.com\/wp-content\/uploads\/2014\/05\/Telefoni-ja-meiliteeninduse-hindamine.jpg\"><img loading=\"lazy\" decoding=\"async\" class=\"alignright wp-image-290 size-medium\" src=\"https:\/\/servicecheck.dive-group.com\/wp-content\/uploads\/2014\/05\/Telefoni-ja-meiliteeninduse-hindamine-300x294.jpg\" alt=\"Evaluation of Mystery Phone Calls and emails\" width=\"300\" height=\"294\" srcset=\"https:\/\/servicecheck.ee\/wp-content\/uploads\/2014\/05\/Telefoni-ja-meiliteeninduse-hindamine-300x294.jpg 300w, https:\/\/servicecheck.ee\/wp-content\/uploads\/2014\/05\/Telefoni-ja-meiliteeninduse-hindamine.jpg 699w\" sizes=\"auto, (max-width: 300px) 100vw, 300px\" \/><\/a><\/p>\n<p>Slepen\u0101 telefona zvana vai kontroles e-pasta s\u016bt\u012b\u0161anas v\u0113rt\u0113jum\u0101 ir svar\u012bgi citi apkalpo\u0161anas aspekti, b\u016btiski izv\u0113rt\u0113tu k\u0101das saj\u016btas pakalpojuma sa\u0146\u0113m\u0113jam tiek rad\u012btas \u0161\u0101das komunik\u0101cijas veid\u0101, tie\u0161i neredzot pakalpojuma sniedz\u0113ju tikai v\u0113rt\u0113jot vi\u0146a sazi\u0146as veidu un profesionalit\u0101ti no dzird\u0113t\u0101 vai rakst\u012bt\u0101.<\/p>\n<p>Klientu apkalpo\u0161an\u0101 pa telefonu vai e-pastu b\u016btisks ir apkalpo\u0161anas \u0101trums, precizit\u0101te un sp\u0113ja notur\u0113t potenci\u0101l\u0101 un eso\u0161a klienta uzman\u012bbu. V\u0113rt\u0113jot e-pasta sazi\u0146as veidu, papildus var tiks v\u0113rt\u0113ta ne tikai sniegt\u0101 inform\u0101cija p\u0113c b\u016bt\u012bbas, bet ar\u012b pareizrakst\u012bba, kas ne\u0161aub\u012bgi\u00a0 ir kvalit\u0101ti un profesionalit\u0101ti raksturojo\u0161s faktors.<\/p>\n<p>Savuk\u0101rt, v\u0113rt\u0113jot telefona zvanus, papildus var tikt v\u0113rt\u0113ta saskarsme, darbinieka balss tonis, operativit\u0101te, atbildot uz jaut\u0101jumiem, un sniegt\u0101s inform\u0101cijas atbilst\u012bba jaut\u0101jumam.<\/p>\n","protected":false},"excerpt":{"rendered":"<p>Bie\u017ei vien tie\u0161i viens vien\u012bgs telefona zvans vai e-pasts var rad\u012bt pirmo iespaidu par uz\u0146\u0113mumu, raksturot t\u0101 attieksmi pret klientu un uz\u0146\u0113muma sniegt\u0101 pakalpojuma kvalit\u0101ti. T\u0101p\u0113c ir svar\u012bgi iev\u0113rot un att\u012bst\u012bt klientu apkalpo\u0161anas standartus, iev\u0113rojot profesion\u0101lu pieeju ar\u012b \u0161\u0101dos sazi\u0146as veidos.\u00a0 Veicot slepeno zvanu vai rakstot kontroles e-pasta zi\u0146u, slepenais&#8230;<\/p>\n","protected":false},"author":1,"featured_media":0,"parent":690,"menu_order":0,"comment_status":"closed","ping_status":"open","template":"","meta":{"_crdt_document":"","footnotes":""},"class_list":["post-699","page","type-page","status-publish","hentry"],"yoast_head":"<!-- This site is optimized with the Yoast SEO plugin v27.3 - https:\/\/yoast.com\/product\/yoast-seo-wordpress\/ -->\n<title>Slepen\u0101 telefona zvana veik\u0161ana un kontroles e-pasta s\u016bt\u012b\u0161ana - Service Check - Mystery Shopping<\/title>\n<meta name=\"description\" content=\"Bie\u017ei vien tie\u0161i viens vien\u012bgs telefona zvans vai e-pasts var rad\u012bt pirmo iespaidu par uz\u0146\u0113mumu, raksturot t\u0101 attieksmi pret klientu un uz\u0146\u0113muma sniegt\u0101\" \/>\n<meta name=\"robots\" content=\"index, follow, max-snippet:-1, max-image-preview:large, max-video-preview:-1\" \/>\n<link rel=\"canonical\" href=\"https:\/\/servicecheck.ee\/lv\/pakalpojumi\/slepenais-pircejs\/slepena-telefona-zvana-veiksana-un-kontroles-e-pasta-sutisana\/\" \/>\n<meta property=\"og:locale\" content=\"lv_LV\" \/>\n<meta property=\"og:type\" content=\"article\" \/>\n<meta property=\"og:title\" content=\"Slepen\u0101 telefona zvana veik\u0161ana un kontroles e-pasta s\u016bt\u012b\u0161ana - Service Check - Mystery Shopping\" \/>\n<meta property=\"og:description\" content=\"Bie\u017ei vien tie\u0161i viens vien\u012bgs telefona zvans vai e-pasts var rad\u012bt pirmo iespaidu par uz\u0146\u0113mumu, raksturot t\u0101 attieksmi pret klientu un uz\u0146\u0113muma sniegt\u0101\" \/>\n<meta property=\"og:url\" content=\"https:\/\/servicecheck.ee\/lv\/pakalpojumi\/slepenais-pircejs\/slepena-telefona-zvana-veiksana-un-kontroles-e-pasta-sutisana\/\" \/>\n<meta property=\"og:site_name\" content=\"Service Check\" \/>\n<meta property=\"article:modified_time\" content=\"2025-03-19T09:14:35+00:00\" \/>\n<meta property=\"og:image\" content=\"https:\/\/servicecheck.ee\/wp-content\/uploads\/2014\/05\/Telefoni-ja-meiliteeninduse-hindamine.jpg\" \/>\n\t<meta property=\"og:image:width\" content=\"699\" \/>\n\t<meta property=\"og:image:height\" content=\"687\" \/>\n\t<meta property=\"og:image:type\" content=\"image\/jpeg\" \/>\n<meta name=\"twitter:label1\" content=\"Est. reading time\" \/>\n\t<meta name=\"twitter:data1\" content=\"2 min\u016btes\" \/>\n<script type=\"application\/ld+json\" class=\"yoast-schema-graph\">{\"@context\":\"https:\\\/\\\/schema.org\",\"@graph\":[{\"@type\":\"WebPage\",\"@id\":\"https:\\\/\\\/servicecheck.ee\\\/lv\\\/pakalpojumi\\\/slepenais-pircejs\\\/slepena-telefona-zvana-veiksana-un-kontroles-e-pasta-sutisana\\\/\",\"url\":\"https:\\\/\\\/servicecheck.ee\\\/lv\\\/pakalpojumi\\\/slepenais-pircejs\\\/slepena-telefona-zvana-veiksana-un-kontroles-e-pasta-sutisana\\\/\",\"name\":\"Slepen\u0101 telefona zvana veik\u0161ana un kontroles e-pasta s\u016bt\u012b\u0161ana - Service Check - Mystery Shopping\",\"isPartOf\":{\"@id\":\"https:\\\/\\\/servicecheck.ee\\\/lv\\\/#website\"},\"primaryImageOfPage\":{\"@id\":\"https:\\\/\\\/servicecheck.ee\\\/lv\\\/pakalpojumi\\\/slepenais-pircejs\\\/slepena-telefona-zvana-veiksana-un-kontroles-e-pasta-sutisana\\\/#primaryimage\"},\"image\":{\"@id\":\"https:\\\/\\\/servicecheck.ee\\\/lv\\\/pakalpojumi\\\/slepenais-pircejs\\\/slepena-telefona-zvana-veiksana-un-kontroles-e-pasta-sutisana\\\/#primaryimage\"},\"thumbnailUrl\":\"https:\\\/\\\/servicecheck.dive-group.com\\\/wp-content\\\/uploads\\\/2014\\\/05\\\/Telefoni-ja-meiliteeninduse-hindamine-300x294.jpg\",\"datePublished\":\"2014-08-13T07:49:35+00:00\",\"dateModified\":\"2025-03-19T09:14:35+00:00\",\"description\":\"Bie\u017ei vien tie\u0161i viens vien\u012bgs telefona zvans vai e-pasts var rad\u012bt pirmo iespaidu par uz\u0146\u0113mumu, raksturot t\u0101 attieksmi pret klientu un uz\u0146\u0113muma sniegt\u0101\",\"breadcrumb\":{\"@id\":\"https:\\\/\\\/servicecheck.ee\\\/lv\\\/pakalpojumi\\\/slepenais-pircejs\\\/slepena-telefona-zvana-veiksana-un-kontroles-e-pasta-sutisana\\\/#breadcrumb\"},\"inLanguage\":\"lv-LV\",\"potentialAction\":[{\"@type\":\"ReadAction\",\"target\":[\"https:\\\/\\\/servicecheck.ee\\\/lv\\\/pakalpojumi\\\/slepenais-pircejs\\\/slepena-telefona-zvana-veiksana-un-kontroles-e-pasta-sutisana\\\/\"]}]},{\"@type\":\"ImageObject\",\"inLanguage\":\"lv-LV\",\"@id\":\"https:\\\/\\\/servicecheck.ee\\\/lv\\\/pakalpojumi\\\/slepenais-pircejs\\\/slepena-telefona-zvana-veiksana-un-kontroles-e-pasta-sutisana\\\/#primaryimage\",\"url\":\"https:\\\/\\\/servicecheck.dive-group.com\\\/wp-content\\\/uploads\\\/2014\\\/05\\\/Telefoni-ja-meiliteeninduse-hindamine-300x294.jpg\",\"contentUrl\":\"https:\\\/\\\/servicecheck.dive-group.com\\\/wp-content\\\/uploads\\\/2014\\\/05\\\/Telefoni-ja-meiliteeninduse-hindamine-300x294.jpg\"},{\"@type\":\"BreadcrumbList\",\"@id\":\"https:\\\/\\\/servicecheck.ee\\\/lv\\\/pakalpojumi\\\/slepenais-pircejs\\\/slepena-telefona-zvana-veiksana-un-kontroles-e-pasta-sutisana\\\/#breadcrumb\",\"itemListElement\":[{\"@type\":\"ListItem\",\"position\":1,\"name\":\"Home\",\"item\":\"https:\\\/\\\/servicecheck.ee\\\/lv\\\/\"},{\"@type\":\"ListItem\",\"position\":2,\"name\":\"Pakalpojumi\",\"item\":\"https:\\\/\\\/servicecheck.ee\\\/lv\\\/pakalpojumi\\\/\"},{\"@type\":\"ListItem\",\"position\":3,\"name\":\"Slepenais pirc\u0113js\",\"item\":\"https:\\\/\\\/servicecheck.ee\\\/lv\\\/pakalpojumi\\\/slepenais-pircejs\\\/\"},{\"@type\":\"ListItem\",\"position\":4,\"name\":\"Slepen\u0101 telefona zvana veik\u0161ana un kontroles e-pasta s\u016bt\u012b\u0161ana\"}]},{\"@type\":\"WebSite\",\"@id\":\"https:\\\/\\\/servicecheck.ee\\\/lv\\\/#website\",\"url\":\"https:\\\/\\\/servicecheck.ee\\\/lv\\\/\",\"name\":\"Service Check\",\"description\":\"Part of Dive\",\"potentialAction\":[{\"@type\":\"SearchAction\",\"target\":{\"@type\":\"EntryPoint\",\"urlTemplate\":\"https:\\\/\\\/servicecheck.ee\\\/lv\\\/?s={search_term_string}\"},\"query-input\":{\"@type\":\"PropertyValueSpecification\",\"valueRequired\":true,\"valueName\":\"search_term_string\"}}],\"inLanguage\":\"lv-LV\"}]}<\/script>\n<!-- \/ Yoast SEO plugin. -->","yoast_head_json":{"title":"Slepen\u0101 telefona zvana veik\u0161ana un kontroles e-pasta s\u016bt\u012b\u0161ana - Service Check - Mystery Shopping","description":"Bie\u017ei vien tie\u0161i viens vien\u012bgs telefona zvans vai e-pasts var rad\u012bt pirmo iespaidu par uz\u0146\u0113mumu, raksturot t\u0101 attieksmi pret klientu un uz\u0146\u0113muma sniegt\u0101","robots":{"index":"index","follow":"follow","max-snippet":"max-snippet:-1","max-image-preview":"max-image-preview:large","max-video-preview":"max-video-preview:-1"},"canonical":"https:\/\/servicecheck.ee\/lv\/pakalpojumi\/slepenais-pircejs\/slepena-telefona-zvana-veiksana-un-kontroles-e-pasta-sutisana\/","og_locale":"lv_LV","og_type":"article","og_title":"Slepen\u0101 telefona zvana veik\u0161ana un kontroles e-pasta s\u016bt\u012b\u0161ana - Service Check - Mystery Shopping","og_description":"Bie\u017ei vien tie\u0161i viens vien\u012bgs telefona zvans vai e-pasts var rad\u012bt pirmo iespaidu par uz\u0146\u0113mumu, raksturot t\u0101 attieksmi pret klientu un uz\u0146\u0113muma sniegt\u0101","og_url":"https:\/\/servicecheck.ee\/lv\/pakalpojumi\/slepenais-pircejs\/slepena-telefona-zvana-veiksana-un-kontroles-e-pasta-sutisana\/","og_site_name":"Service Check","article_modified_time":"2025-03-19T09:14:35+00:00","og_image":[{"width":699,"height":687,"url":"https:\/\/servicecheck.ee\/wp-content\/uploads\/2014\/05\/Telefoni-ja-meiliteeninduse-hindamine.jpg","type":"image\/jpeg"}],"twitter_misc":{"Est. reading time":"2 min\u016btes"},"schema":{"@context":"https:\/\/schema.org","@graph":[{"@type":"WebPage","@id":"https:\/\/servicecheck.ee\/lv\/pakalpojumi\/slepenais-pircejs\/slepena-telefona-zvana-veiksana-un-kontroles-e-pasta-sutisana\/","url":"https:\/\/servicecheck.ee\/lv\/pakalpojumi\/slepenais-pircejs\/slepena-telefona-zvana-veiksana-un-kontroles-e-pasta-sutisana\/","name":"Slepen\u0101 telefona zvana veik\u0161ana un kontroles e-pasta s\u016bt\u012b\u0161ana - Service Check - Mystery Shopping","isPartOf":{"@id":"https:\/\/servicecheck.ee\/lv\/#website"},"primaryImageOfPage":{"@id":"https:\/\/servicecheck.ee\/lv\/pakalpojumi\/slepenais-pircejs\/slepena-telefona-zvana-veiksana-un-kontroles-e-pasta-sutisana\/#primaryimage"},"image":{"@id":"https:\/\/servicecheck.ee\/lv\/pakalpojumi\/slepenais-pircejs\/slepena-telefona-zvana-veiksana-un-kontroles-e-pasta-sutisana\/#primaryimage"},"thumbnailUrl":"https:\/\/servicecheck.dive-group.com\/wp-content\/uploads\/2014\/05\/Telefoni-ja-meiliteeninduse-hindamine-300x294.jpg","datePublished":"2014-08-13T07:49:35+00:00","dateModified":"2025-03-19T09:14:35+00:00","description":"Bie\u017ei vien tie\u0161i viens vien\u012bgs telefona zvans vai e-pasts var rad\u012bt pirmo iespaidu par uz\u0146\u0113mumu, raksturot t\u0101 attieksmi pret klientu un uz\u0146\u0113muma sniegt\u0101","breadcrumb":{"@id":"https:\/\/servicecheck.ee\/lv\/pakalpojumi\/slepenais-pircejs\/slepena-telefona-zvana-veiksana-un-kontroles-e-pasta-sutisana\/#breadcrumb"},"inLanguage":"lv-LV","potentialAction":[{"@type":"ReadAction","target":["https:\/\/servicecheck.ee\/lv\/pakalpojumi\/slepenais-pircejs\/slepena-telefona-zvana-veiksana-un-kontroles-e-pasta-sutisana\/"]}]},{"@type":"ImageObject","inLanguage":"lv-LV","@id":"https:\/\/servicecheck.ee\/lv\/pakalpojumi\/slepenais-pircejs\/slepena-telefona-zvana-veiksana-un-kontroles-e-pasta-sutisana\/#primaryimage","url":"https:\/\/servicecheck.dive-group.com\/wp-content\/uploads\/2014\/05\/Telefoni-ja-meiliteeninduse-hindamine-300x294.jpg","contentUrl":"https:\/\/servicecheck.dive-group.com\/wp-content\/uploads\/2014\/05\/Telefoni-ja-meiliteeninduse-hindamine-300x294.jpg"},{"@type":"BreadcrumbList","@id":"https:\/\/servicecheck.ee\/lv\/pakalpojumi\/slepenais-pircejs\/slepena-telefona-zvana-veiksana-un-kontroles-e-pasta-sutisana\/#breadcrumb","itemListElement":[{"@type":"ListItem","position":1,"name":"Home","item":"https:\/\/servicecheck.ee\/lv\/"},{"@type":"ListItem","position":2,"name":"Pakalpojumi","item":"https:\/\/servicecheck.ee\/lv\/pakalpojumi\/"},{"@type":"ListItem","position":3,"name":"Slepenais pirc\u0113js","item":"https:\/\/servicecheck.ee\/lv\/pakalpojumi\/slepenais-pircejs\/"},{"@type":"ListItem","position":4,"name":"Slepen\u0101 telefona zvana veik\u0161ana un kontroles e-pasta s\u016bt\u012b\u0161ana"}]},{"@type":"WebSite","@id":"https:\/\/servicecheck.ee\/lv\/#website","url":"https:\/\/servicecheck.ee\/lv\/","name":"Service Check","description":"Part of Dive","potentialAction":[{"@type":"SearchAction","target":{"@type":"EntryPoint","urlTemplate":"https:\/\/servicecheck.ee\/lv\/?s={search_term_string}"},"query-input":{"@type":"PropertyValueSpecification","valueRequired":true,"valueName":"search_term_string"}}],"inLanguage":"lv-LV"}]}},"_links":{"self":[{"href":"https:\/\/servicecheck.ee\/lv\/wp-json\/wp\/v2\/pages\/699","targetHints":{"allow":["GET"]}}],"collection":[{"href":"https:\/\/servicecheck.ee\/lv\/wp-json\/wp\/v2\/pages"}],"about":[{"href":"https:\/\/servicecheck.ee\/lv\/wp-json\/wp\/v2\/types\/page"}],"author":[{"embeddable":true,"href":"https:\/\/servicecheck.ee\/lv\/wp-json\/wp\/v2\/users\/1"}],"replies":[{"embeddable":true,"href":"https:\/\/servicecheck.ee\/lv\/wp-json\/wp\/v2\/comments?post=699"}],"version-history":[{"count":2,"href":"https:\/\/servicecheck.ee\/lv\/wp-json\/wp\/v2\/pages\/699\/revisions"}],"predecessor-version":[{"id":769,"href":"https:\/\/servicecheck.ee\/lv\/wp-json\/wp\/v2\/pages\/699\/revisions\/769"}],"up":[{"embeddable":true,"href":"https:\/\/servicecheck.ee\/lv\/wp-json\/wp\/v2\/pages\/690"}],"wp:attachment":[{"href":"https:\/\/servicecheck.ee\/lv\/wp-json\/wp\/v2\/media?parent=699"}],"curies":[{"name":"wp","href":"https:\/\/api.w.org\/{rel}","templated":true}]}}