{"id":701,"date":"2014-08-13T10:53:10","date_gmt":"2014-08-13T07:53:10","guid":{"rendered":"https:\/\/servicecheck.dive-group.com\/?page_id=701"},"modified":"2025-03-19T11:14:48","modified_gmt":"2025-03-19T09:14:48","slug":"slepenais-mazumtirgotaju-izplatitaju-un-parstavju-darbibas-novertejums","status":"publish","type":"page","link":"https:\/\/servicecheck.ee\/lv\/pakalpojumi\/slepenais-pircejs\/slepenais-mazumtirgotaju-izplatitaju-un-parstavju-darbibas-novertejums\/","title":{"rendered":"Slepenais mazumtirgot\u0101ju, izplat\u012bt\u0101ju un p\u0101rst\u0101vju darb\u012bbas nov\u0113rt\u0113jums"},"content":{"rendered":"<p><a href=\"https:\/\/servicecheck.dive-group.com\/wp-content\/uploads\/2014\/05\/Edasim\u00fc\u00fcjate-testimine.jpg\"><img loading=\"lazy\" decoding=\"async\" class=\"alignright wp-image-293 size-medium\" src=\"https:\/\/servicecheck.dive-group.com\/wp-content\/uploads\/2014\/05\/Edasim\u00fc\u00fcjate-testimine-300x199.jpg\" alt=\"Evaluation of Retailers and Distributors\" width=\"300\" height=\"199\" srcset=\"https:\/\/servicecheck.ee\/wp-content\/uploads\/2014\/05\/Edasim\u00fc\u00fcjate-testimine-300x199.jpg 300w, https:\/\/servicecheck.ee\/wp-content\/uploads\/2014\/05\/Edasim\u00fc\u00fcjate-testimine.jpg 849w\" sizes=\"auto, (max-width: 300px) 100vw, 300px\" \/><\/a><\/p>\n<p>Pied\u0101v\u0101jot ra\u017eot\u0101jiem un import\u0113t\u0101jiem nov\u0113rt\u0113t mazumtirgot\u0101ju, izplat\u012bt\u0101ju un p\u0101rst\u0101vju sniegt\u0101 pakalpojuma kvalit\u0101tes nov\u0113rt\u0113jumu, tiek sniegta iesp\u0113ja prec\u012bzi un detaliz\u0113ti nov\u0113rt\u0113t tirdzniec\u012bbas vai pakalpojuma snieg\u0161anas vietas darbu, nodro\u0161inot produkta vai pakalpojumu ce\u013cu l\u012bdz klientam. Slepenais pirc\u0113js izv\u0113rt\u0113jot mazumtirgot\u0101ju izplat\u012bt\u0101ju un p\u0101rst\u0101vju sniegto pakalpojuma kvalit\u0101ti var izmantojot slepen\u0101 apmekl\u0113juma, kontroles e-pasta vai slepen\u0101 zvana veik\u0161anu, atbilsto\u0161i klienta v\u0113lm\u0113m. Objekt\u012bvs un tie\u0161s kontroles meh\u0101nisms pal\u012bdz\u0113s sa\u0146emt datus par visp\u0101r\u0113jo kvalit\u0101ti un profesionalit\u0101ti mazumtirgot\u0101ja darb\u012bb\u0101, nodro\u0161inot preces vai pakalpojuma non\u0101k\u0161anu l\u012bdz klientam.<\/p>\n<p>Pamatojoties uz rezult\u0101tiem, var izstr\u0101d\u0101t konkr\u0113tus r\u012bc\u012bbas pl\u0101nus, lai uzlabotu komunik\u0101ciju ar savu mazumtirgot\u0101ju, veicinot biznesa att\u012bst\u012bbu, konkr\u0113tu pre\u010du\/ pakalpojumu pied\u0101v\u0101juma palielin\u0101\u0161anu, t\u0101d\u0113j\u0101di virzoties uz pel\u0146as palielin\u0101\u0161anu.<\/p>\n<h2>B\u016btisk\u0101kie aspekti mazumtirgot\u0101ju, izplat\u012bt\u0101ju un p\u0101rst\u0101vju sniegto pakalpojumu kvalit\u0101tes nov\u0113rt\u0113juma veik\u0161anai:<\/h2>\n<ul>\n<li>Nor\u0101d\u012bt produktu\/pakalpojumu<\/li>\n<li>Zin\u0101t produkta daudzumu\/pakalpojuma pied\u0101v\u0101juma apjomu<\/li>\n<li>Informet par k\u0101rt\u012bbu, k\u0101d\u0101 da\u017e\u0101di z\u012bmoli tiek ieteikti klientam<\/li>\n<li>Zin\u0101t nepiecie\u0161amo profesionalit\u0101tes l\u012bmeni, k\u0101d\u0101 darbiniekam j\u0101inform\u0113 klientu par attiec\u012bgo preci\/pakalpojumu<\/li>\n<\/ul>\n<p>Papildus iepriek\u0161 min\u0113tiem aspektiem, mazumtirgot\u0101ju, izplat\u012bt\u0101ju un p\u0101rst\u0101vju sniegto pakalpojuma kvalit\u0101tes nov\u0113rt\u0113juma veik\u0161anai, Service Check nodro\u0161ina papildus krit\u0113riju v\u0113rt\u0113\u0161anu atbilsto\u0161i klienta vajadz\u012bb\u0101m un v\u0113lm\u0113m.<\/p>\n","protected":false},"excerpt":{"rendered":"<p>Pied\u0101v\u0101jot ra\u017eot\u0101jiem un import\u0113t\u0101jiem nov\u0113rt\u0113t mazumtirgot\u0101ju, izplat\u012bt\u0101ju un p\u0101rst\u0101vju sniegt\u0101 pakalpojuma kvalit\u0101tes nov\u0113rt\u0113jumu, tiek sniegta iesp\u0113ja prec\u012bzi un detaliz\u0113ti nov\u0113rt\u0113t tirdzniec\u012bbas vai pakalpojuma snieg\u0161anas vietas darbu, nodro\u0161inot produkta vai pakalpojumu ce\u013cu l\u012bdz klientam. Slepenais pirc\u0113js izv\u0113rt\u0113jot mazumtirgot\u0101ju izplat\u012bt\u0101ju un p\u0101rst\u0101vju sniegto pakalpojuma kvalit\u0101ti var izmantojot slepen\u0101 apmekl\u0113juma, kontroles e-pasta vai&#8230;<\/p>\n","protected":false},"author":1,"featured_media":0,"parent":690,"menu_order":0,"comment_status":"closed","ping_status":"open","template":"","meta":{"_crdt_document":"","footnotes":""},"class_list":["post-701","page","type-page","status-publish","hentry"],"yoast_head":"<!-- This site is optimized with the Yoast SEO plugin v27.5 - https:\/\/yoast.com\/product\/yoast-seo-wordpress\/ -->\n<title>Slepenais mazumtirgot\u0101ju, izplat\u012bt\u0101ju un p\u0101rst\u0101vju darb\u012bbas nov\u0113rt\u0113jums - Service Check - Mystery Shopping<\/title>\n<meta name=\"description\" content=\"Pied\u0101v\u0101jot ra\u017eot\u0101jiem un import\u0113t\u0101jiem nov\u0113rt\u0113t mazumtirgot\u0101ju, izplat\u012bt\u0101ju un p\u0101rst\u0101vju sniegt\u0101 pakalpojuma kvalit\u0101tes nov\u0113rt\u0113jumu, tiek sniegta iesp\u0113ja\" \/>\n<meta name=\"robots\" content=\"index, follow, max-snippet:-1, max-image-preview:large, max-video-preview:-1\" \/>\n<link rel=\"canonical\" href=\"https:\/\/servicecheck.ee\/lv\/pakalpojumi\/slepenais-pircejs\/slepenais-mazumtirgotaju-izplatitaju-un-parstavju-darbibas-novertejums\/\" \/>\n<meta property=\"og:locale\" content=\"lv_LV\" \/>\n<meta property=\"og:type\" content=\"article\" \/>\n<meta property=\"og:title\" content=\"Slepenais mazumtirgot\u0101ju, izplat\u012bt\u0101ju un p\u0101rst\u0101vju darb\u012bbas nov\u0113rt\u0113jums - Service Check - Mystery Shopping\" \/>\n<meta property=\"og:description\" content=\"Pied\u0101v\u0101jot ra\u017eot\u0101jiem un import\u0113t\u0101jiem nov\u0113rt\u0113t mazumtirgot\u0101ju, izplat\u012bt\u0101ju un p\u0101rst\u0101vju sniegt\u0101 pakalpojuma kvalit\u0101tes nov\u0113rt\u0113jumu, tiek sniegta iesp\u0113ja\" \/>\n<meta property=\"og:url\" content=\"https:\/\/servicecheck.ee\/lv\/pakalpojumi\/slepenais-pircejs\/slepenais-mazumtirgotaju-izplatitaju-un-parstavju-darbibas-novertejums\/\" \/>\n<meta property=\"og:site_name\" content=\"Service Check\" \/>\n<meta property=\"article:modified_time\" content=\"2025-03-19T09:14:48+00:00\" \/>\n<meta name=\"twitter:label1\" content=\"Est. reading time\" \/>\n\t<meta name=\"twitter:data1\" content=\"1 min\u016b\u0161u\" \/>\n<script type=\"application\/ld+json\" class=\"yoast-schema-graph\">{\"@context\":\"https:\\\/\\\/schema.org\",\"@graph\":[{\"@type\":\"WebPage\",\"@id\":\"https:\\\/\\\/servicecheck.ee\\\/lv\\\/pakalpojumi\\\/slepenais-pircejs\\\/slepenais-mazumtirgotaju-izplatitaju-un-parstavju-darbibas-novertejums\\\/\",\"url\":\"https:\\\/\\\/servicecheck.ee\\\/lv\\\/pakalpojumi\\\/slepenais-pircejs\\\/slepenais-mazumtirgotaju-izplatitaju-un-parstavju-darbibas-novertejums\\\/\",\"name\":\"Slepenais mazumtirgot\u0101ju, izplat\u012bt\u0101ju un p\u0101rst\u0101vju darb\u012bbas nov\u0113rt\u0113jums - Service Check - Mystery Shopping\",\"isPartOf\":{\"@id\":\"https:\\\/\\\/servicecheck.ee\\\/lv\\\/#website\"},\"datePublished\":\"2014-08-13T07:53:10+00:00\",\"dateModified\":\"2025-03-19T09:14:48+00:00\",\"description\":\"Pied\u0101v\u0101jot ra\u017eot\u0101jiem un import\u0113t\u0101jiem nov\u0113rt\u0113t mazumtirgot\u0101ju, izplat\u012bt\u0101ju un p\u0101rst\u0101vju sniegt\u0101 pakalpojuma kvalit\u0101tes nov\u0113rt\u0113jumu, tiek sniegta iesp\u0113ja\",\"breadcrumb\":{\"@id\":\"https:\\\/\\\/servicecheck.ee\\\/lv\\\/pakalpojumi\\\/slepenais-pircejs\\\/slepenais-mazumtirgotaju-izplatitaju-un-parstavju-darbibas-novertejums\\\/#breadcrumb\"},\"inLanguage\":\"lv-LV\",\"potentialAction\":[{\"@type\":\"ReadAction\",\"target\":[\"https:\\\/\\\/servicecheck.ee\\\/lv\\\/pakalpojumi\\\/slepenais-pircejs\\\/slepenais-mazumtirgotaju-izplatitaju-un-parstavju-darbibas-novertejums\\\/\"]}]},{\"@type\":\"BreadcrumbList\",\"@id\":\"https:\\\/\\\/servicecheck.ee\\\/lv\\\/pakalpojumi\\\/slepenais-pircejs\\\/slepenais-mazumtirgotaju-izplatitaju-un-parstavju-darbibas-novertejums\\\/#breadcrumb\",\"itemListElement\":[{\"@type\":\"ListItem\",\"position\":1,\"name\":\"Home\",\"item\":\"https:\\\/\\\/servicecheck.ee\\\/lv\\\/\"},{\"@type\":\"ListItem\",\"position\":2,\"name\":\"Pakalpojumi\",\"item\":\"https:\\\/\\\/servicecheck.ee\\\/lv\\\/pakalpojumi\\\/\"},{\"@type\":\"ListItem\",\"position\":3,\"name\":\"Slepenais pirc\u0113js\",\"item\":\"https:\\\/\\\/servicecheck.ee\\\/lv\\\/pakalpojumi\\\/slepenais-pircejs\\\/\"},{\"@type\":\"ListItem\",\"position\":4,\"name\":\"Slepenais mazumtirgot\u0101ju, izplat\u012bt\u0101ju un p\u0101rst\u0101vju darb\u012bbas nov\u0113rt\u0113jums\"}]},{\"@type\":\"WebSite\",\"@id\":\"https:\\\/\\\/servicecheck.ee\\\/lv\\\/#website\",\"url\":\"https:\\\/\\\/servicecheck.ee\\\/lv\\\/\",\"name\":\"Service Check\",\"description\":\"Part of Dive\",\"potentialAction\":[{\"@type\":\"SearchAction\",\"target\":{\"@type\":\"EntryPoint\",\"urlTemplate\":\"https:\\\/\\\/servicecheck.ee\\\/lv\\\/?s={search_term_string}\"},\"query-input\":{\"@type\":\"PropertyValueSpecification\",\"valueRequired\":true,\"valueName\":\"search_term_string\"}}],\"inLanguage\":\"lv-LV\"}]}<\/script>\n<!-- \/ Yoast SEO plugin. -->","yoast_head_json":{"title":"Slepenais mazumtirgot\u0101ju, izplat\u012bt\u0101ju un p\u0101rst\u0101vju darb\u012bbas nov\u0113rt\u0113jums - Service Check - Mystery Shopping","description":"Pied\u0101v\u0101jot ra\u017eot\u0101jiem un import\u0113t\u0101jiem nov\u0113rt\u0113t mazumtirgot\u0101ju, izplat\u012bt\u0101ju un p\u0101rst\u0101vju sniegt\u0101 pakalpojuma kvalit\u0101tes nov\u0113rt\u0113jumu, tiek sniegta iesp\u0113ja","robots":{"index":"index","follow":"follow","max-snippet":"max-snippet:-1","max-image-preview":"max-image-preview:large","max-video-preview":"max-video-preview:-1"},"canonical":"https:\/\/servicecheck.ee\/lv\/pakalpojumi\/slepenais-pircejs\/slepenais-mazumtirgotaju-izplatitaju-un-parstavju-darbibas-novertejums\/","og_locale":"lv_LV","og_type":"article","og_title":"Slepenais mazumtirgot\u0101ju, izplat\u012bt\u0101ju un p\u0101rst\u0101vju darb\u012bbas nov\u0113rt\u0113jums - Service Check - Mystery Shopping","og_description":"Pied\u0101v\u0101jot ra\u017eot\u0101jiem un import\u0113t\u0101jiem nov\u0113rt\u0113t mazumtirgot\u0101ju, izplat\u012bt\u0101ju un p\u0101rst\u0101vju sniegt\u0101 pakalpojuma kvalit\u0101tes nov\u0113rt\u0113jumu, tiek sniegta iesp\u0113ja","og_url":"https:\/\/servicecheck.ee\/lv\/pakalpojumi\/slepenais-pircejs\/slepenais-mazumtirgotaju-izplatitaju-un-parstavju-darbibas-novertejums\/","og_site_name":"Service Check","article_modified_time":"2025-03-19T09:14:48+00:00","twitter_misc":{"Est. reading time":"1 min\u016b\u0161u"},"schema":{"@context":"https:\/\/schema.org","@graph":[{"@type":"WebPage","@id":"https:\/\/servicecheck.ee\/lv\/pakalpojumi\/slepenais-pircejs\/slepenais-mazumtirgotaju-izplatitaju-un-parstavju-darbibas-novertejums\/","url":"https:\/\/servicecheck.ee\/lv\/pakalpojumi\/slepenais-pircejs\/slepenais-mazumtirgotaju-izplatitaju-un-parstavju-darbibas-novertejums\/","name":"Slepenais mazumtirgot\u0101ju, izplat\u012bt\u0101ju un p\u0101rst\u0101vju darb\u012bbas nov\u0113rt\u0113jums - Service Check - Mystery Shopping","isPartOf":{"@id":"https:\/\/servicecheck.ee\/lv\/#website"},"datePublished":"2014-08-13T07:53:10+00:00","dateModified":"2025-03-19T09:14:48+00:00","description":"Pied\u0101v\u0101jot ra\u017eot\u0101jiem un import\u0113t\u0101jiem nov\u0113rt\u0113t mazumtirgot\u0101ju, izplat\u012bt\u0101ju un p\u0101rst\u0101vju sniegt\u0101 pakalpojuma kvalit\u0101tes nov\u0113rt\u0113jumu, tiek sniegta iesp\u0113ja","breadcrumb":{"@id":"https:\/\/servicecheck.ee\/lv\/pakalpojumi\/slepenais-pircejs\/slepenais-mazumtirgotaju-izplatitaju-un-parstavju-darbibas-novertejums\/#breadcrumb"},"inLanguage":"lv-LV","potentialAction":[{"@type":"ReadAction","target":["https:\/\/servicecheck.ee\/lv\/pakalpojumi\/slepenais-pircejs\/slepenais-mazumtirgotaju-izplatitaju-un-parstavju-darbibas-novertejums\/"]}]},{"@type":"BreadcrumbList","@id":"https:\/\/servicecheck.ee\/lv\/pakalpojumi\/slepenais-pircejs\/slepenais-mazumtirgotaju-izplatitaju-un-parstavju-darbibas-novertejums\/#breadcrumb","itemListElement":[{"@type":"ListItem","position":1,"name":"Home","item":"https:\/\/servicecheck.ee\/lv\/"},{"@type":"ListItem","position":2,"name":"Pakalpojumi","item":"https:\/\/servicecheck.ee\/lv\/pakalpojumi\/"},{"@type":"ListItem","position":3,"name":"Slepenais pirc\u0113js","item":"https:\/\/servicecheck.ee\/lv\/pakalpojumi\/slepenais-pircejs\/"},{"@type":"ListItem","position":4,"name":"Slepenais mazumtirgot\u0101ju, izplat\u012bt\u0101ju un p\u0101rst\u0101vju darb\u012bbas nov\u0113rt\u0113jums"}]},{"@type":"WebSite","@id":"https:\/\/servicecheck.ee\/lv\/#website","url":"https:\/\/servicecheck.ee\/lv\/","name":"Service Check","description":"Part of Dive","potentialAction":[{"@type":"SearchAction","target":{"@type":"EntryPoint","urlTemplate":"https:\/\/servicecheck.ee\/lv\/?s={search_term_string}"},"query-input":{"@type":"PropertyValueSpecification","valueRequired":true,"valueName":"search_term_string"}}],"inLanguage":"lv-LV"}]}},"_links":{"self":[{"href":"https:\/\/servicecheck.ee\/lv\/wp-json\/wp\/v2\/pages\/701","targetHints":{"allow":["GET"]}}],"collection":[{"href":"https:\/\/servicecheck.ee\/lv\/wp-json\/wp\/v2\/pages"}],"about":[{"href":"https:\/\/servicecheck.ee\/lv\/wp-json\/wp\/v2\/types\/page"}],"author":[{"embeddable":true,"href":"https:\/\/servicecheck.ee\/lv\/wp-json\/wp\/v2\/users\/1"}],"replies":[{"embeddable":true,"href":"https:\/\/servicecheck.ee\/lv\/wp-json\/wp\/v2\/comments?post=701"}],"version-history":[{"count":2,"href":"https:\/\/servicecheck.ee\/lv\/wp-json\/wp\/v2\/pages\/701\/revisions"}],"predecessor-version":[{"id":762,"href":"https:\/\/servicecheck.ee\/lv\/wp-json\/wp\/v2\/pages\/701\/revisions\/762"}],"up":[{"embeddable":true,"href":"https:\/\/servicecheck.ee\/lv\/wp-json\/wp\/v2\/pages\/690"}],"wp:attachment":[{"href":"https:\/\/servicecheck.ee\/lv\/wp-json\/wp\/v2\/media?parent=701"}],"curies":[{"name":"wp","href":"https:\/\/api.w.org\/{rel}","templated":true}]}}