{"id":706,"date":"2014-08-13T11:09:35","date_gmt":"2014-08-13T08:09:35","guid":{"rendered":"https:\/\/servicecheck.dive-group.com\/?page_id=706"},"modified":"2025-03-19T11:19:01","modified_gmt":"2025-03-19T09:19:01","slug":"kapec-izveleties-musu-kompaniju","status":"publish","type":"page","link":"https:\/\/servicecheck.ee\/lv\/par-mums\/kapec-izveleties-musu-kompaniju\/","title":{"rendered":"K\u0101p\u0113c izv\u0113l\u0113ties m\u016bsu komp\u0101niju?"},"content":{"rendered":"<ul>\n<li><a href=\"https:\/\/servicecheck.dive-group.com\/wp-content\/uploads\/2014\/05\/Miks-valida-meid.jpg\"><img loading=\"lazy\" decoding=\"async\" class=\"alignright wp-image-278 size-medium\" src=\"https:\/\/servicecheck.dive-group.com\/wp-content\/uploads\/2014\/05\/Miks-valida-meid-300x300.jpg\" alt=\" Why to Choose Us?\" width=\"300\" height=\"300\" srcset=\"https:\/\/servicecheck.ee\/wp-content\/uploads\/2014\/05\/Miks-valida-meid-300x300.jpg 300w, https:\/\/servicecheck.ee\/wp-content\/uploads\/2014\/05\/Miks-valida-meid-150x150.jpg 150w, https:\/\/servicecheck.ee\/wp-content\/uploads\/2014\/05\/Miks-valida-meid-121x121.jpg 121w, https:\/\/servicecheck.ee\/wp-content\/uploads\/2014\/05\/Miks-valida-meid.jpg 693w\" sizes=\"auto, (max-width: 300px) 100vw, 300px\" \/><\/a>Kop\u0161 uz\u0146\u0113muma dibin\u0101\u0161anas, mums ir izdevies pal\u012bdz\u0113t vair\u0101kiem lieliem un iev\u0113rojamiem uz\u0146\u0113mumiem nov\u0113rt\u0113t, att\u012bst\u012bt un uzlabot darbinieku sniegto klientu apkalpo\u0161anas kvalit\u0101ti, tie\u0161i pamatojoties uz slepeno apmekl\u0113jumu rezult\u0101tu anal\u012bzi.<\/li>\n<li>Darb\u012bbas laik\u0101 esam ieguvu\u0161i 100% pozit\u012bvas atsauksmes no m\u016bsu klientiem un sadarb\u012bbas partneriem. M\u016bsu sniegt\u0101 darba kvalit\u0101ti raksturo fakts, ka kop\u0161 uz\u0146\u0113muma dibin\u0101\u0161anas esam saglab\u0101ju\u0161i sadarb\u012bbu ar liel\u0101ko da\u013cu klientu. Uzzini vair\u0101k, k\u0101dus <a href=\"https:\/\/servicecheck.ee\/lv\/par-mums\/atsauksmes-musu-klientiem\/\">v\u0113rt\u0113jumus klienti <\/a>sniedz par mums!<\/li>\n<li>M\u0113s esam pirmie Igaunij\u0101, kas klientiem pied\u0101v\u0101 slepenos apmekl\u0113jums ar video un ska\u0146as ierakstu, k\u0101 rezult\u0101t\u0101 klients var p\u0101rliecin\u0101ties par sniegt\u0101s inform\u0101cijas korektumu un pats nov\u0113rt\u0113t slepen\u0101 apmekl\u0113juma laik\u0101 eso\u0161o situ\u0101ciju. Ska\u0146as ieraksts tiek veikts tikai p\u0113c klienta v\u0113l\u0113\u0161an\u0101s un tam tiek izmantots speci\u0101ls apr\u012bkojums.<\/li>\n<li>M\u016bsu darbinieki ir profesion\u0101li un ambiciozi. M\u0113s esam sava darba entuziasti un ar prieku veicam sev uztic\u0113tos pien\u0101kumus, sekojot klientu nor\u0101d\u012bjumiem profesion\u0101las sadarb\u012bbas \u012bsteno\u0161anai.<\/li>\n<li>M\u016bsu klienti un sadarb\u012bbas partneri \u00a0ir viesn\u012bcas, restor\u0101ni, kafejn\u012bcas, transportl\u012bdzek\u013cu izplat\u012bt\u0101ji, aptiekas, apdro\u0161in\u0101\u0161anas sabiedr\u012bbas, da\u017e\u0101du pre\u010du \u00a0mazumtirgot\u0101ji. Klientu da\u017e\u0101d\u012bba ir veicin\u0101jusi m\u016bsu zin\u0101\u0161anu un prasmju att\u012bst\u012bbu da\u017e\u0101d\u0101s uz\u0146\u0113m\u0113jdarb\u012bbas sf\u0113r\u0101s.<\/li>\n<li>M\u016bsu komp\u0101nija pied\u0101v\u0101 \u013coti elast\u012bgus risin\u0101jumus katram klientam, atbilsto\u0161i t\u0101 unik\u0101laj\u0101m v\u0113lm\u0113m un vajadz\u012bb\u0101m.<\/li>\n<li>Mums ir pla\u0161s pieredz\u0113ju\u0161u slepeno pirc\u0113ju kontaktu t\u012bkls, kas noz\u012bme, ka slepeno apmekl\u0113jumu veik\u0161anai varam izv\u0113l\u0113ties personu atbilsto\u0161i nepiecie\u0161amajiem krit\u0113rijiem, piem\u0113ram, atlas\u012bt p\u0113c dzimuma, vecuma, sve\u0161valodas prasm\u0113m, un citiem, klientam interes\u0113jo\u0161iem krit\u0113rijiem.<\/li>\n<li>R\u016bp\u012bga kvalit\u0101tes kontroles sist\u0113ma nodro\u0161ina, ka katra aptauja ir detaliz\u0113ta un atbilst gan klientu, gan m\u016bsu pa\u0161u kvalit\u0101tes pras\u012bb\u0101m.<\/li>\n<li>Akredit\u0113t\u0101 un popul\u0101r\u0101 slepen\u0101 apmekl\u0113juma veik\u0161anas <a href=\"https:\/\/servicecheck.ee\/lv\/par-mums\/tiessaistes-programmatura\/\">programmat\u016bra<\/a> Checker Software Systems tiek izmantota, lai sniegtu klientam augst\u0101k\u0101s kvalit\u0101tes atgriezenisko saiti par katru slepen\u0101 pirc\u0113ja veikto nov\u0113rt\u0113jumu un atspogu\u013cotu detaliz\u0113tu anal\u012bzi par ieg\u016btajiem datiem.<\/li>\n<\/ul>\n","protected":false},"excerpt":{"rendered":"<p>Kop\u0161 uz\u0146\u0113muma dibin\u0101\u0161anas, mums ir izdevies pal\u012bdz\u0113t vair\u0101kiem lieliem un iev\u0113rojamiem uz\u0146\u0113mumiem nov\u0113rt\u0113t, att\u012bst\u012bt un uzlabot darbinieku sniegto klientu apkalpo\u0161anas kvalit\u0101ti, tie\u0161i pamatojoties uz slepeno apmekl\u0113jumu rezult\u0101tu anal\u012bzi. Darb\u012bbas laik\u0101 esam ieguvu\u0161i 100% pozit\u012bvas atsauksmes no m\u016bsu klientiem un sadarb\u012bbas partneriem. M\u016bsu sniegt\u0101 darba kvalit\u0101ti raksturo fakts, ka kop\u0161 uz\u0146\u0113muma&#8230;<\/p>\n","protected":false},"author":1,"featured_media":0,"parent":475,"menu_order":0,"comment_status":"closed","ping_status":"open","template":"","meta":{"_crdt_document":"","footnotes":""},"class_list":["post-706","page","type-page","status-publish","hentry"],"yoast_head":"<!-- This site is optimized with the Yoast SEO plugin v27.6 - https:\/\/yoast.com\/product\/yoast-seo-wordpress\/ -->\n<title>K\u0101p\u0113c izv\u0113l\u0113ties m\u016bsu komp\u0101niju? - Service Check - Mystery Shopping<\/title>\n<meta name=\"description\" content=\"Kop\u0161 uz\u0146\u0113muma dibin\u0101\u0161anas, mums ir izdevies pal\u012bdz\u0113t vair\u0101kiem lieliem un iev\u0113rojamiem uz\u0146\u0113mumiem nov\u0113rt\u0113t, att\u012bst\u012bt un uzlabot darbinieku sniegto klientu\" \/>\n<meta name=\"robots\" content=\"index, follow, max-snippet:-1, max-image-preview:large, max-video-preview:-1\" \/>\n<link rel=\"canonical\" href=\"https:\/\/servicecheck.ee\/lv\/par-mums\/kapec-izveleties-musu-kompaniju\/\" \/>\n<meta property=\"og:locale\" content=\"lv_LV\" \/>\n<meta property=\"og:type\" content=\"article\" \/>\n<meta property=\"og:title\" content=\"K\u0101p\u0113c izv\u0113l\u0113ties m\u016bsu komp\u0101niju? - Service Check - Mystery Shopping\" \/>\n<meta property=\"og:description\" content=\"Kop\u0161 uz\u0146\u0113muma dibin\u0101\u0161anas, mums ir izdevies pal\u012bdz\u0113t vair\u0101kiem lieliem un iev\u0113rojamiem uz\u0146\u0113mumiem nov\u0113rt\u0113t, att\u012bst\u012bt un uzlabot darbinieku sniegto klientu\" \/>\n<meta property=\"og:url\" content=\"https:\/\/servicecheck.ee\/lv\/par-mums\/kapec-izveleties-musu-kompaniju\/\" \/>\n<meta property=\"og:site_name\" content=\"Service Check\" \/>\n<meta property=\"article:modified_time\" content=\"2025-03-19T09:19:01+00:00\" \/>\n<meta property=\"og:image\" content=\"https:\/\/servicecheck.ee\/wp-content\/uploads\/2014\/05\/Miks-valida-meid.jpg\" \/>\n\t<meta property=\"og:image:width\" content=\"693\" \/>\n\t<meta property=\"og:image:height\" content=\"693\" \/>\n\t<meta property=\"og:image:type\" content=\"image\/jpeg\" \/>\n<meta name=\"twitter:label1\" content=\"Est. reading time\" \/>\n\t<meta name=\"twitter:data1\" content=\"2 min\u016btes\" \/>\n<script type=\"application\/ld+json\" class=\"yoast-schema-graph\">{\"@context\":\"https:\\\/\\\/schema.org\",\"@graph\":[{\"@type\":\"WebPage\",\"@id\":\"https:\\\/\\\/servicecheck.ee\\\/lv\\\/par-mums\\\/kapec-izveleties-musu-kompaniju\\\/\",\"url\":\"https:\\\/\\\/servicecheck.ee\\\/lv\\\/par-mums\\\/kapec-izveleties-musu-kompaniju\\\/\",\"name\":\"K\u0101p\u0113c izv\u0113l\u0113ties m\u016bsu komp\u0101niju? - Service Check - Mystery Shopping\",\"isPartOf\":{\"@id\":\"https:\\\/\\\/servicecheck.ee\\\/lv\\\/#website\"},\"primaryImageOfPage\":{\"@id\":\"https:\\\/\\\/servicecheck.ee\\\/lv\\\/par-mums\\\/kapec-izveleties-musu-kompaniju\\\/#primaryimage\"},\"image\":{\"@id\":\"https:\\\/\\\/servicecheck.ee\\\/lv\\\/par-mums\\\/kapec-izveleties-musu-kompaniju\\\/#primaryimage\"},\"thumbnailUrl\":\"https:\\\/\\\/servicecheck.dive-group.com\\\/wp-content\\\/uploads\\\/2014\\\/05\\\/Miks-valida-meid-300x300.jpg\",\"datePublished\":\"2014-08-13T08:09:35+00:00\",\"dateModified\":\"2025-03-19T09:19:01+00:00\",\"description\":\"Kop\u0161 uz\u0146\u0113muma dibin\u0101\u0161anas, mums ir izdevies pal\u012bdz\u0113t vair\u0101kiem lieliem un iev\u0113rojamiem uz\u0146\u0113mumiem nov\u0113rt\u0113t, att\u012bst\u012bt un uzlabot darbinieku sniegto klientu\",\"breadcrumb\":{\"@id\":\"https:\\\/\\\/servicecheck.ee\\\/lv\\\/par-mums\\\/kapec-izveleties-musu-kompaniju\\\/#breadcrumb\"},\"inLanguage\":\"lv-LV\",\"potentialAction\":[{\"@type\":\"ReadAction\",\"target\":[\"https:\\\/\\\/servicecheck.ee\\\/lv\\\/par-mums\\\/kapec-izveleties-musu-kompaniju\\\/\"]}]},{\"@type\":\"ImageObject\",\"inLanguage\":\"lv-LV\",\"@id\":\"https:\\\/\\\/servicecheck.ee\\\/lv\\\/par-mums\\\/kapec-izveleties-musu-kompaniju\\\/#primaryimage\",\"url\":\"https:\\\/\\\/servicecheck.dive-group.com\\\/wp-content\\\/uploads\\\/2014\\\/05\\\/Miks-valida-meid-300x300.jpg\",\"contentUrl\":\"https:\\\/\\\/servicecheck.dive-group.com\\\/wp-content\\\/uploads\\\/2014\\\/05\\\/Miks-valida-meid-300x300.jpg\"},{\"@type\":\"BreadcrumbList\",\"@id\":\"https:\\\/\\\/servicecheck.ee\\\/lv\\\/par-mums\\\/kapec-izveleties-musu-kompaniju\\\/#breadcrumb\",\"itemListElement\":[{\"@type\":\"ListItem\",\"position\":1,\"name\":\"Home\",\"item\":\"https:\\\/\\\/servicecheck.ee\\\/lv\\\/\"},{\"@type\":\"ListItem\",\"position\":2,\"name\":\"Par mums\",\"item\":\"https:\\\/\\\/servicecheck.ee\\\/lv\\\/par-mums\\\/\"},{\"@type\":\"ListItem\",\"position\":3,\"name\":\"K\u0101p\u0113c izv\u0113l\u0113ties m\u016bsu komp\u0101niju?\"}]},{\"@type\":\"WebSite\",\"@id\":\"https:\\\/\\\/servicecheck.ee\\\/lv\\\/#website\",\"url\":\"https:\\\/\\\/servicecheck.ee\\\/lv\\\/\",\"name\":\"Service Check\",\"description\":\"Part of Dive\",\"potentialAction\":[{\"@type\":\"SearchAction\",\"target\":{\"@type\":\"EntryPoint\",\"urlTemplate\":\"https:\\\/\\\/servicecheck.ee\\\/lv\\\/?s={search_term_string}\"},\"query-input\":{\"@type\":\"PropertyValueSpecification\",\"valueRequired\":true,\"valueName\":\"search_term_string\"}}],\"inLanguage\":\"lv-LV\"}]}<\/script>\n<!-- \/ Yoast SEO plugin. -->","yoast_head_json":{"title":"K\u0101p\u0113c izv\u0113l\u0113ties m\u016bsu komp\u0101niju? - Service Check - Mystery Shopping","description":"Kop\u0161 uz\u0146\u0113muma dibin\u0101\u0161anas, mums ir izdevies pal\u012bdz\u0113t vair\u0101kiem lieliem un iev\u0113rojamiem uz\u0146\u0113mumiem nov\u0113rt\u0113t, att\u012bst\u012bt un uzlabot darbinieku sniegto klientu","robots":{"index":"index","follow":"follow","max-snippet":"max-snippet:-1","max-image-preview":"max-image-preview:large","max-video-preview":"max-video-preview:-1"},"canonical":"https:\/\/servicecheck.ee\/lv\/par-mums\/kapec-izveleties-musu-kompaniju\/","og_locale":"lv_LV","og_type":"article","og_title":"K\u0101p\u0113c izv\u0113l\u0113ties m\u016bsu komp\u0101niju? - Service Check - Mystery Shopping","og_description":"Kop\u0161 uz\u0146\u0113muma dibin\u0101\u0161anas, mums ir izdevies pal\u012bdz\u0113t vair\u0101kiem lieliem un iev\u0113rojamiem uz\u0146\u0113mumiem nov\u0113rt\u0113t, att\u012bst\u012bt un uzlabot darbinieku sniegto klientu","og_url":"https:\/\/servicecheck.ee\/lv\/par-mums\/kapec-izveleties-musu-kompaniju\/","og_site_name":"Service Check","article_modified_time":"2025-03-19T09:19:01+00:00","og_image":[{"width":693,"height":693,"url":"https:\/\/servicecheck.ee\/wp-content\/uploads\/2014\/05\/Miks-valida-meid.jpg","type":"image\/jpeg"}],"twitter_misc":{"Est. reading time":"2 min\u016btes"},"schema":{"@context":"https:\/\/schema.org","@graph":[{"@type":"WebPage","@id":"https:\/\/servicecheck.ee\/lv\/par-mums\/kapec-izveleties-musu-kompaniju\/","url":"https:\/\/servicecheck.ee\/lv\/par-mums\/kapec-izveleties-musu-kompaniju\/","name":"K\u0101p\u0113c izv\u0113l\u0113ties m\u016bsu komp\u0101niju? - Service Check - Mystery Shopping","isPartOf":{"@id":"https:\/\/servicecheck.ee\/lv\/#website"},"primaryImageOfPage":{"@id":"https:\/\/servicecheck.ee\/lv\/par-mums\/kapec-izveleties-musu-kompaniju\/#primaryimage"},"image":{"@id":"https:\/\/servicecheck.ee\/lv\/par-mums\/kapec-izveleties-musu-kompaniju\/#primaryimage"},"thumbnailUrl":"https:\/\/servicecheck.dive-group.com\/wp-content\/uploads\/2014\/05\/Miks-valida-meid-300x300.jpg","datePublished":"2014-08-13T08:09:35+00:00","dateModified":"2025-03-19T09:19:01+00:00","description":"Kop\u0161 uz\u0146\u0113muma dibin\u0101\u0161anas, mums ir izdevies pal\u012bdz\u0113t vair\u0101kiem lieliem un iev\u0113rojamiem uz\u0146\u0113mumiem nov\u0113rt\u0113t, att\u012bst\u012bt un uzlabot darbinieku sniegto klientu","breadcrumb":{"@id":"https:\/\/servicecheck.ee\/lv\/par-mums\/kapec-izveleties-musu-kompaniju\/#breadcrumb"},"inLanguage":"lv-LV","potentialAction":[{"@type":"ReadAction","target":["https:\/\/servicecheck.ee\/lv\/par-mums\/kapec-izveleties-musu-kompaniju\/"]}]},{"@type":"ImageObject","inLanguage":"lv-LV","@id":"https:\/\/servicecheck.ee\/lv\/par-mums\/kapec-izveleties-musu-kompaniju\/#primaryimage","url":"https:\/\/servicecheck.dive-group.com\/wp-content\/uploads\/2014\/05\/Miks-valida-meid-300x300.jpg","contentUrl":"https:\/\/servicecheck.dive-group.com\/wp-content\/uploads\/2014\/05\/Miks-valida-meid-300x300.jpg"},{"@type":"BreadcrumbList","@id":"https:\/\/servicecheck.ee\/lv\/par-mums\/kapec-izveleties-musu-kompaniju\/#breadcrumb","itemListElement":[{"@type":"ListItem","position":1,"name":"Home","item":"https:\/\/servicecheck.ee\/lv\/"},{"@type":"ListItem","position":2,"name":"Par mums","item":"https:\/\/servicecheck.ee\/lv\/par-mums\/"},{"@type":"ListItem","position":3,"name":"K\u0101p\u0113c izv\u0113l\u0113ties m\u016bsu komp\u0101niju?"}]},{"@type":"WebSite","@id":"https:\/\/servicecheck.ee\/lv\/#website","url":"https:\/\/servicecheck.ee\/lv\/","name":"Service Check","description":"Part of Dive","potentialAction":[{"@type":"SearchAction","target":{"@type":"EntryPoint","urlTemplate":"https:\/\/servicecheck.ee\/lv\/?s={search_term_string}"},"query-input":{"@type":"PropertyValueSpecification","valueRequired":true,"valueName":"search_term_string"}}],"inLanguage":"lv-LV"}]}},"_links":{"self":[{"href":"https:\/\/servicecheck.ee\/lv\/wp-json\/wp\/v2\/pages\/706","targetHints":{"allow":["GET"]}}],"collection":[{"href":"https:\/\/servicecheck.ee\/lv\/wp-json\/wp\/v2\/pages"}],"about":[{"href":"https:\/\/servicecheck.ee\/lv\/wp-json\/wp\/v2\/types\/page"}],"author":[{"embeddable":true,"href":"https:\/\/servicecheck.ee\/lv\/wp-json\/wp\/v2\/users\/1"}],"replies":[{"embeddable":true,"href":"https:\/\/servicecheck.ee\/lv\/wp-json\/wp\/v2\/comments?post=706"}],"version-history":[{"count":3,"href":"https:\/\/servicecheck.ee\/lv\/wp-json\/wp\/v2\/pages\/706\/revisions"}],"predecessor-version":[{"id":2607,"href":"https:\/\/servicecheck.ee\/lv\/wp-json\/wp\/v2\/pages\/706\/revisions\/2607"}],"up":[{"embeddable":true,"href":"https:\/\/servicecheck.ee\/lv\/wp-json\/wp\/v2\/pages\/475"}],"wp:attachment":[{"href":"https:\/\/servicecheck.ee\/lv\/wp-json\/wp\/v2\/media?parent=706"}],"curies":[{"name":"wp","href":"https:\/\/api.w.org\/{rel}","templated":true}]}}